{"id":142,"date":"2023-04-11T18:22:07","date_gmt":"2023-04-11T16:22:07","guid":{"rendered":"https:\/\/ambguatemala.esteri.it\/visti\/"},"modified":"2025-08-08T17:38:02","modified_gmt":"2025-08-08T15:38:02","slug":"visti","status":"publish","type":"page","link":"https:\/\/ambguatemala.esteri.it\/es\/servizi-consolari-e-visti\/servizi-per-il-cittadino-straniero\/visti\/","title":{"rendered":"Visas"},"content":{"rendered":"<p>En la parte lateral se encuentran p\u00e1ginas espec\u00edficas sobre las\u00a0<strong>VISAS m\u00e1s solicitadas<\/strong>.<\/p>\n<p>Para m\u00e1s informaci\u00f3n con respecto a\u00a0<strong>todas las tipolog\u00edas de VISAS<\/strong>\u00a0(Nacionales y Schengen) previstas, se recomienda visitar la siguiente p\u00e1gina web:\u00a0<a href=\"https:\/\/vistoperitalia.esteri.it\/\"><strong>https:\/\/vistoperitalia.esteri.it\/<\/strong><\/a><\/p>\n<p>Hay que considerar que una persona de nacionalidad guatemalteca u hondure\u00f1a que viaja por turismo a Italia hasta\u00a090 d\u00edas\u00a0<strong>NO NECESITA VISA<\/strong>.<\/p>\n<p style=\"text-align: center;\"><strong>REQUISITOS DE VISAS<\/strong><\/p>\n<p><strong>Tipo de VISA<\/strong>: \u201cC\u201d VISA de corta duraci\u00f3n (hasta 90 d\u00edas) o \u201cD\u201d VISA de larga duraci\u00f3n (mayor de 90 d\u00edas hasta 365 d\u00edas).<\/p>\n<p>Normalmente las VISAS se pueden solicitar con\u00a0<u>tres meses de antelaci\u00f3n a la fecha de viaje<\/u>\u00a0(<u>o seis, dependiendo del tipo de VISA<\/u>) y hasta 15 d\u00edas h\u00e1biles antes de la fecha del mismo viaje, pero recomendamos al menos 30 d\u00edas de antelaci\u00f3n.<\/p>\n<p><strong>Ejemplo<\/strong>: si viaja el 2 de junio puede solicitar la VISA a partir del 2 de marzo y hasta el 19 de mayo.<\/p>\n<p style=\"text-align: center;\"><strong>ENTREGA DE DOCUMENTOS Y PAGO<\/strong><\/p>\n<p>Las solicitudes ser\u00e1n recibidas con<strong>\u00a0cita previa\u00a0<\/strong>solicitada al correo<strong>\u00a0<\/strong><a href=\"mailto:consolato.guatemala@esteri.it\"><strong>consolato.guatemala@esteri.it<\/strong><\/a>\u00a0(favor indicar en el objeto del correo la palabra \u201cVISA\u201d junto con otros detalles del caso).<\/p>\n<p>El solicitante, antes de presentarse a su cita, DEBE LLENAR el formulario (<a href=\"https:\/\/ambguatemala.esteri.it\/wp-content\/uploads\/2025\/05\/Formulario-D-Solicitud-de-Visado-Nacional-ejemplo-esp.pdf\"><strong>vea ejemplo<\/strong><\/a>) y DEBE ORGANIZAR los documentos seg\u00fan el orden indicado en los respectivos requisitos en la p\u00e1gina web, ya que deber\u00e1 entregar la documentaci\u00f3n requerida completa y ordenada.\u00a0<strong>Puede descargar el formulario visitando \u00e9sta\u00a0<\/strong><a href=\"https:\/\/ambguatemala.esteri.it\/it\/servizi-consolari-e-visti\/servizi-per-il-cittadino-straniero\/visti-2\/moduli-visti\/\"><strong>p\u00e1gina<\/strong><\/a>.<\/p>\n<p>El pago de la VISA se tendr\u00e1 que realizar\u00a0<strong>EXCLUSIVAMENTE<\/strong>\u00a0por medio de transferencia o dep\u00f3sito al Banco Industrial.\u00a0<strong>No podemos aceptar pagos en efectivo<\/strong>. El d\u00eda de la cita en la ventanilla se le indicar\u00e1 al usuario como proceder materialmente a realizar el pago.<\/p>\n<p style=\"text-align: center;\"><strong>CONCESI\u00d3N O RECHAZO DE LA VISA<\/strong><\/p>\n<p>Se recuerda que la emisi\u00f3n de la VISA es una concesi\u00f3n y no es un derecho, por lo tanto, la solicitud de VISA aceptada, podr\u00e1 ser aprobada con la emisi\u00f3n de la VISA o denegada, con el rechazo de la VISA. En este \u00faltimo caso se emitir\u00e1 un documento denominado \u201c<em>Provvedimento di Diniego<\/em>\u201d.<\/p>\n<p>La Embajada podr\u00eda, en una fase intermedia, solicitar documentaci\u00f3n adicional.<\/p>\n<p style=\"text-align: center;\"><strong>INGRESO EN ITALIA<\/strong><\/p>\n<p>El hecho de ser titular de una\u00a0<strong>VISA<\/strong>\u00a0de tipo\u00a0<strong>C<\/strong>\u00a0o\u00a0<strong>D<\/strong>\u00a0no asegura autom\u00e1ticamente el derecho de ingreso en Italia o en el \u00e1rea Schengen. El titular de la\u00a0<strong>VISA<\/strong>\u00a0deber\u00e1 mostrar a la Polic\u00eda de Migraci\u00f3n y de Frontera el pasaporte con la respectiva\u00a0<strong>VISA<\/strong>\u00a0v\u00e1lida tipo\u00a0<strong>C<\/strong>\u00a0o\u00a0<strong>D<\/strong>, presentando copia de todos los documentos que entreg\u00f3 en la ventanilla en su solicitud de VISA.<\/p>\n<p>Los titulares de la\u00a0<strong>VISA D<\/strong>\u00a0deben, en los primeros 8 d\u00edas de la llegada a Italia, solicitar el Permiso de Estad\u00eda\u00a0<strong>(\u201c<em>Permesso di Soggiorno\u201d<\/em>)\u00a0<\/strong>a las autoridades italianas competentes\u00a0<strong>(\u201c<em>Questura\u201d<\/em>)<\/strong>\u00a0presentando copia de todos los documentos que entreg\u00f3 en la ventanilla en su solicitud de VISA.<\/p>\n<p><strong>NOTA:\u00a0<\/strong>Se avisa que no existe un proceso de renovaci\u00f3n de VISA y que el ciudadano extranjero interesado en permanecer en el territorio italiano, luego de haber obtenido una\u00a0<strong>VISA D<\/strong>, deber\u00e1 renovar su\u00a0<strong>\u201c<em>Permesso di Soggiorno\u201d<\/em><\/strong>\u00a0ante las autoridades italianas competentes.<\/p>\n<p>Dar clic\u00a0<a href=\"https:\/\/ambguatemala.esteri.it\/wp-content\/uploads\/2025\/05\/Informativa-Visti.pdf\"><strong>aqu\u00ed<\/strong><\/a>\u00a0para m\u00e1s informaci\u00f3n sobre el tratamiento de\u00a0<strong>datos personales<\/strong>.<\/p>\n","protected":false},"excerpt":{"rendered":"En la parte lateral se encuentran p\u00e1ginas espec\u00edficas sobre las\u00a0VISAS m\u00e1s solicitadas. Para m\u00e1s informaci\u00f3n con respecto a\u00a0todas las tipolog\u00edas de VISAS\u00a0(Nacionales y Schengen) previstas, se recomienda visitar la siguiente p\u00e1gina web:\u00a0https:\/\/vistoperitalia.esteri.it\/ Hay que considerar que una persona de nacionalidad guatemalteca u hondure\u00f1a que viaja por turismo a Italia hasta\u00a090 d\u00edas\u00a0NO NECESITA VISA. REQUISITOS DE [&hellip;]","protected":false},"author":1,"featured_media":0,"parent":186,"menu_order":0,"comment_status":"closed","ping_status":"closed","template":"","meta":{"footnotes":""},"class_list":["post-142","page","type-page","status-publish","hentry"],"_links":{"self":[{"href":"https:\/\/ambguatemala.esteri.it\/es\/wp-json\/wp\/v2\/pages\/142","targetHints":{"allow":["GET"]}}],"collection":[{"href":"https:\/\/ambguatemala.esteri.it\/es\/wp-json\/wp\/v2\/pages"}],"about":[{"href":"https:\/\/ambguatemala.esteri.it\/es\/wp-json\/wp\/v2\/types\/page"}],"author":[{"embeddable":true,"href":"https:\/\/ambguatemala.esteri.it\/es\/wp-json\/wp\/v2\/users\/1"}],"replies":[{"embeddable":true,"href":"https:\/\/ambguatemala.esteri.it\/es\/wp-json\/wp\/v2\/comments?post=142"}],"version-history":[{"count":3,"href":"https:\/\/ambguatemala.esteri.it\/es\/wp-json\/wp\/v2\/pages\/142\/revisions"}],"predecessor-version":[{"id":2584,"href":"https:\/\/ambguatemala.esteri.it\/es\/wp-json\/wp\/v2\/pages\/142\/revisions\/2584"}],"up":[{"embeddable":true,"href":"https:\/\/ambguatemala.esteri.it\/es\/wp-json\/wp\/v2\/pages\/186"}],"wp:attachment":[{"href":"https:\/\/ambguatemala.esteri.it\/es\/wp-json\/wp\/v2\/media?parent=142"}],"curies":[{"name":"wp","href":"https:\/\/api.w.org\/{rel}","templated":true}]}}