{"id":147,"date":"2023-04-11T17:07:36","date_gmt":"2023-04-11T15:07:36","guid":{"rendered":"https:\/\/ambguatemala.esteri.it\/chi-siamo\/"},"modified":"2023-10-26T19:58:51","modified_gmt":"2023-10-26T17:58:51","slug":"chi-siamo","status":"publish","type":"page","link":"https:\/\/ambguatemala.esteri.it\/es\/chi-siamo\/","title":{"rendered":"Quienes somos"},"content":{"rendered":"<p>En esta secci\u00f3n se encuentran los enlaces a las profundizaciones, actualizaciones y noticias de las relaciones bilaterales entre Italia y Guatemala en los diferentes \u00e1mbitos de cooperaci\u00f3n pol\u00edtica, econ\u00f3mica, cultural, cient\u00edfica y al desarrollo.<\/p>\n","protected":false},"excerpt":{"rendered":"En esta secci\u00f3n se encuentran los enlaces a las profundizaciones, actualizaciones y noticias de las relaciones bilaterales entre Italia y Guatemala en los diferentes \u00e1mbitos de cooperaci\u00f3n pol\u00edtica, econ\u00f3mica, cultural, cient\u00edfica y al desarrollo.","protected":false},"author":1,"featured_media":0,"parent":0,"menu_order":2,"comment_status":"closed","ping_status":"closed","template":"","meta":{"footnotes":""},"class_list":["post-147","page","type-page","status-publish","hentry"],"_links":{"self":[{"href":"https:\/\/ambguatemala.esteri.it\/es\/wp-json\/wp\/v2\/pages\/147","targetHints":{"allow":["GET"]}}],"collection":[{"href":"https:\/\/ambguatemala.esteri.it\/es\/wp-json\/wp\/v2\/pages"}],"about":[{"href":"https:\/\/ambguatemala.esteri.it\/es\/wp-json\/wp\/v2\/types\/page"}],"author":[{"embeddable":true,"href":"https:\/\/ambguatemala.esteri.it\/es\/wp-json\/wp\/v2\/users\/1"}],"replies":[{"embeddable":true,"href":"https:\/\/ambguatemala.esteri.it\/es\/wp-json\/wp\/v2\/comments?post=147"}],"version-history":[{"count":2,"href":"https:\/\/ambguatemala.esteri.it\/es\/wp-json\/wp\/v2\/pages\/147\/revisions"}],"predecessor-version":[{"id":360,"href":"https:\/\/ambguatemala.esteri.it\/es\/wp-json\/wp\/v2\/pages\/147\/revisions\/360"}],"wp:attachment":[{"href":"https:\/\/ambguatemala.esteri.it\/es\/wp-json\/wp\/v2\/media?parent=147"}],"curies":[{"name":"wp","href":"https:\/\/api.w.org\/{rel}","templated":true}]}}