{"id":155,"date":"2023-04-11T18:10:30","date_gmt":"2023-04-11T16:10:30","guid":{"rendered":"https:\/\/ambguatemala.esteri.it\/diplomazia-economica\/"},"modified":"2023-10-26T20:10:26","modified_gmt":"2023-10-26T18:10:26","slug":"diplomazia-economica","status":"publish","type":"page","link":"https:\/\/ambguatemala.esteri.it\/es\/italia-e-guatemala\/diplomazia-economica\/","title":{"rendered":"Diplomacia econ\u00f3mica"},"content":{"rendered":"<div>\n<div align=\"left\"><strong>Relaciones Comerciales<\/strong><\/p>\n<p>El saldo del intercambio comercial con Guatemala (*) en los primeros cinco meses del 2011 resulta, por\u00a0 primera vez, negativo para Italia (- 5 millones y 600 mil \u00a0euro).<br \/>\nLa mencionada ca\u00edda es debida en gran parte a la disminuci\u00f3n de las exportaciones italianas (-9.4%) y al aumento de las exportaciones guatemaltecas (+ 40.3%) respecto al mismo periodo del 2010.<br \/>\nEl total de las exportaciones italianas hacia Guatemala desde el principio del a\u00f1o hasta el mes de mayo 2011 asciende a 25 millones y 065 mil euro. Los principales productos italianos exportados son: m\u00e1quinas y material para el transporte; productos qu\u00edmicos y derivados; manufacturados varios.<br \/>\nEn el primer semestre 2011 Italia cubre el 0,51% de las importaciones guatemaltecas (el 9.8% del import de la zona euro), ocupando el 5\u00ba lugar en la clasificaci\u00f3n de los Pa\u00edses UE vendedores (**), despu\u00e9s de Alemania, B\u00e9lgica, Espa\u00f1a y Pa\u00edses Bajos.<br \/>\nEl total de las importaciones italianas desde Guatemala en el primer semestre del 2011 ascendi\u00f3 a 30 millones y 665 mil (aproximadamente el 18,9% del total de la zona euro) e Italia ocupa el 3\u00ba lugar entre los Pa\u00edses europeos, despu\u00e9s de Alemania y Pa\u00edses Bajos.<br \/>\nLos principales productos importados fueron, del sector agr\u00edcola: caf\u00e9, vegetales flores y plantas; del sector industrial: bebidas, productos alimenticios, tabaco, productos de madera y corcho, productos qu\u00edmicos y derivados, art\u00edculos de vestuario.<\/p>\n<p>Entre los dos Pa\u00edses existe un Acuerdo bilateral para la Promoci\u00f3n y la Protecci\u00f3n de las Inversiones (APPI), que est\u00e1 vigente desde el 3 de marzo del 2008.<\/p>\n<p>Las empresas italianas o subsidiarias de empresas italianas presentes en Guatemala son: \u201cGruppo Generali\u201d que con la controlada \u201cAseguradora General S.A\u201d, se encuentra \u00a0entre las 18 compa\u00f1\u00edas aseguradoras m\u00e1s importantes en Guatemala y \u201c ENEL Guatemala, S.A.\u201d que actualmente est\u00e1 presente con 4 centrales hidroel\u00e9ctricas y una quinta en fase de completamento.<\/p>\n<p>&#8212;&#8212;&#8212;&#8212;&#8212;&#8212;&#8212;&#8212;&#8212;&#8212;&#8212;&#8212;&#8212;&#8212;&#8212;&#8212;&#8212;&#8212;&#8212;&#8212;&#8212;&#8212;&#8212;&#8212;&#8212;&#8212;&#8212;-<br \/>\n(*) fuente: ISTAT (Instituto Nacional Italiano de Est\u00e1tica). Periodo enero-mayo<br \/>\n(**) fuente: Banco Central de Guatemala (BANGUAT)<\/p>\n<p>***************************************************<\/p>\n<\/div>\n<h2 align=\"center\">CAMCIG<br \/>\nCAMARA DE COMERCIO E INDUSTRIA ITALIANA EN GUATEMALA<\/h2>\n<p align=\"left\">En noviembre 2009 se ha oficialmente creado, con la normativa guatemalteca &#8211; la Camara de Comercio e Industria italo-guatemalteca, que todavia ser aprovada por las competentes Autoridades italianas.Al momento cuenta con unos treinta socios y, para mayores informaciones, se recomienda contactar el Lic. Gabriele Musto, Secretario General de la misma, a las siguentes direcciones:Telefono: 00 502-23673869 00 502 23633529\u00a0 Sitio web: <a href=\"https:\/\/www.camcig.org\">https:\/\/www.camcig.org<\/a> Correo electronico: <a href=\"mailto:secretariocamcig@gmail.com\">secretariocamcig@gmail.com<\/a> \/ <a href=\"mailto:secretariogeneral@camcig.org\">secretariogeneral@camcig.org<\/a><\/p>\n<\/div>\n<hr \/>\n<div class=\"row\"><\/div>\n","protected":false},"excerpt":{"rendered":"Relaciones Comerciales El saldo del intercambio comercial con Guatemala (*) en los primeros cinco meses del 2011 resulta, por\u00a0 primera vez, negativo para Italia (- 5 millones y 600 mil \u00a0euro). La mencionada ca\u00edda es debida en gran parte a la disminuci\u00f3n de las exportaciones italianas (-9.4%) y al aumento de las exportaciones guatemaltecas (+ [&hellip;]","protected":false},"author":1,"featured_media":0,"parent":171,"menu_order":0,"comment_status":"closed","ping_status":"closed","template":"","meta":{"footnotes":""},"class_list":["post-155","page","type-page","status-publish","hentry"],"_links":{"self":[{"href":"https:\/\/ambguatemala.esteri.it\/es\/wp-json\/wp\/v2\/pages\/155","targetHints":{"allow":["GET"]}}],"collection":[{"href":"https:\/\/ambguatemala.esteri.it\/es\/wp-json\/wp\/v2\/pages"}],"about":[{"href":"https:\/\/ambguatemala.esteri.it\/es\/wp-json\/wp\/v2\/types\/page"}],"author":[{"embeddable":true,"href":"https:\/\/ambguatemala.esteri.it\/es\/wp-json\/wp\/v2\/users\/1"}],"replies":[{"embeddable":true,"href":"https:\/\/ambguatemala.esteri.it\/es\/wp-json\/wp\/v2\/comments?post=155"}],"version-history":[{"count":2,"href":"https:\/\/ambguatemala.esteri.it\/es\/wp-json\/wp\/v2\/pages\/155\/revisions"}],"predecessor-version":[{"id":363,"href":"https:\/\/ambguatemala.esteri.it\/es\/wp-json\/wp\/v2\/pages\/155\/revisions\/363"}],"up":[{"embeddable":true,"href":"https:\/\/ambguatemala.esteri.it\/es\/wp-json\/wp\/v2\/pages\/171"}],"wp:attachment":[{"href":"https:\/\/ambguatemala.esteri.it\/es\/wp-json\/wp\/v2\/media?parent=155"}],"curies":[{"name":"wp","href":"https:\/\/api.w.org\/{rel}","templated":true}]}}