{"id":158,"date":"2023-04-11T18:10:45","date_gmt":"2023-04-11T16:10:45","guid":{"rendered":"https:\/\/ambguatemala.esteri.it\/diplomazia-culturale\/"},"modified":"2023-10-26T20:11:14","modified_gmt":"2023-10-26T18:11:14","slug":"diplomazia-culturale","status":"publish","type":"page","link":"https:\/\/ambguatemala.esteri.it\/es\/italia-e-guatemala\/diplomazia-culturale\/","title":{"rendered":"Diplomacia cultural"},"content":{"rendered":"<p>El Instituto Italiano de Cultura en Guatemala\u00a0es el\u00a0punto ideal de encuentro y de di\u00e1logo para intelectuales, artistas y otros operadores culturales, pero tambi\u00e9n para los ciudadanos, tanto italianos como extranjeros, que deseen instaurar o mantener una relaci\u00f3n con nuestro Pa\u00eds.<br \/>\nNo s\u00f3lo como vitrina de Italia y fuente de informaci\u00f3n actualizada sobre el\u00a0\u00a0\u201cSistema Pa\u00eds\u201d, sino tambi\u00e9n como centro propulsor de iniciativas y actividades de cooperaci\u00f3n cultural, el Instituto Italiano de Cultura se convierte en un punto de referencia esencial para las colectividades italianas en el extranjero y para la creciente demanda de cultura italiana que se registra en todo el mundo.<br \/>\nComo apoyo a las actividades desarrolladas por la Embajada de Italia en Guatemala, el Instituto\u00a0Italiano de Cultura identifica los instrumentos m\u00e1s id\u00f3neos para promover la imagen de Italia como centro de producci\u00f3n, conservaci\u00f3n y difusi\u00f3n cultural desde la \u00e9poca cl\u00e1sica hasta nuestros d\u00edas.<br \/>\nEl\u00a0Instituto Italiano de Cultura, adem\u00e1s de la organizaci\u00f3n de eventos culturales in diferentes sectores (arte, m\u00fasica, cine, teatro, danza, moda, design, fotograf\u00eda),realiza tambi\u00e9n las siguientes actividades:<\/p>\n<ul>\n<li>ofrece la oportunidad de conocer la lengua y la cultura italiana, a trav\u00e9s de la organizaci\u00f3n de cursos, administraci\u00f3n de bibliotecas y oferta de material did\u00e1ctico y editorial;<\/li>\n<li>crea los contactos y las premisas para agilizar la integraci\u00f3n de operadores italianos en los procesos de intercambio y de producci\u00f3n cultural a nivel internacional;<\/li>\n<li>provee informaci\u00f3n y apoyo log\u00edstico a operadores culturales p\u00fablicos y privados, tanto italianos como extranjeros;<\/li>\n<li>respalda iniciativas que favorecen el di\u00e1logo intercultural fundado en los principios de democracia y soli daridad internacional.<\/li>\n<\/ul>\n<p>El Instituto Italiano de Cultura de Ciudad de Guatemala, organismo oficial del Estado italiano, tiene la finalidad de promover y difundir el idioma y la cultura italiana en Guatemala, a trav\u00e9s de eventos culturales.<br \/>\nEl Instituto Italiano de Cultura de Ciudad de Guatemala ofrece al p\u00fablico guatemalteco los siguientes servicios:<br \/>\n&#8211; cursos de idioma y civilizaci\u00f3n italiana impartidos por docentes calificados de idioma natal;<br \/>\n&#8211; una sesi\u00f3n anual de examenes para obtener la certificaci\u00f3n CELI (conocimiento del idioma\u00a0italiano come lengua extranjera de la Universidad para Extranjeros de Perugia);<br \/>\n&#8211; una Biblioteca en italiano a disposici\u00f3n de los alumnos y de los inscritos en la asociaci\u00f3n \u00abAmigos del Instituto\u00bb para la consulta y pr\u00e9stamo de los libros;<br \/>\n&#8211; servicio de informaci\u00f3n y documentaci\u00f3n sobre Italia en el sector cultural;<br \/>\n&#8211; asistencia en la b\u00fasqueda de instituciones, universidades y escuelas para desarrollar proyectos de estudios en Italia;<br \/>\n&#8211; tr\u00e1mites para las\u00a0inscripciones de ciudadanos guatemaltecos en las Universidades italianas.<\/p>\n<p>Para todas las informaciones relativas al ambito cultural italiano y para conocer las actividades que realizza el Istituto Italiano de Cultura, se puede consultar el sitio web del mismo Istituto: www.iicguatemala.esteri.it.<\/p>\n<p>Cabe destacar tambien la encomendable accion de la Sociedad Dante Alighieri &#8211; Comite&#8217; de Guatemala, que en el 2010 cumplira&#8217; 50 a\u00f1os de presencia en el Pais, y cuyas coordinadas son las siguientes:<br \/>\n3 Avenida 9-08, zona 10 &#8211; Ciudad de Guatemala<br \/>\nTel. (00502) 23616709<br \/>\ne-mail: danteguat@gmail.com<br \/>\nSitio web: www.dantealighieri.info<\/p>\n","protected":false},"excerpt":{"rendered":"El Instituto Italiano de Cultura en Guatemala\u00a0es el\u00a0punto ideal de encuentro y de di\u00e1logo para intelectuales, artistas y otros operadores culturales, pero tambi\u00e9n para los ciudadanos, tanto italianos como extranjeros, que deseen instaurar o mantener una relaci\u00f3n con nuestro Pa\u00eds. No s\u00f3lo como vitrina de Italia y fuente de informaci\u00f3n actualizada sobre el\u00a0\u00a0\u201cSistema Pa\u00eds\u201d, sino [&hellip;]","protected":false},"author":1,"featured_media":0,"parent":171,"menu_order":2,"comment_status":"closed","ping_status":"closed","template":"","meta":{"footnotes":""},"class_list":["post-158","page","type-page","status-publish","hentry"],"_links":{"self":[{"href":"https:\/\/ambguatemala.esteri.it\/es\/wp-json\/wp\/v2\/pages\/158","targetHints":{"allow":["GET"]}}],"collection":[{"href":"https:\/\/ambguatemala.esteri.it\/es\/wp-json\/wp\/v2\/pages"}],"about":[{"href":"https:\/\/ambguatemala.esteri.it\/es\/wp-json\/wp\/v2\/types\/page"}],"author":[{"embeddable":true,"href":"https:\/\/ambguatemala.esteri.it\/es\/wp-json\/wp\/v2\/users\/1"}],"replies":[{"embeddable":true,"href":"https:\/\/ambguatemala.esteri.it\/es\/wp-json\/wp\/v2\/comments?post=158"}],"version-history":[{"count":2,"href":"https:\/\/ambguatemala.esteri.it\/es\/wp-json\/wp\/v2\/pages\/158\/revisions"}],"predecessor-version":[{"id":364,"href":"https:\/\/ambguatemala.esteri.it\/es\/wp-json\/wp\/v2\/pages\/158\/revisions\/364"}],"up":[{"embeddable":true,"href":"https:\/\/ambguatemala.esteri.it\/es\/wp-json\/wp\/v2\/pages\/171"}],"wp:attachment":[{"href":"https:\/\/ambguatemala.esteri.it\/es\/wp-json\/wp\/v2\/media?parent=158"}],"curies":[{"name":"wp","href":"https:\/\/api.w.org\/{rel}","templated":true}]}}