{"id":163,"date":"2023-04-11T18:10:55","date_gmt":"2023-04-11T16:10:55","guid":{"rendered":"https:\/\/ambguatemala.esteri.it\/diplomazia-scientifica\/"},"modified":"2023-10-26T20:11:57","modified_gmt":"2023-10-26T18:11:57","slug":"diplomazia-scientifica","status":"publish","type":"page","link":"https:\/\/ambguatemala.esteri.it\/es\/italia-e-guatemala\/diplomazia-scientifica\/","title":{"rendered":"Diplomacia cient\u00edfica"},"content":{"rendered":"<p>Link correlato (nella terza lingua) <a href=\"http:\/\/\/\">www.esteri.it<\/a><\/p>\n<p>Por lo que se refiere a la cooperaci\u00f3n cient\u00edfica de Italia con los otros Pa\u00edses, se puede consultar el sitio web del Ministerio de Relaciones Exteriores <a href=\"http:\/\/\/\">www.esteri.it <\/a>a la secci\u00f3n \u201cLa Politica estera, Politica culturale, Cooperazione Scientifica Tecnol\u00f3gica\u201d.<\/p>\n","protected":false},"excerpt":{"rendered":"Link correlato (nella terza lingua) www.esteri.it Por lo que se refiere a la cooperaci\u00f3n cient\u00edfica de Italia con los otros Pa\u00edses, se puede consultar el sitio web del Ministerio de Relaciones Exteriores www.esteri.it a la secci\u00f3n \u201cLa Politica estera, Politica culturale, Cooperazione Scientifica Tecnol\u00f3gica\u201d.","protected":false},"author":1,"featured_media":0,"parent":171,"menu_order":4,"comment_status":"closed","ping_status":"closed","template":"","meta":{"footnotes":""},"class_list":["post-163","page","type-page","status-publish","hentry"],"_links":{"self":[{"href":"https:\/\/ambguatemala.esteri.it\/es\/wp-json\/wp\/v2\/pages\/163","targetHints":{"allow":["GET"]}}],"collection":[{"href":"https:\/\/ambguatemala.esteri.it\/es\/wp-json\/wp\/v2\/pages"}],"about":[{"href":"https:\/\/ambguatemala.esteri.it\/es\/wp-json\/wp\/v2\/types\/page"}],"author":[{"embeddable":true,"href":"https:\/\/ambguatemala.esteri.it\/es\/wp-json\/wp\/v2\/users\/1"}],"replies":[{"embeddable":true,"href":"https:\/\/ambguatemala.esteri.it\/es\/wp-json\/wp\/v2\/comments?post=163"}],"version-history":[{"count":3,"href":"https:\/\/ambguatemala.esteri.it\/es\/wp-json\/wp\/v2\/pages\/163\/revisions"}],"predecessor-version":[{"id":365,"href":"https:\/\/ambguatemala.esteri.it\/es\/wp-json\/wp\/v2\/pages\/163\/revisions\/365"}],"up":[{"embeddable":true,"href":"https:\/\/ambguatemala.esteri.it\/es\/wp-json\/wp\/v2\/pages\/171"}],"wp:attachment":[{"href":"https:\/\/ambguatemala.esteri.it\/es\/wp-json\/wp\/v2\/media?parent=163"}],"curies":[{"name":"wp","href":"https:\/\/api.w.org\/{rel}","templated":true}]}}