{"id":164,"date":"2023-04-11T18:11:52","date_gmt":"2023-04-11T16:11:52","guid":{"rendered":"https:\/\/ambguatemala.esteri.it\/cooperazione-allo-sviluppo\/"},"modified":"2023-10-26T20:12:42","modified_gmt":"2023-10-26T18:12:42","slug":"cooperazione-allo-sviluppo","status":"publish","type":"page","link":"https:\/\/ambguatemala.esteri.it\/es\/italia-e-guatemala\/cooperazione-allo-sviluppo\/","title":{"rendered":"Cooperaci\u00f3n para el desarrollo"},"content":{"rendered":"<p class=\"boxLevel03\"><a href=\"http:\/\/\/\">www.cooperaitalia.org<\/a><\/p>\n<p>La cooperaci\u00f3n para el desarrollo es \u201cparte fundamental de la pol\u00edtica exterior del gobierno italiano\u201d y \u201cest\u00e1 dirigida a satisfacer las necesidades b\u00e1sicas, como la defensa de la vida humana, la seguridad alimentaria, la valorizaci\u00f3n de los recursos humanos, la conservaci\u00f3n del patrimonio ambiental, la realizaci\u00f3n y consolidaci\u00f3n del los procesos de desarrollo end\u00f3geno y el crecimiento econ\u00f3mico, social y cultural de los Pa\u00edses en V\u00edas de Desarrollo\u201d.<br \/>\nAsimismo, la cooperaci\u00f3n est\u00e1 dirigida \u201ca la mejor\u00eda de la condici\u00f3n de las mujeres y de la ni\u00f1ez y al apoyo y promoci\u00f3n de la mujer\u201d (Ley 49\/1987).<\/p>\n<p>Los objetivos prioritarios de la Cooperaci\u00f3n Italiana son:<br \/>\n1) El mantenimiento de la paz y el respeto de los derechos humanos<br \/>\n2) El desarrollo econ\u00f3mico-social sostenible<br \/>\n3) La lucha contra la pobreza<br \/>\n4) La eliminaci\u00f3n de la exclusi\u00f3n social y de la discriminaci\u00f3n de g\u00e9nero<br \/>\n5) Gobernabilidad (Apoyo a los procesos de democratizaci\u00f3n, respeto del Estado de Derecho, transparencia y lucha contra la corrupci\u00f3n).<\/p>\n<p>El trabajo de la Oficina Regional de la Cooperaci\u00f3n Italiana para Centroam\u00e9rica y El Caribe se caracteriza por un enfoque bi-regional, en coordinaci\u00f3n con la sede y con las Embajadas y en colaboraci\u00f3n y sinergia con otras acciones italianas, europeas e internacionales.<\/p>\n<p>La Cooperaci\u00f3n italiana en la Regi\u00f3n Centroamericana y el Caribe, se basa en las siguientes tres \u00e1reas tem\u00e1ticas principales:<\/p>\n<p>1)Seguridad alimentaria<br \/>\n2)Desarrollo territorial<br \/>\n3)Derechos\u00a0\u00a0(ni\u00f1ez, juventud, genero, interculturalidad).<\/p>\n<p>Para conocer las actividades, estrategias y proyectos financiados por el Gobierno de Italia en Centroamerica y el Caribe, se puede consultar el sitio web de la Oficina de la Cooperaci\u00f3n italiana en Ciudad de Guatemala <u><a href=\"http:\/\/www.cooperaitalia.org\/\">www.cooperaitalia.org<br \/>\n<\/a><br \/>\n<\/u>Se hace notar que, a partir del 1 de julio reci\u00e9n pasado, Italia asumi\u00f3, para el II semestre del 2010, la Presidencia del Grupo de Donadores (G-13) en Guatemala. Favor consultar la p\u00e1gina web del G-13 para eventuales informaciones adicionales <a href=\"http:\/\/www.g13.org.gt\/\">www.g13.org.gt\/<\/a>\u00a0 y la p\u00e1gina del DAD para consultar el Banco de Datos de Donadores en Guatemala\u00a0<a href=\"http:\/\/dad.segeplan.gob.gt\/dad\/\">dad.segeplan.gob.gt\/dad<\/a> .<\/p>\n","protected":false},"excerpt":{"rendered":"www.cooperaitalia.org La cooperaci\u00f3n para el desarrollo es \u201cparte fundamental de la pol\u00edtica exterior del gobierno italiano\u201d y \u201cest\u00e1 dirigida a satisfacer las necesidades b\u00e1sicas, como la defensa de la vida humana, la seguridad alimentaria, la valorizaci\u00f3n de los recursos humanos, la conservaci\u00f3n del patrimonio ambiental, la realizaci\u00f3n y consolidaci\u00f3n del los procesos de desarrollo end\u00f3geno [&hellip;]","protected":false},"author":1,"featured_media":0,"parent":171,"menu_order":6,"comment_status":"closed","ping_status":"closed","template":"","meta":{"footnotes":""},"class_list":["post-164","page","type-page","status-publish","hentry"],"_links":{"self":[{"href":"https:\/\/ambguatemala.esteri.it\/es\/wp-json\/wp\/v2\/pages\/164","targetHints":{"allow":["GET"]}}],"collection":[{"href":"https:\/\/ambguatemala.esteri.it\/es\/wp-json\/wp\/v2\/pages"}],"about":[{"href":"https:\/\/ambguatemala.esteri.it\/es\/wp-json\/wp\/v2\/types\/page"}],"author":[{"embeddable":true,"href":"https:\/\/ambguatemala.esteri.it\/es\/wp-json\/wp\/v2\/users\/1"}],"replies":[{"embeddable":true,"href":"https:\/\/ambguatemala.esteri.it\/es\/wp-json\/wp\/v2\/comments?post=164"}],"version-history":[{"count":4,"href":"https:\/\/ambguatemala.esteri.it\/es\/wp-json\/wp\/v2\/pages\/164\/revisions"}],"predecessor-version":[{"id":367,"href":"https:\/\/ambguatemala.esteri.it\/es\/wp-json\/wp\/v2\/pages\/164\/revisions\/367"}],"up":[{"embeddable":true,"href":"https:\/\/ambguatemala.esteri.it\/es\/wp-json\/wp\/v2\/pages\/171"}],"wp:attachment":[{"href":"https:\/\/ambguatemala.esteri.it\/es\/wp-json\/wp\/v2\/media?parent=164"}],"curies":[{"name":"wp","href":"https:\/\/api.w.org\/{rel}","templated":true}]}}