{"id":165,"date":"2023-04-11T17:08:57","date_gmt":"2023-04-11T15:08:57","guid":{"rendered":"https:\/\/ambguatemala.esteri.it\/servizi-consolari-e-visti\/"},"modified":"2025-08-22T20:08:03","modified_gmt":"2025-08-22T18:08:03","slug":"servizi-consolari-e-visti","status":"publish","type":"page","link":"https:\/\/ambguatemala.esteri.it\/es\/servizi-consolari-e-visti\/","title":{"rendered":"Servicios Consulares y Visas"},"content":{"rendered":"<p><strong>Los invitamos a consultar con atenci\u00f3n las diversas secciones del sitio web, antes de enviar correos electr\u00f3nicos con solicitudes de informaci\u00f3n.<\/strong><br \/>\n<strong>Esta embajada no podr\u00e1 responder a los correos que solicitan informaciones ya disponibles en nuestro sitio.<\/strong><\/p>\n<p><strong>Para solicitudes de visas y pasaportes escribir a <a href=\"mailto:consolato.guatemala@esteri.it\">consolato.guatemala@esteri.it<\/a> adjuntando los formularios y los documentos requeridos.<\/strong><\/p>\n<p><strong>Los ciudadanos residentes en Honduras pueden contactar el Consulado Honorario en San Pedro Sula al tel\u00e9fono <span style=\"text-decoration: underline;\">+504 2556-4266\/63<\/span> \u00f3 al siguiente correo electr\u00f3nico:<\/strong><\/p>\n<p><strong><a href=\"mailto:sanpedrosula.onorario@esteri.it\">sanpedrosula.onorario@esteri.it<\/a><\/strong><\/p>\n","protected":false},"excerpt":{"rendered":"Los invitamos a consultar con atenci\u00f3n las diversas secciones del sitio web, antes de enviar correos electr\u00f3nicos con solicitudes de informaci\u00f3n. Esta embajada no podr\u00e1 responder a los correos que solicitan informaciones ya disponibles en nuestro sitio. Para solicitudes de visas y pasaportes escribir a consolato.guatemala@esteri.it adjuntando los formularios y los documentos requeridos. Los ciudadanos [&hellip;]","protected":false},"author":1,"featured_media":0,"parent":0,"menu_order":6,"comment_status":"closed","ping_status":"closed","template":"","meta":{"footnotes":""},"class_list":["post-165","page","type-page","status-publish","hentry"],"_links":{"self":[{"href":"https:\/\/ambguatemala.esteri.it\/es\/wp-json\/wp\/v2\/pages\/165","targetHints":{"allow":["GET"]}}],"collection":[{"href":"https:\/\/ambguatemala.esteri.it\/es\/wp-json\/wp\/v2\/pages"}],"about":[{"href":"https:\/\/ambguatemala.esteri.it\/es\/wp-json\/wp\/v2\/types\/page"}],"author":[{"embeddable":true,"href":"https:\/\/ambguatemala.esteri.it\/es\/wp-json\/wp\/v2\/users\/1"}],"replies":[{"embeddable":true,"href":"https:\/\/ambguatemala.esteri.it\/es\/wp-json\/wp\/v2\/comments?post=165"}],"version-history":[{"count":6,"href":"https:\/\/ambguatemala.esteri.it\/es\/wp-json\/wp\/v2\/pages\/165\/revisions"}],"predecessor-version":[{"id":2640,"href":"https:\/\/ambguatemala.esteri.it\/es\/wp-json\/wp\/v2\/pages\/165\/revisions\/2640"}],"wp:attachment":[{"href":"https:\/\/ambguatemala.esteri.it\/es\/wp-json\/wp\/v2\/media?parent=165"}],"curies":[{"name":"wp","href":"https:\/\/api.w.org\/{rel}","templated":true}]}}