{"id":167,"date":"2023-04-11T17:55:33","date_gmt":"2023-04-11T15:55:33","guid":{"rendered":"https:\/\/ambguatemala.esteri.it\/chi-siamo\/la-sede\/"},"modified":"2023-09-01T16:33:16","modified_gmt":"2023-09-01T14:33:16","slug":"la-sede","status":"publish","type":"page","link":"https:\/\/ambguatemala.esteri.it\/es\/chi-siamo\/la-sede\/","title":{"rendered":"Sede"},"content":{"rendered":"<h2 style=\"text-align: center;\">La sede<\/h2>\n<p style=\"text-align: center;\">\nLa Embajada de Italia en Guatemala est\u00e1 formada por una Cancilleria en la cual se encuentra tambi\u00e9n la Oficina Comercial y la Oficina Consular.<\/p>\n<p style=\"text-align: center;\">\nLa estructura de la Embajada est\u00e1 constituida por un edificio de cinco pisos y est\u00e1 ubicada en la 12 calle de la zona 14 de la capital, donde se encuentran la mayoria de las Representaciones y residencias del Cuerpo Dilom\u00e1tico.<\/p>\n<p style=\"text-align: center;\">\nEl Instituto Italiano de Cultura est\u00e1 ubicado en un chalet en la zona 10 y comprende las oficinas administrativos, las aulas para los cursos de italiano y un sal\u00f3n de conferencias.<\/p>\n","protected":false},"excerpt":{"rendered":"La sede La Embajada de Italia en Guatemala est\u00e1 formada por una Cancilleria en la cual se encuentra tambi\u00e9n la Oficina Comercial y la Oficina Consular. La estructura de la Embajada est\u00e1 constituida por un edificio de cinco pisos y est\u00e1 ubicada en la 12 calle de la zona 14 de la capital, donde se [&hellip;]","protected":false},"author":1,"featured_media":0,"parent":147,"menu_order":2,"comment_status":"closed","ping_status":"closed","template":"","meta":{"footnotes":""},"class_list":["post-167","page","type-page","status-publish","hentry"],"_links":{"self":[{"href":"https:\/\/ambguatemala.esteri.it\/es\/wp-json\/wp\/v2\/pages\/167","targetHints":{"allow":["GET"]}}],"collection":[{"href":"https:\/\/ambguatemala.esteri.it\/es\/wp-json\/wp\/v2\/pages"}],"about":[{"href":"https:\/\/ambguatemala.esteri.it\/es\/wp-json\/wp\/v2\/types\/page"}],"author":[{"embeddable":true,"href":"https:\/\/ambguatemala.esteri.it\/es\/wp-json\/wp\/v2\/users\/1"}],"replies":[{"embeddable":true,"href":"https:\/\/ambguatemala.esteri.it\/es\/wp-json\/wp\/v2\/comments?post=167"}],"version-history":[{"count":3,"href":"https:\/\/ambguatemala.esteri.it\/es\/wp-json\/wp\/v2\/pages\/167\/revisions"}],"predecessor-version":[{"id":271,"href":"https:\/\/ambguatemala.esteri.it\/es\/wp-json\/wp\/v2\/pages\/167\/revisions\/271"}],"up":[{"embeddable":true,"href":"https:\/\/ambguatemala.esteri.it\/es\/wp-json\/wp\/v2\/pages\/147"}],"wp:attachment":[{"href":"https:\/\/ambguatemala.esteri.it\/es\/wp-json\/wp\/v2\/media?parent=167"}],"curies":[{"name":"wp","href":"https:\/\/api.w.org\/{rel}","templated":true}]}}