{"id":170,"date":"2023-04-11T18:08:31","date_gmt":"2023-04-11T16:08:31","guid":{"rendered":"https:\/\/ambguatemala.esteri.it\/chi-siamo\/la-rete-consolare\/"},"modified":"2026-03-31T22:20:26","modified_gmt":"2026-03-31T20:20:26","slug":"la-rete-consolare","status":"publish","type":"page","link":"https:\/\/ambguatemala.esteri.it\/es\/chi-siamo\/la-rete-consolare\/","title":{"rendered":"La Red Consular"},"content":{"rendered":"<h3 style=\"text-align: center;\"><strong>La Canciller\u00eda Consular de la Embajada de Italia en Guatemala comunica que, debido al cierre del Consulado General Honorario en Tegucigalpa el 01.07.2022, todas las actividades consulares est\u00e1n reunidas en el Consulado Honorario en San Pedro Sula.<\/strong><\/h3>\n<p style=\"text-align: center;\"><strong>Canciller\u00eda Consular\u00a0de la Embajada de Italia en Guatemala<\/strong><br \/>\nDirecci\u00f3n: 12 calle 6-49 Zona 14, Ciudad de Guatemala<br \/>\nTel\u00e9fono: +502 22133000<br \/>\ne-mail:\u00a0<a href=\"mailto:consolato.guatemala@esteri.it\">consolato.guatemala@esteri.it<\/a><br \/>\nHorario de atenci\u00f3n al p\u00fablico: de <strong>lunes<\/strong> a<strong> viernes<\/strong> de <strong>09.00<\/strong> a <strong>13.00<\/strong> horas <span style=\"text-decoration: underline;\">exclusivamente<\/span> con previa cita.<\/p>\n<p style=\"text-align: center;\">Adem\u00e1s de la Canciller\u00eda Consular de la Embajada de Italia, funcionan:<\/p>\n<p style=\"text-align: center;\"><strong>Quetzaltenango<\/strong><br \/>\nCorrespondiente Consular:<strong> Lic. Gianni Iannello<\/strong><\/p>\n<p style=\"text-align: center;\">Direcci\u00f3n: 6 calle 2-74 A, zona 1 (Parque Bol\u00edvar) Quetzaltenango<br \/>\ne-mail:\u00a0<a href=\"mailto:gianniiannello700@hotmail.com\">gianniiannello700@hotmail.com<\/a><br \/>\n<strong>Cell.+50277630954<\/strong><\/p>\n<p style=\"text-align: center;\"><strong>Panajachel<\/strong><br \/>\nCorrespondiente Consular:<strong> Licda. Anna D&#8217;Apolito<\/strong><br \/>\nDirecci\u00f3n: Callej\u00f3n del Colegio PCI Americano, Barrio Norte &#8211; Panajachel, Solol\u00e1<br \/>\ne-mail:\u00a0<a href=\"mailto:annadapolito@gmail.com\">annadapolito@gmail.com<\/a><br \/>\nCell. +502 40619306<\/p>\n<p style=\"text-align: center;\"><strong>HONDURAS<\/strong><\/p>\n<p style=\"text-align: center;\"><strong>Se informa que el Consulado General Honorario en Tegucigalpa fue cerrado a partir del 30 de Junio del a\u00f1o 2,022. <\/strong><\/p>\n<p style=\"text-align: center;\"><strong>Por favor contactar:<\/strong><\/p>\n<p style=\"text-align: center;\">Correspondiente Consular en San Pedro Sula:<strong> Lic. Maurizio Chiovelli<\/strong><\/p>\n<p style=\"text-align: center;\">Consulado Honorario San Pedro Sula<br \/>\nDirecci\u00f3n: Barrio Las Palmas, 3 avenida 20 y 27 Calle (Sureste) por Aguas de San Pedro<br \/>\ne-mail:\u00a0<a href=\"mailto:sanpedrosula.onorario@esteri.it\">sanpedrosula.onorario@esteri.it<\/a><\/p>\n<p style=\"text-align: center;\"><strong>Tel. +504 2566-4263\/4266<\/strong><br \/>\nTempor\u00e1neamente estar\u00e1n tambi\u00e9n habilitados los n\u00fameros <strong>+504 2540-2220\/<\/strong><strong>4440<\/strong><\/p>\n<p style=\"text-align: center;\">Para emergencias contactarse con el Tel.<strong> +504 99700220<\/strong><\/p>\n<p>&nbsp;<\/p>\n<p style=\"text-align: center;\"><strong>CALENDARIO FESTIVIDADES 2026 OBSERVADAS POR ESTA SEDE<\/strong><\/p>\n<p style=\"text-align: center;\"><strong><a href=\"https:\/\/ambguatemala.esteri.it\/wp-content\/uploads\/2026\/02\/Festivita-2026.pdf\">Calendario Festividades 2026<\/a><\/strong><\/p>\n","protected":false},"excerpt":{"rendered":"La Canciller\u00eda Consular de la Embajada de Italia en Guatemala comunica que, debido al cierre del Consulado General Honorario en Tegucigalpa el 01.07.2022, todas las actividades consulares est\u00e1n reunidas en el Consulado Honorario en San Pedro Sula. Canciller\u00eda Consular\u00a0de la Embajada de Italia en Guatemala Direcci\u00f3n: 12 calle 6-49 Zona 14, Ciudad de Guatemala Tel\u00e9fono: [&hellip;]","protected":false},"author":1,"featured_media":0,"parent":147,"menu_order":8,"comment_status":"closed","ping_status":"closed","template":"","meta":{"footnotes":""},"class_list":["post-170","page","type-page","status-publish","hentry"],"_links":{"self":[{"href":"https:\/\/ambguatemala.esteri.it\/es\/wp-json\/wp\/v2\/pages\/170","targetHints":{"allow":["GET"]}}],"collection":[{"href":"https:\/\/ambguatemala.esteri.it\/es\/wp-json\/wp\/v2\/pages"}],"about":[{"href":"https:\/\/ambguatemala.esteri.it\/es\/wp-json\/wp\/v2\/types\/page"}],"author":[{"embeddable":true,"href":"https:\/\/ambguatemala.esteri.it\/es\/wp-json\/wp\/v2\/users\/1"}],"replies":[{"embeddable":true,"href":"https:\/\/ambguatemala.esteri.it\/es\/wp-json\/wp\/v2\/comments?post=170"}],"version-history":[{"count":6,"href":"https:\/\/ambguatemala.esteri.it\/es\/wp-json\/wp\/v2\/pages\/170\/revisions"}],"predecessor-version":[{"id":2920,"href":"https:\/\/ambguatemala.esteri.it\/es\/wp-json\/wp\/v2\/pages\/170\/revisions\/2920"}],"up":[{"embeddable":true,"href":"https:\/\/ambguatemala.esteri.it\/es\/wp-json\/wp\/v2\/pages\/147"}],"wp:attachment":[{"href":"https:\/\/ambguatemala.esteri.it\/es\/wp-json\/wp\/v2\/media?parent=170"}],"curies":[{"name":"wp","href":"https:\/\/api.w.org\/{rel}","templated":true}]}}