{"id":171,"date":"2023-04-11T17:08:52","date_gmt":"2023-04-11T15:08:52","guid":{"rendered":"https:\/\/ambguatemala.esteri.it\/italia-e-guatemala\/"},"modified":"2023-10-26T20:08:15","modified_gmt":"2023-10-26T18:08:15","slug":"italia-e-guatemala","status":"publish","type":"page","link":"https:\/\/ambguatemala.esteri.it\/es\/italia-e-guatemala\/","title":{"rendered":"Italia y Guatemala"},"content":{"rendered":"<p>En esta secci\u00f3n se encuentran los enlaces a las profundizaciones, actualizaciones y noticias de las relaciones bilaterales entre Italia y Guatemala en los diferentes \u00e1mbitos de cooperaci\u00f3n pol\u00edtica, econ\u00f3mica, cultural, cient\u00edfica y al desarrollo.<\/p>\n","protected":false},"excerpt":{"rendered":"En esta secci\u00f3n se encuentran los enlaces a las profundizaciones, actualizaciones y noticias de las relaciones bilaterales entre Italia y Guatemala en los diferentes \u00e1mbitos de cooperaci\u00f3n pol\u00edtica, econ\u00f3mica, cultural, cient\u00edfica y al desarrollo.","protected":false},"author":1,"featured_media":0,"parent":0,"menu_order":4,"comment_status":"closed","ping_status":"closed","template":"","meta":{"footnotes":""},"class_list":["post-171","page","type-page","status-publish","hentry"],"_links":{"self":[{"href":"https:\/\/ambguatemala.esteri.it\/es\/wp-json\/wp\/v2\/pages\/171","targetHints":{"allow":["GET"]}}],"collection":[{"href":"https:\/\/ambguatemala.esteri.it\/es\/wp-json\/wp\/v2\/pages"}],"about":[{"href":"https:\/\/ambguatemala.esteri.it\/es\/wp-json\/wp\/v2\/types\/page"}],"author":[{"embeddable":true,"href":"https:\/\/ambguatemala.esteri.it\/es\/wp-json\/wp\/v2\/users\/1"}],"replies":[{"embeddable":true,"href":"https:\/\/ambguatemala.esteri.it\/es\/wp-json\/wp\/v2\/comments?post=171"}],"version-history":[{"count":2,"href":"https:\/\/ambguatemala.esteri.it\/es\/wp-json\/wp\/v2\/pages\/171\/revisions"}],"predecessor-version":[{"id":362,"href":"https:\/\/ambguatemala.esteri.it\/es\/wp-json\/wp\/v2\/pages\/171\/revisions\/362"}],"wp:attachment":[{"href":"https:\/\/ambguatemala.esteri.it\/es\/wp-json\/wp\/v2\/media?parent=171"}],"curies":[{"name":"wp","href":"https:\/\/api.w.org\/{rel}","templated":true}]}}