{"id":174,"date":"2023-04-11T18:13:11","date_gmt":"2023-04-11T16:13:11","guid":{"rendered":"https:\/\/ambguatemala.esteri.it\/servizi-consolari-e-visti\/servizi-per-il-cittadino-italiano\/passaporti-e-carte-didentita\/"},"modified":"2026-04-27T22:11:23","modified_gmt":"2026-04-27T20:11:23","slug":"passaporti-e-carte-didentita","status":"publish","type":"page","link":"https:\/\/ambguatemala.esteri.it\/es\/servizi-consolari-e-visti\/servizi-per-il-cittadino-italiano\/passaporti-e-carte-didentita\/","title":{"rendered":"Pasaportes y c\u00e9dulas de identidad"},"content":{"rendered":"<p><em><strong>Informaci\u00f3n general<\/strong><\/em><\/p>\n<p>El pasaporte es un documento de viaje e identificaci\u00f3n que solo se puede expedir a ciudadanos italianos.<\/p>\n<p>En Italia, lo expide la Jefatura de Polic\u00eda. En el extranjero, lo expide la Autoridad Consular.<\/p>\n<p>Para los ciudadanos italianos residentes en Guatemala y Honduras, la \u00fanica oficina autorizada para expedir pasaportes es la Oficina Consular de la Embajada de Italia en Guatemala.<\/p>\n<p>El <strong>costo<\/strong> del pasaporte es de 116 euros (a pagar en quetzales seg\u00fan el tipo de cambio vigente).<\/p>\n<p>Los <strong>ciudadanos residentes en Honduras<\/strong> deben comunicarse con el Consulado General Honorario en Tegucigalpa o con el Consulado Honorario en San Pedro Sula a la siguiente direcci\u00f3n de correo electr\u00f3nico: <a href=\"mailto:sanpedrosula.onorario@esteri.it\">sanpedrosula.onorario@esteri.it<\/a><\/p>\n<p><strong>Para la toma de huellas dactilares<\/strong>, el solicitante debe presentarse f\u00edsicamente en la Oficina Consular de la Embajada de Italia en Ciudad de Guatemala o en el Consulado Honorario en San Pedro Sula. Ya no es posible renovar el pasaporte. Si su pasaporte vence, se queda sin p\u00e1ginas para visas y sellos, o se pierde o es robado, debe solicitar un nuevo pasaporte.<\/p>\n<hr \/>\n<p>&nbsp;<\/p>\n<p><strong><em>Procedimiento para la expedici\u00f3n de pasaportes<\/em><\/strong><\/p>\n<p><strong>Para solicitar un pasaporte, debe estar registrado en AIRE, tener su domicilio actualizado y contar con la informaci\u00f3n de su estado civil al d\u00eda (matrimonios, divorcios, defunciones y nacimientos). Puede actualizar sus datos de registro a trav\u00e9s del portal <\/strong><a href=\"https:\/\/serviziconsolari.esteri.it\/home\"><strong>FAST-IT<\/strong><\/a><strong>.<\/strong><\/p>\n<p>Todas las citas para <strong>PASAPORTES<\/strong> en esta sede consular, correspondientes a ciudadanos italianos residentes en <strong>GUATEMALA<\/strong>, se gestionar\u00e1n <strong>EXCLUSIVAMENTE<\/strong> a trav\u00e9s de la plataforma <a href=\"https:\/\/prenotami.esteri.it\"><strong>Prenot@Mi<\/strong><\/a><strong>.<\/strong><\/p>\n<p>Las citas para <strong>PASAPORTES<\/strong> de ciudadanos italianos residentes en <strong>HONDURAS<\/strong> se gestionar\u00e1n <strong>EXCLUSIVAMENTE<\/strong> por medio del <strong>Consulado Honorario en San Pedro Sula<\/strong> al correo electr\u00f3nico <a href=\"mailto:sanpedrosula.onorario@esteri.it\">sanpedrosula.onorario@esteri.it<\/a>.<\/p>\n<p>Para otras solicitudes consulares (ej. <strong>VISAS<\/strong> y <strong>CIUDADAN\u00cdAS<\/strong>), contin\u00faa vigente el uso del correo electr\u00f3nico <a href=\"mailto:consolato.guatemala@esteri.it\">consolato.guatemala@esteri.it<\/a>.<\/p>\n<p>El d\u00eda de la cita es necesario presentar la siguiente documentaci\u00f3n:<\/p>\n<ul>\n<li>formulario llenado y firmado para solicitantes <strong><a href=\"https:\/\/ambguatemala.esteri.it\/wp-content\/uploads\/2025\/07\/RICHIESTA-DI-PASSAPORTO-PER-MAGGIORENNI.pdf\">MAYORES DE EDAD<\/a><\/strong> y\/o para <strong><a href=\"https:\/\/ambguatemala.esteri.it\/wp-content\/uploads\/2025\/07\/RICHIESTA-DI-PASSAPORTO-PER-MINORI-1.pdf\">MENORES DE EDAD<\/a><\/strong><\/li>\n<li>1 fotograf\u00eda tama\u00f1o pasaporte (fondo blanco) si es menor a 7 a\u00f1os (para mayores de 7 a\u00f1os tenemos aparato fotogr\u00e1fico, no hay que traer foto)<\/li>\n<li>pasaporte guatemalteco vigente para menores de edad<\/li>\n<li>dpi u otro documento de identidad vigente para mayores de edad<\/li>\n<li>recibo de pago en original o su copia en f\u00edsico<\/li>\n<li>pasaporte italiano anterior (si aplica)<\/li>\n<\/ul>\n<p>Tambi\u00e9n considerar lo siguiente:<\/p>\n<ul>\n<li>presencia obligatoria de ambos padres para los menores de edad<\/li>\n<li>los menores tienen que estar presentes a la cita<\/li>\n<li>no se aceptar\u00e1n pagos en efectivo<\/li>\n<li>en caso de robo o extrav\u00edo del pasaporte, presentar el original de la denuncia tramitada ante las autoridades locales competentes y fotocopia de la misma<\/li>\n<\/ul>\n<hr \/>\n<p>&nbsp;<\/p>\n<p><strong><em>Pasaporte para menores<\/em><\/strong><\/p>\n<p>Todos los menores deben tener su propio pasaporte y se requiere el consentimiento de ambos padres para su emisi\u00f3n.<\/p>\n<p>La validez del pasaporte var\u00eda seg\u00fan la edad:<\/p>\n<ul>\n<li>tres a\u00f1os para ni\u00f1os de 0 a 3 a\u00f1os<\/li>\n<li>cinco a\u00f1os para ni\u00f1os de 3 a 18 a\u00f1os<\/li>\n<\/ul>\n<p>Solo despu\u00e9s de que el solicitante cumpla 12 a\u00f1os es necesario tomar las huellas dactilares y la firma digital.<\/p>\n<p>Nota: Antes de viajar, recomendamos contactar siempre con las representaciones diplom\u00e1ticas de los pa\u00edses de destino para verificar los tr\u00e1mites de entrada necesarios.<\/p>\n<p>Para la emisi\u00f3n de pasaportes a menores de 18 a\u00f1os, se requiere la presencia personal del menor solicitante.<\/p>\n<hr \/>\n<p><strong><em>\u00a0<\/em><\/strong><\/p>\n<p><strong><em>Declaraci\u00f3n de acompa\u00f1amiento para un menor<\/em><\/strong><\/p>\n<p>Hasta los 14 a\u00f1os, los menores italianos pueden viajar al extranjero siempre que vayan acompa\u00f1ados por al menos uno de sus padres o tutor legal, o que el nombre de la persona, organizaci\u00f3n o empresa de transporte a quien se le conf\u00eda el menor figure en su pasaporte o en una declaraci\u00f3n de acompa\u00f1amiento (<a href=\"https:\/\/ambguatemala.esteri.it\/wp-content\/uploads\/2025\/07\/Attestazione-dichiarazione-accompagnamento-figli-minori.doc\">descargar formulario de declaraci\u00f3n de acompa\u00f1amiento<\/a>) expedida por una persona con capacidad para dar consentimiento o autorizaci\u00f3n, de conformidad con el art\u00edculo 3, letra a) de la Ley n.\u00ba 1185, de 21 de noviembre de 1967, y autorizada por una autoridad competente para expedirla (Questura en Italia, Consulado en el extranjero).<\/p>\n<p><strong>Considerar lo siguiente:<\/strong><\/p>\n<ul>\n<li>La declaraci\u00f3n de acompa\u00f1amiento solo podr\u00e1 referirse a un viaje (de ida y\/o vuelta) desde el pa\u00eds de residencia del menor a un destino espec\u00edfico y, por lo general, no podr\u00e1 exceder un per\u00edodo m\u00e1ximo de seis meses.<\/li>\n<li>Quienes ejerzan la patria potestad o la tutela podr\u00e1n indicar hasta un m\u00e1ximo de dos acompa\u00f1antes, que deber\u00e1n alternarse.<\/li>\n<li>Al presentar la declaraci\u00f3n adjunta, quienes ejerzan la patria potestad o la tutela podr\u00e1n solicitar que los nombres de los acompa\u00f1antes, la duraci\u00f3n del viaje y el destino se impriman en el pasaporte del menor o, alternativamente, que estos datos se incluyan en un certificado aparte, que ser\u00e1 impreso por la oficina competente.<\/li>\n<li>Si el menor se encuentra al cuidado de una organizaci\u00f3n o empresa de transporte, para garantizar la integridad y legibilidad de la informaci\u00f3n de viaje, solo se expedir\u00e1 el certificado. Antes de adquirir el billete de la empresa de transporte, se recomienda verificar que la misma empresa acepte la custodia del menor.<\/li>\n<\/ul>\n<hr \/>\n<p>&nbsp;<\/p>\n<p><strong><em>Procedimientos de expedici\u00f3n de pasaporte de emergencia<\/em><\/strong><\/p>\n<p>En casos de urgencia comprobada, que ser\u00e1 validada por el responsable de la oficina, los ciudadanos italianos registrados en AIRE en el distrito consular guatemalteco pueden solicitar un pasaporte solicitando una cita en el Consulado con la documentaci\u00f3n necesaria. Quienes soliciten un pasaporte de emergencia deber\u00e1n abonar, adem\u00e1s de la tasa est\u00e1ndar, una tasa de emergencia. Consulte la lista de tasas consulares para conocer el importe vigente. La urgencia debe justificarse por:<\/p>\n<ol>\n<li><strong>Razones familiares o de salud graves<\/strong>, certificadas por instituciones o autoridades competentes. Adem\u00e1s, el solicitante deber\u00e1 presentar la reserva de vuelo u otro documento de viaje en ventanilla;<\/li>\n<li><strong>Necesidades laborales urgentes<\/strong>, demostradas mediante una solicitud justificada firmada por una persona con cargo directivo (incluyendo nombre, cargo y n\u00famero de tel\u00e9fono del firmante) y escrita en papel con membrete de la empresa. El solicitante tambi\u00e9n deber\u00e1 presentar la reserva de vuelo u otro documento de viaje en ventanilla.<\/li>\n<\/ol>\n<p>Tenga en cuenta que los beneficios del procedimiento de emergencia por motivos laborales NO se extienden a los familiares del titular.<\/p>\n<hr \/>\n<p>&nbsp;<\/p>\n<p><em><strong>Ciudadanos no residentes &#8211; <\/strong><strong>DOCUMENTO DE VIAJE DE EMERGENCIA (ETD)<\/strong><\/em><\/p>\n<p>En caso de robo o p\u00e9rdida de pasaporte, un <strong>ciudadano italiano residente en Italia o en otro pa\u00eds<\/strong>, en situaci\u00f3n de emergencia y sin tiempo para completar el tr\u00e1mite necesario para la expedici\u00f3n de un nuevo pasaporte (solicitud de Nulla Osta y Autorizaci\u00f3n ante la autoridad de residencia del ciudadano italiano), podr\u00e1 obtener un documento de viaje temporal (ETD). Este documento es v\u00e1lido \u00fanicamente para el viaje de regreso a Italia, al pa\u00eds de residencia permanente en el extranjero o, en casos excepcionales, a otro destino.<\/p>\n<p><strong>Nota: El ETD no es v\u00e1lido para la entrada ni el tr\u00e1nsito por Estados Unidos.<\/strong><\/p>\n<p>El interesado deber\u00e1 presentarse a la Oficina Consular, previa cita, con:<\/p>\n<ul>\n<li>Cualquier documento de identificaci\u00f3n (o una copia)<\/li>\n<li>Denuncia de robo o p\u00e9rdida del pasaporte ante la polic\u00eda local<\/li>\n<li>Dos fotograf\u00edas tama\u00f1o pasaporte (35&#215;45 mm), NO digitales, a color, sobre fondo blanco, con expresi\u00f3n neutra y boca cerrada<\/li>\n<li>Fotocopia de su documento de viaje de regreso<\/li>\n<\/ul>\n","protected":false},"excerpt":{"rendered":"Informaci\u00f3n general El pasaporte es un documento de viaje e identificaci\u00f3n que solo se puede expedir a ciudadanos italianos. En Italia, lo expide la Jefatura de Polic\u00eda. En el extranjero, lo expide la Autoridad Consular. Para los ciudadanos italianos residentes en Guatemala y Honduras, la \u00fanica oficina autorizada para expedir pasaportes es la Oficina Consular [&hellip;]","protected":false},"author":1,"featured_media":0,"parent":173,"menu_order":0,"comment_status":"closed","ping_status":"closed","template":"","meta":{"footnotes":""},"class_list":["post-174","page","type-page","status-publish","hentry"],"_links":{"self":[{"href":"https:\/\/ambguatemala.esteri.it\/es\/wp-json\/wp\/v2\/pages\/174","targetHints":{"allow":["GET"]}}],"collection":[{"href":"https:\/\/ambguatemala.esteri.it\/es\/wp-json\/wp\/v2\/pages"}],"about":[{"href":"https:\/\/ambguatemala.esteri.it\/es\/wp-json\/wp\/v2\/types\/page"}],"author":[{"embeddable":true,"href":"https:\/\/ambguatemala.esteri.it\/es\/wp-json\/wp\/v2\/users\/1"}],"replies":[{"embeddable":true,"href":"https:\/\/ambguatemala.esteri.it\/es\/wp-json\/wp\/v2\/comments?post=174"}],"version-history":[{"count":6,"href":"https:\/\/ambguatemala.esteri.it\/es\/wp-json\/wp\/v2\/pages\/174\/revisions"}],"predecessor-version":[{"id":2963,"href":"https:\/\/ambguatemala.esteri.it\/es\/wp-json\/wp\/v2\/pages\/174\/revisions\/2963"}],"up":[{"embeddable":true,"href":"https:\/\/ambguatemala.esteri.it\/es\/wp-json\/wp\/v2\/pages\/173"}],"wp:attachment":[{"href":"https:\/\/ambguatemala.esteri.it\/es\/wp-json\/wp\/v2\/media?parent=174"}],"curies":[{"name":"wp","href":"https:\/\/api.w.org\/{rel}","templated":true}]}}