{"id":175,"date":"2023-04-11T18:17:44","date_gmt":"2023-04-11T16:17:44","guid":{"rendered":"https:\/\/ambguatemala.esteri.it\/servizi-consolari-e-visti\/servizi-per-il-cittadino-italiano\/emergency-travel-documents-etd\/"},"modified":"2026-04-27T22:09:29","modified_gmt":"2026-04-27T20:09:29","slug":"emergency-travel-documents-etd","status":"publish","type":"page","link":"https:\/\/ambguatemala.esteri.it\/es\/servizi-consolari-e-visti\/servizi-per-il-cittadino-italiano\/emergency-travel-documents-etd\/","title":{"rendered":"Documentos de viaje de emergencia (ETD)"},"content":{"rendered":"<p>En caso de robo o p\u00e9rdida de pasaporte, un <strong>ciudadano italiano residente en Italia o en otro pa\u00eds<\/strong>, en situaci\u00f3n de emergencia y sin tiempo para completar el tr\u00e1mite necesario para la expedici\u00f3n de un nuevo pasaporte (solicitud de Nulla Osta y Autorizaci\u00f3n ante la autoridad de residencia del ciudadano italiano), podr\u00e1 obtener un documento de viaje temporal (ETD). Este documento es v\u00e1lido \u00fanicamente para el viaje de regreso a Italia, al pa\u00eds de residencia permanente en el extranjero o, en casos excepcionales, a otro destino.<\/p>\n<p><strong>Nota: El ETD no es v\u00e1lido para la entrada ni el tr\u00e1nsito por Estados Unidos.<\/strong><\/p>\n<p>El interesado deber\u00e1 presentarse a la Oficina Consular, previa cita, con:<\/p>\n<ul>\n<li>Cualquier documento de identificaci\u00f3n (o una copia)<\/li>\n<li>Denuncia de robo o p\u00e9rdida del pasaporte ante la polic\u00eda local<\/li>\n<li>Dos fotograf\u00edas tama\u00f1o pasaporte (35\u00d745 mm), NO digitales, a color, sobre fondo blanco, con expresi\u00f3n neutra y boca cerrada<\/li>\n<li>Fotocopia de su documento de viaje de regreso<\/li>\n<\/ul>\n","protected":false},"excerpt":{"rendered":"En caso de robo o p\u00e9rdida de pasaporte, un ciudadano italiano residente en Italia o en otro pa\u00eds, en situaci\u00f3n de emergencia y sin tiempo para completar el tr\u00e1mite necesario para la expedici\u00f3n de un nuevo pasaporte (solicitud de Nulla Osta y Autorizaci\u00f3n ante la autoridad de residencia del ciudadano italiano), podr\u00e1 obtener un documento [&hellip;]","protected":false},"author":1,"featured_media":0,"parent":173,"menu_order":2,"comment_status":"closed","ping_status":"closed","template":"","meta":{"footnotes":""},"class_list":["post-175","page","type-page","status-publish","hentry"],"_links":{"self":[{"href":"https:\/\/ambguatemala.esteri.it\/es\/wp-json\/wp\/v2\/pages\/175","targetHints":{"allow":["GET"]}}],"collection":[{"href":"https:\/\/ambguatemala.esteri.it\/es\/wp-json\/wp\/v2\/pages"}],"about":[{"href":"https:\/\/ambguatemala.esteri.it\/es\/wp-json\/wp\/v2\/types\/page"}],"author":[{"embeddable":true,"href":"https:\/\/ambguatemala.esteri.it\/es\/wp-json\/wp\/v2\/users\/1"}],"replies":[{"embeddable":true,"href":"https:\/\/ambguatemala.esteri.it\/es\/wp-json\/wp\/v2\/comments?post=175"}],"version-history":[{"count":4,"href":"https:\/\/ambguatemala.esteri.it\/es\/wp-json\/wp\/v2\/pages\/175\/revisions"}],"predecessor-version":[{"id":2959,"href":"https:\/\/ambguatemala.esteri.it\/es\/wp-json\/wp\/v2\/pages\/175\/revisions\/2959"}],"up":[{"embeddable":true,"href":"https:\/\/ambguatemala.esteri.it\/es\/wp-json\/wp\/v2\/pages\/173"}],"wp:attachment":[{"href":"https:\/\/ambguatemala.esteri.it\/es\/wp-json\/wp\/v2\/media?parent=175"}],"curies":[{"name":"wp","href":"https:\/\/api.w.org\/{rel}","templated":true}]}}