{"id":1829,"date":"2025-05-29T23:28:25","date_gmt":"2025-05-29T21:28:25","guid":{"rendered":"https:\/\/ambguatemala.esteri.it\/?page_id=1829"},"modified":"2025-08-08T17:20:46","modified_gmt":"2025-08-08T15:20:46","slug":"visa-de-estudio-licenciatura","status":"publish","type":"page","link":"https:\/\/ambguatemala.esteri.it\/es\/servizi-consolari-e-visti\/servizi-per-il-cittadino-straniero\/visti\/visto-di-studio\/visa-de-estudio-licenciatura\/","title":{"rendered":"VISA de ESTUDIO (Licenciatura)"},"content":{"rendered":"<p style=\"text-align: center;\"><strong>VISA de ESTUDIO para la INMATRICULARSE en una UNIVERSIDAD operante en Italia<\/strong><\/p>\n<p>Para obtener informaciones generales sobre esta tipolog\u00eda de VISA, visitar la siguiente p\u00e1gina web:\u00a0<a href=\"https:\/\/vistoperitalia.esteri.it\/\"><strong>https:\/\/vistoperitalia.esteri.it\/<\/strong><\/a><\/p>\n<p style=\"text-align: center;\"><strong>\u00bfPara qu\u00e9 sirve y qui\u00e9n la puede solicitar?<\/strong><\/p>\n<p>\u00c9ste tipo de VISA permite ingresar a Italia a los residentes en Guatemala \/ Honduras, que con t\u00edtulo de estudio de bachiller desean seguir sus estudios Universitarios (Curso de Pregrado \/ Laurea Triennale \/ Laurea Magistrale \/ Master Of Science) inscribi\u00e9ndose en una Universidad regularmente operante en Italia.<\/p>\n<p>La VISA se puede solicitar con\u00a0<strong>tres meses de antelaci\u00f3n<\/strong>\u00a0a la fecha de inicio del viaje y\u00a0<strong>hasta 15 d\u00edas h\u00e1biles<\/strong>\u00a0antes de la misma fecha, pero recomendamos ponerse en contacto con nosotros con\u00a0<strong>al menos 30 d\u00edas de antelaci\u00f3n<\/strong>.<\/p>\n<p>Para poder validar los estudios antes realizados en Guatemala las Universidades generalmente requieren la emisi\u00f3n de la \u201c<strong>Dichiarazione di Valore<\/strong>\u201d, documento que se tiene que solicitar al\u00a0<a href=\"https:\/\/iicguatemala.esteri.it\/it\/\"><strong>Instituto italiano de Cultura en Guatemala<\/strong><\/a>).<\/p>\n<p>Es obligatorio que el\/la estudiante tramite la\u00a0<strong>pre-inscripci\u00f3n\u00a0<\/strong>en la Universidad italiana que el\/la estudiante ha elegido a trav\u00e9s del Portal\u00a0<a href=\"https:\/\/www.universitaly.it\/\"><strong>Universitaly<\/strong><\/a>: si la entidad no est\u00e1 presente en el portal, favor contactarnos a\u00a0<a href=\"mailto:consolato.guatemala@esteri.it\"><strong>consolato.guatemala@esteri.it<\/strong><\/a>.<\/p>\n<p><strong>Solamente despu\u00e9s que la Universidad italiana haya aceptado la pre-inscripci\u00f3n<\/strong>\u00a0(y que se tenga la \u201cDichiarazione di Valore\u201d si la Universidad la solicita)\u00a0<strong>el\/la estudiante podr\u00e1 presentar su solicitud de VISA<\/strong>. El \u00faltimo d\u00eda para presentar las solicitudes es el\u00a0<strong>30 de noviembre de 2025<\/strong>.<\/p>\n<p><strong>Tipo de VISA<\/strong>: \u201cD\u201d VISA de larga duraci\u00f3n (mayor de 90 d\u00edas hasta 365 d\u00edas).<\/p>\n<p><strong>REQUISITOS \u2013<\/strong>\u00a0Se deben presentar a la Embajada en el estricto orden abajo indicado (revisar la secci\u00f3n\u00a0<a href=\"https:\/\/ambguatemala.esteri.it\/it\/servizi-consolari-e-visti\/servizi-per-il-cittadino-straniero\/visti-2\/moduli-visti\/\"><strong>Formularios<\/strong><\/a><strong>\u00a0<\/strong>de nuestra p\u00e1gina web):<\/p>\n<ol>\n<li>El\u00a0<a href=\"https:\/\/vistoperitalia.esteri.it\/files\/public\/moduli\/it\/Formulario_Visto_Nazionale.pdf\"><strong>formulario de solicitud<\/strong><\/a>(llenado y firmado) de VISA para ingresar a Italia.\u00a0En caso de dificultades en llenarlo en l\u00ednea, se puede descargar el documento de la secci\u00f3n\u00a0<a href=\"https:\/\/ambguatemala.esteri.it\/es\/servizi-consolari-e-visti\/servizi-per-il-cittadino-straniero\/visti-2\/moduli-visti\/\"><strong>Formularios<\/strong><\/a><strong>\u00a0<\/strong>de nuestra p\u00e1gina web);<\/li>\n<li><strong>Una fotograf\u00eda <\/strong>(3 cm x 4 cm) reciente a colores con fondo blanco;<\/li>\n<li><strong>Pasaporte vigente\u00a0<\/strong>(con validez de m\u00ednimo 90 d\u00edas m\u00e1s del d\u00eda de salida del \u00e1rea Schengen) con m\u00ednimo dos p\u00e1ginas libres y copia simple del mismo (s\u00f3lo de la p\u00e1gina del documento de viaje que contiene los datos personales del titular);<\/li>\n<li>Ser residente en Guatemala u Honduras. En caso de extranjeros, presentar\u00a0<strong>DPI\/DNI<\/strong>y tambi\u00e9n\u00a0<strong>Certificado de Extranjero Residente<\/strong>\u00a0vigente;<\/li>\n<li><strong>Demostraci\u00f3n de disponibilidad de alojamiento\u00a0<\/strong>a trav\u00e9s de una de las siguientes opciones:\n<ul>\n<li>Reserva de hotel\/residencia que cubra por lo menos las primeras noches a partir de su llegada a Italia;<\/li>\n<li><a href=\"https:\/\/ambguatemala.esteri.it\/wp-content\/uploads\/2023\/11\/DICHIARAZIONEALLOGGIOGARANZIA.pdf\"><strong>Declaraci\u00f3n de hospedaje<\/strong><\/a>por parte de la entidad, de un ciudadano italiano\/europeo o extranjero regularmente residente en Italia (adjuntar fotocopia de un documento de identidad de la persona que hospeda);<\/li>\n<\/ul>\n<\/li>\n<li><strong>Preinscripci\u00f3n en el portal\u00a0<\/strong><a href=\"https:\/\/www.universitaly.it\/\"><strong>https:\/\/www.universitaly.it\/<\/strong><\/a>impresa y firmada. Si la entidad no est\u00e1 presente en dicho portal, favor indicarlo en el correo;<\/li>\n<li><strong>Carta de aceptaci\u00f3n de la Universidad italiana\u00a0<\/strong>con la indicaci\u00f3n del curso que se va a realizar, la fecha de inicio y la duraci\u00f3n del mismo o, en su defecto, la fecha de finalizaci\u00f3n del curso y el idioma en que se efectuar\u00e1 el curso.<\/li>\n<li><strong>Dichiarazione di Valore<\/strong>(si requerida por la Universidad);<\/li>\n<li><strong>Certificaci\u00f3n oficial de conocimiento del idioma italiano nivel B2<\/strong> si el curso de estudios es dictado en italiano. De todas formas, la Embajada de Italia se reserva el derecho de verificar el nivel del conocimiento del idioma italiano durante la entrevista y pedir otro tipo de documentaci\u00f3n adicional que considere necesaria.<\/li>\n<\/ol>\n<p>Si el curso es en otro idioma, proporcionar documentaci\u00f3n que respalde un adecuado conocimiento de dicho idioma;<\/p>\n<ol start=\"10\">\n<li><strong>Demostraci\u00f3n de disponibilidad de medios econ\u00f3micos<\/strong>, (por la duraci\u00f3n del primer a\u00f1o acad\u00e9mico) que debe ser constante en el tiempo (no de \u00faltimo momento), estar disponible el d\u00eda de la presentaci\u00f3n de la solicitud de VISA. Para el a\u00f1o acad\u00e9mico 2025\/2026 el Ministerio de Educaci\u00f3n ha establecido el monto econ\u00f3mico m\u00ednimo de referencia en\u00a0<strong>\u20ac 534.41 mensuales\u00a0<\/strong>por cada mes del curso acad\u00e9mico, equivalente a\u00a0<strong>\u20ac 6,947.33 anuales\u00a0<\/strong>(considerando 13 mensualidades). Los medios econ\u00f3micos tienen que ser demostrables a trav\u00e9s de una de las siguientes opciones:\n<ul>\n<li><strong>Disponibilidad de una cuenta bancaria\u00a0<\/strong>a nombre del \/ de la estudiante o de los padres* en un\u00a0<u>Banco guatemalteco\/hondure\u00f1o<\/u>o en otro banco internacional con informaci\u00f3n actualizada. Dicha disponibilidad debe demostrarse a trav\u00e9s de los extractos bancarios de la\/las cuenta\/s de los \u00faltimos seis meses anteriores a la fecha de presentaci\u00f3n de la solicitud de VISA (original, debidamente sellado por el Banco emisor \u2013 no se admiten documentos descargados por internet sin los criterios antedichos). En caso de no estar disponibles los extractos del \u00faltimo periodo, se solicita presentar adem\u00e1s del certificado de los movimientos bancarios de los periodos que no cuenten con extracto bancario, el certificado del saldo disponible a la fecha de la\/s cuenta\/bancaria\/s;<br \/>\n*\u00a0Cuando los padres se hagan cargo de los gastos es necesaria la\u00a0<strong>declaraci\u00f3n jurada firmada ante un notario<\/strong>. \/ **Se precisa que la Embajada de Italia se reserva la aceptaci\u00f3n de documentaci\u00f3n de cuentas bancarias activas en un Pa\u00eds que no sea Guatemala o la U.E.;<\/li>\n<li><strong>En el caso que exista una beca\u00a0<\/strong>proporcionada por entidades reconocidas la carta de la Entidad debe indicar el nombre del becado, la finalidad de la beca y el monto exacto asignado; debe ser firmada por el responsable de la Entidad otorgante y acompa\u00f1ada por la fotocopia del DPI del\/a mismo\/a.<\/li>\n<\/ul>\n<\/li>\n<\/ol>\n<p>Se aconseja poseer Tarjeta de Cr\u00e9dito o de D\u00e9bito y presentar carta del banco emisor donde se especifique la vigencia y el l\u00edmite de cr\u00e9dito, sobre todo considerando los controles fronterizos. Se aconseja tambi\u00e9n proporcionar en la ventanilla <strong>carta laboral<\/strong>\u00a0o cualquier otra documentaci\u00f3n que respalde los ingresos econ\u00f3micos del \/ de la estudiante o de los padres;<\/p>\n<ol start=\"11\">\n<li><strong>Reserva de vuelo\u00a0<\/strong>de ida y vuelta con destino final Italia y demostraci\u00f3n de disponibilidad de medios econ\u00f3micos para adquirir el\u00a0<strong>pasaje de regreso<\/strong>para salir del \u00e1rea Schengen en el caso en que se exhiba solo el pasaje de ida.<\/li>\n<\/ol>\n<p>&nbsp;<\/p>\n<p><strong>NOTAS<\/strong>:<\/p>\n<ul>\n<li>Una informaci\u00f3n m\u00e1s detallada sobre el proceso de \u00e9ste tipo de VISA se puede encontrar\u00a0<a href=\"https:\/\/universitaly-private.cineca.it\/uploads\/universitaly-pubblico\/Circolare_2025-2026_studenti_internazionali.pdf\"><strong>aqu\u00ed<\/strong><\/a>\u00a0en idioma italiano;<\/li>\n<li>Favor contactarnos al correo\u00a0<a href=\"mailto:consolato.guatemala@esteri.it\"><strong>consolato.guatemala@esteri.it<\/strong><\/a>\u00a0para agendar la cita de solicitud de VISA;<\/li>\n<li>La solicitud de VISA deber\u00e1 ser presentada de manera presencial por el interesado, debido a que el tr\u00e1mite es estrictamente personal:\u00a0<strong>\u00e9sta Embajada no ha autorizado a ninguna agencia ni intermediario para los tramites de VISA<\/strong>;<\/li>\n<li>Todos los documentos detallados tendr\u00e1n que ser presentados en original + 1 copia;<\/li>\n<li>Se reciben solicitudes de VISA\u00a0<strong>\u00fanicamente de personas residentes en Guatemala \/ Honduras<\/strong>;<\/li>\n<li>La carta de invitaci\u00f3n debe estar siempre acompa\u00f1ada por la copia del\u00a0<strong>documento de identidad<\/strong>\u00a0del\u00a0<strong>declarante<\/strong>\u00a0con la firma visible y copia del\u00a0<strong>Permiso de Residencia<\/strong>\u00a0(\u201c<strong><em><u>Permesso di Soggiorno<\/u><\/em><\/strong>\u201d) vigente si el invitante fuera un\u00a0<strong>ciudadano extranjero<\/strong>\u00a0regularmente residente en Italia;<\/li>\n<li>Si el solicitante tiene entre\u00a0<strong>17 y 18 a\u00f1os<\/strong>, se debe presentar tambi\u00e9n la\u00a0<strong>partida de nacimiento<\/strong>\u00a0del menor. Adem\u00e1s, los padres deber\u00e1n firmar ante un Notario los siguientes documentos presentes en la secci\u00f3n de\u00a0<a href=\"https:\/\/ambguatemala.esteri.it\/it\/servizi-consolari-e-visti\/servizi-per-il-cittadino-straniero\/visti-2\/moduli-visti\/\"><strong>Formularios<\/strong><\/a>:\n<ul>\n<li><u>Autorizaci\u00f3n de padres a tramitar la VISA<\/u>;<\/li>\n<li><u>Declaraci\u00f3n de cesi\u00f3n de la responsabilidad del\/la menor a tercero por el periodo de estancia en Italia por estudio<\/u>;<\/li>\n<li><u>Dichiarazione di accettazione di presa in carico di minore per studio<\/u>;<\/li>\n<li><u>Modelo B menor de edad<\/u>;<\/li>\n<\/ul>\n<\/li>\n<li>\u00c9sta Embajada se reserva el derecho de\u00a0<strong>verificar el nivel del conocimiento del idioma italiano<\/strong>\u00a0y pedir otro tipo de documentaci\u00f3n que estime necesaria;<\/li>\n<li>La VISA (si es otorgada), podr\u00e1 ser concedida con una fecha de entrada a Italia pocos d\u00edas antes del inicio del curso, as\u00ed como indicado en la carta de la Universidad Italiana. Quienes deseen entrar a Italia antes de esa fecha podr\u00e1n hacerlo como turistas (sin VISA) por un m\u00e1ximo de 90 d\u00edas si su nacionalidad est\u00e1 exenta de solicitar la\u00a0<strong>VISA de TURISMO<\/strong>;<\/li>\n<li>Siendo la VISA una concesi\u00f3n, aun presentando todos los documentos requeridos, la misma puede ser otorgada o rechazada. En este \u00faltimo caso ser\u00e1 entregado el\u00a0<strong>\u201c<em><u>Provvedimento di Diniego<\/u><\/em>\u201d<\/strong>;<\/li>\n<li>Si la VISA es otorgada, el titular de esta\u00a0<strong>deber\u00e1 solicitar dentro de los primeros ocho d\u00edas h\u00e1biles del ingreso a Italia el Permiso de Estad\u00eda\u00a0(\u201c<em>Permesso di Soggiorno<\/em>\u201d)<\/strong>\u00a0ante las Autoridades italianas competentes (\u201c<strong><em>Questura<\/em><\/strong>\u201d) presentando copia de todos los documentos que entreg\u00f3 en la ventanilla en su solicitud de VISA, demostrando de tal forma de cumplir con todos los requisitos solicitados.<\/li>\n<\/ul>\n","protected":false},"excerpt":{"rendered":"VISA de ESTUDIO para la INMATRICULARSE en una UNIVERSIDAD operante en Italia Para obtener informaciones generales sobre esta tipolog\u00eda de VISA, visitar la siguiente p\u00e1gina web:\u00a0https:\/\/vistoperitalia.esteri.it\/ \u00bfPara qu\u00e9 sirve y qui\u00e9n la puede solicitar? \u00c9ste tipo de VISA permite ingresar a Italia a los residentes en Guatemala \/ Honduras, que con t\u00edtulo de estudio de [&hellip;]","protected":false},"author":4,"featured_media":0,"parent":2023,"menu_order":0,"comment_status":"closed","ping_status":"closed","template":"","meta":{"footnotes":""},"class_list":["post-1829","page","type-page","status-publish","hentry"],"_links":{"self":[{"href":"https:\/\/ambguatemala.esteri.it\/es\/wp-json\/wp\/v2\/pages\/1829","targetHints":{"allow":["GET"]}}],"collection":[{"href":"https:\/\/ambguatemala.esteri.it\/es\/wp-json\/wp\/v2\/pages"}],"about":[{"href":"https:\/\/ambguatemala.esteri.it\/es\/wp-json\/wp\/v2\/types\/page"}],"author":[{"embeddable":true,"href":"https:\/\/ambguatemala.esteri.it\/es\/wp-json\/wp\/v2\/users\/4"}],"replies":[{"embeddable":true,"href":"https:\/\/ambguatemala.esteri.it\/es\/wp-json\/wp\/v2\/comments?post=1829"}],"version-history":[{"count":5,"href":"https:\/\/ambguatemala.esteri.it\/es\/wp-json\/wp\/v2\/pages\/1829\/revisions"}],"predecessor-version":[{"id":2581,"href":"https:\/\/ambguatemala.esteri.it\/es\/wp-json\/wp\/v2\/pages\/1829\/revisions\/2581"}],"up":[{"embeddable":true,"href":"https:\/\/ambguatemala.esteri.it\/es\/wp-json\/wp\/v2\/pages\/2023"}],"wp:attachment":[{"href":"https:\/\/ambguatemala.esteri.it\/es\/wp-json\/wp\/v2\/media?parent=1829"}],"curies":[{"name":"wp","href":"https:\/\/api.w.org\/{rel}","templated":true}]}}