{"id":1852,"date":"2025-05-29T23:41:19","date_gmt":"2025-05-29T21:41:19","guid":{"rendered":"https:\/\/ambguatemala.esteri.it\/servizi-consolari-e-visti\/servizi-per-il-cittadino-straniero\/visti-2\/visa-de-estudio-del-idioma-italiano-y-o-de-otros-cursos\/"},"modified":"2025-08-08T17:08:37","modified_gmt":"2025-08-08T15:08:37","slug":"visa-de-estudio-del-idioma-italiano-y-o-de-otros-cursos","status":"publish","type":"page","link":"https:\/\/ambguatemala.esteri.it\/es\/servizi-consolari-e-visti\/servizi-per-il-cittadino-straniero\/visti\/visto-di-studio\/visa-de-estudio-del-idioma-italiano-y-o-de-otros-cursos\/","title":{"rendered":"VISA de ESTUDIO (Idioma Italiano &#8211; Otros Cursos)"},"content":{"rendered":"<p style=\"text-align: center;\"><strong>VISA de ESTUDIO del IDIOMA ITALIANO y\/o de Otros Cursos<\/strong><\/p>\n<p>Para obtener informaciones generales sobre esta tipolog\u00eda de VISA visitar la siguiente p\u00e1gina web:\u00a0<a href=\"https:\/\/vistoperitalia.esteri.it\/\"><strong>https:\/\/vistoperitalia.esteri.it\/<\/strong><\/a><\/p>\n<p style=\"text-align: center;\"><strong>\u00bfPara qu\u00e9 sirve y qui\u00e9n la puede solicitar?<\/strong><\/p>\n<p>Esta VISA permite ingresar a Italia a los residentes en Guatemala \/ Honduras que desean\u00a0<strong>perfeccionar<\/strong>\u00a0el conocimiento del idioma italiano a partir del nivel B2.\u00a0<strong>Las solicitudes de quienes no tienen conocimiento del idioma italiano B1 certificado no ser\u00e1n recibidas.<\/strong><\/p>\n<p>Permite adem\u00e1s ingresar a quienes desean perfeccionar el conocimiento de otro tipo de estudios\/cursos (Ej. Moda-Arte-Cocina-Etc) siempre y cuando dicho curso represente una prosecuci\u00f3n de los estudios previos ya obtenidos en Guatemala.<\/p>\n<p>Estos requisitos no aplican para la visa de Estudio Universitario, de Intercambio, de Post-Grado).<\/p>\n<p>Se precisa que\u00a0<strong>la intensidad horaria m\u00ednima de estudio presencial<\/strong>\u00a0para este tipo de visa es de\u00a0<strong>20 horas semanales.<\/strong><\/p>\n<p>La VISA se puede solicitar con\u00a0<strong>tres meses de antelaci\u00f3n<\/strong>\u00a0a la fecha de inicio del viaje y\u00a0<strong>hasta 15 d\u00edas h\u00e1biles<\/strong>\u00a0antes de la misma fecha, pero recomendamos ponerse en contacto con nosotros con\u00a0<strong>al menos 30 d\u00edas de antelaci\u00f3n<\/strong>.<\/p>\n<p><strong>Tipo de VISA<\/strong>: \u201cD\u201d VISA de larga duraci\u00f3n (mayor de 90 d\u00edas hasta 365 d\u00edas).<\/p>\n<p><strong>REQUISITOS \u2013<\/strong>\u00a0Se deben presentar a la Embajada en el estricto orden abajo indicado (revisar la secci\u00f3n\u00a0<a href=\"https:\/\/ambguatemala.esteri.it\/es\/servizi-consolari-e-visti\/servizi-per-il-cittadino-straniero\/visti-2\/moduli-visti\/\"><strong>Formularios<\/strong><\/a>\u00a0de nuestra p\u00e1gina web):<\/p>\n<ol>\n<li>El\u00a0<a href=\"https:\/\/vistoperitalia.esteri.it\/files\/public\/moduli\/it\/Formulario_Visto_Nazionale.pdf\"><strong>formulario de solicitud<\/strong><\/a>(llenado y firmado) de VISA para ingresar a Italia.\u00a0En caso de dificultades en llenarlo en l\u00ednea, se puede descargar el documento de la secci\u00f3n\u00a0<a href=\"https:\/\/ambguatemala.esteri.it\/es\/servizi-consolari-e-visti\/servizi-per-il-cittadino-straniero\/visti-2\/moduli-visti\/\"><strong>Formularios<\/strong><\/a><strong>\u00a0<\/strong>de nuestra p\u00e1gina web);<\/li>\n<li><strong>Una fotograf\u00eda <\/strong>(3 cm x 4 cm) reciente a colores con fondo blanco;<\/li>\n<li><strong>Pasaporte vigente\u00a0<\/strong>(con validez de m\u00ednimo 90 d\u00edas m\u00e1s del d\u00eda de salida del \u00e1rea Schengen) con m\u00ednimo dos p\u00e1ginas libres y copia simple del mismo (s\u00f3lo de la p\u00e1gina del documento de viaje que contiene los datos personales del titular);<\/li>\n<li>Ser residente en Guatemala u Honduras. En caso de extranjeros, presentar\u00a0<strong>DPI\/DNI<\/strong>y tambi\u00e9n\u00a0<strong>Certificado de Extranjero Residente<\/strong>\u00a0vigente;<\/li>\n<li><strong>Demostraci\u00f3n de disponibilidad de alojamiento\u00a0<\/strong>a trav\u00e9s de una de las siguientes opciones:\n<ul>\n<li>Reserva de hotel\/residencia que cubra por lo menos las primeras 10 noches a partir de su llegada a Italia;<\/li>\n<li><a href=\"https:\/\/ambguatemala.esteri.it\/wp-content\/uploads\/2023\/11\/DICHIARAZIONEALLOGGIOGARANZIA.pdf\"><strong>Declaraci\u00f3n de hospedaje<\/strong><\/a>por parte de la entidad, de un ciudadano italiano\/europeo o extranjero regularmente residente en Italia (adjuntar fotocopia de un documento de identidad de la persona que hospeda);<\/li>\n<\/ul>\n<\/li>\n<li><strong>Certificado de inscripci\u00f3n\u00a0<\/strong>en italiano del Instituto\/Academia que dictar\u00e1 el curso de idioma italiano (o de otro curso elegido) con la descripci\u00f3n del nivel (intermedio\/avanzado) que se quiere cursar, la fecha de inicio y de finalizaci\u00f3n del curso y las horas diarias del mismo (original y copia). En caso de asistir a un curso de idioma italiano la certificaci\u00f3n deber\u00e1 tambi\u00e9n incluir el nivel inicial y final del curso. El certificado tendr\u00e1 que ser firmado por el representante del Instituto\/Academia y enviada a la Embajada por medio de correo electr\u00f3nico certificado (<strong>PEC<\/strong>);<\/li>\n<li><strong>Para otros cursos diferentes del idioma italiano\u00a0<\/strong>el\/la solicitante debe presentar el certificado de inscripci\u00f3n en el cual se indique tambi\u00e9n el idioma en el que ser\u00e1 dictado el curso, y la documentaci\u00f3n de estudio conseguida anteriormente, debidamente traducida y apostillada, donde se demuestre haber ya conseguido un conocimiento del estudio que desea ir a perfeccionar en Italia;<\/li>\n<li><strong>Dichiarazione di Valore<\/strong>si requerida por el Instituto (no necesaria para el estudio del idioma italiano);<\/li>\n<li><strong>Demostraci\u00f3n de disponibilidad de medios econ\u00f3micos<\/strong>(por la duraci\u00f3n del curso) que debe ser constante en el tiempo (no de \u00faltimo momento), estar disponible el d\u00eda de la presentaci\u00f3n de la solicitud de VISA y ser demostrable, seg\u00fan los valores indicados en la\u00a0<a href=\"https:\/\/vistoperitalia.esteri.it\/files\/public\/moduli\/it\/Direttiva_MinInterno_1-3-2000.pdf\"><strong>Tabella A anexada a la Directiva del Ministerio de Interior Italiano de fecha 01.03.2000<\/strong><\/a>. Los medios econ\u00f3micos tienen que ser demostrables a trav\u00e9s de una de las siguientes opciones:\n<ul>\n<li><strong>Disponibilidad de una cuenta bancaria <\/strong>a nombre del \/ de la estudiante o de los padres* en un\u00a0<u>Banco guatemalteco\/hondure\u00f1o<\/u>o en otro banco internacional con informaci\u00f3n actualizada. Dicha disponibilidad debe demostrarse a trav\u00e9s de los extractos bancarios de la\/las cuenta\/s de los \u00faltimos seis meses anteriores a la fecha de presentaci\u00f3n de la solicitud de VISA (original, debidamente sellado por el Banco emisor \u2013 no se admiten documentos descargados por internet sin los criterios antedichos). En caso de no estar disponibles los extractos del \u00faltimo periodo, se solicita presentar adem\u00e1s del certificado de los movimientos bancarios de los periodos que no cuenten con extracto bancario, el certificado del saldo disponible a la fecha de la\/s cuenta\/bancaria\/s;<br \/>\n*\u00a0Cuando los padres se hagan cargo de los gastos es necesaria la\u00a0<strong>declaraci\u00f3n jurada firmada ante un notario<\/strong>. \/ **Se precisa que la Embajada de Italia se reserva la aceptaci\u00f3n de documentaci\u00f3n de cuentas bancarias activas en un Pa\u00eds que no sea Guatemala o la U.E.;<\/li>\n<li><strong>En el caso que exista una beca\u00a0<\/strong>proporcionada por entidades reconocidas la carta de la Entidad debe indicar el nombre del becado, la finalidad de la beca y el monto exacto asignado; debe ser firmada por el responsable de la Entidad otorgante y acompa\u00f1ada por la fotocopia del DPI del\/a mismo\/a.<\/li>\n<\/ul>\n<\/li>\n<\/ol>\n<p>Se aconseja poseer Tarjeta de Cr\u00e9dito o de D\u00e9bito y presentar carta del banco emisor donde se especifique la vigencia y el l\u00edmite de cr\u00e9dito, sobre todo considerando los controles fronterizos. Se aconseja tambi\u00e9n proporcionar en la ventanilla <strong>carta laboral<\/strong>\u00a0o cualquier otra documentaci\u00f3n que respalde los ingresos econ\u00f3micos del \/ de la estudiante o de los padres;<\/p>\n<ol start=\"10\">\n<li><strong>Seguro m\u00e9dico\u00a0<\/strong>internacional con cobertura m\u00ednima de\u00a0<strong>\u20ac\u00a030,000<\/strong>en el \u00e1rea Schengen para asistencia m\u00e9dica, hospitalizaci\u00f3n, curaciones urgentes, traslado sanitario y repatriaci\u00f3n funeraria completamente a cargo de la Compa\u00f1\u00eda Aseguradora,\u00a0y con duraci\u00f3n desde el primer d\u00eda de viaje hasta la salida del \u00e1rea Schengen. En caso de deducible o co-pago, presentar una tarjeta de cr\u00e9dito con l\u00edmite de cr\u00e9dito mensual de\u00a0<strong>$<\/strong>\u00a0<strong>7,000 m\u00ednimo<\/strong>;<\/li>\n<li><strong>Reserva de vuelo\u00a0<\/strong>de ida y vuelta con destino final Italia y demostraci\u00f3n de disponibilidad de medios econ\u00f3micos para adquirir el\u00a0<strong>pasaje de regreso<\/strong>para salir del \u00e1rea Schengen en el caso en que se exhiba solo el pasaje de ida.<\/li>\n<\/ol>\n<p><strong>NOTAS<\/strong>:<\/p>\n<ul>\n<li>Favor contactarnos al correo\u00a0<a href=\"mailto:consolato.guatemala@esteri.it\"><strong>consolato.guatemala@esteri.it<\/strong><\/a>\u00a0para agendar la cita de solicitud de VISA;<\/li>\n<li>La solicitud de VISA deber\u00e1 ser presentada de manera presencial por el interesado, debido a que el tr\u00e1mite es estrictamente personal:<strong>\u00a0\u00e9sta Embajada no ha autorizado a ninguna agencia ni intermediario para los tramites de VISA<\/strong>;<\/li>\n<li>Todos los documentos detallados tendr\u00e1n que ser presentados en original + 1 copia;<\/li>\n<li>Se reciben solicitudes de VISA\u00a0<strong>\u00fanicamente de personas residentes en Guatemala \/ Honduras<\/strong>;<\/li>\n<li>La carta de invitaci\u00f3n debe estar siempre acompa\u00f1ada por la copia del\u00a0<strong>documento de identidad<\/strong>\u00a0del\u00a0<strong>declarante<\/strong>\u00a0con la firma visible y copia del\u00a0<strong>Permiso de Residencia<\/strong>\u00a0(\u201c<strong><em><u>Permesso di Soggiorno<\/u><\/em><\/strong>\u201d) vigente si el invitante fuera un\u00a0<strong>ciudadano extranjero<\/strong>\u00a0regularmente residente en Italia;<\/li>\n<li>No se aceptan garant\u00edas econ\u00f3micas de terceras personas residentes en Italia o en el exterior que no sean familiares cercanos;<\/li>\n<li>La carta de\u00a0<strong>Inscripci\u00f3n al Curso<\/strong>\u00a0debe siempre estar acompa\u00f1ada por la copia del documento de identidad del titular o apoderado del Instituto\/Academia de idiomas u otra que ha emitido el certificado;<\/li>\n<li>\u00c9sta Embajada se reserva el derecho de\u00a0<strong>verificar el nivel del conocimiento del idioma italiano<\/strong>\u00a0y pedir otro tipo de documentaci\u00f3n que estime necesaria;<\/li>\n<li>La VISA (si es otorgada), podr\u00e1 ser concedida con una fecha de entrada a Italia pocos d\u00edas antes del inicio del curso, as\u00ed como indicado en la carta del Instituto\/Academia. Quienes deseen entrar a Italia antes de esa fecha podr\u00e1n hacerlo como turistas (sin VISA) por un m\u00e1ximo de 90 d\u00edas si su nacionalidad est\u00e1 exenta de solicitar la\u00a0<strong>VISA de TURISMO<\/strong>;<\/li>\n<li>Siendo la VISA una concesi\u00f3n, aun presentando todos los documentos requeridos, la misma puede ser otorgada o rechazada. En este \u00faltimo caso ser\u00e1 entregado el\u00a0<strong>\u201c<em><u>Provvedimento di Diniego<\/u><\/em>\u201d<\/strong>;<\/li>\n<li>Si la VISA es otorgada, el titular de esta\u00a0<strong>deber\u00e1 solicitar dentro de los primeros ocho d\u00edas h\u00e1biles del ingreso a Italia el Permiso de Estad\u00eda\u00a0(\u201c<em>Permesso di Soggiorno<\/em>\u201d)<\/strong>\u00a0ante las Autoridades italianas competentes (\u201c<strong><em>Questura<\/em><\/strong>\u201d) presentando copia de todos los documentos que entreg\u00f3 en la ventanilla en su solicitud de VISA, demostrando de tal forma de cumplir con todos los requisitos solicitados.<\/li>\n<\/ul>\n","protected":false},"excerpt":{"rendered":"VISA de ESTUDIO del IDIOMA ITALIANO y\/o de Otros Cursos Para obtener informaciones generales sobre esta tipolog\u00eda de VISA visitar la siguiente p\u00e1gina web:\u00a0https:\/\/vistoperitalia.esteri.it\/ \u00bfPara qu\u00e9 sirve y qui\u00e9n la puede solicitar? Esta VISA permite ingresar a Italia a los residentes en Guatemala \/ Honduras que desean\u00a0perfeccionar\u00a0el conocimiento del idioma italiano a partir del nivel [&hellip;]","protected":false},"author":4,"featured_media":0,"parent":2023,"menu_order":3,"comment_status":"closed","ping_status":"closed","template":"","meta":{"footnotes":""},"class_list":["post-1852","page","type-page","status-publish","hentry"],"_links":{"self":[{"href":"https:\/\/ambguatemala.esteri.it\/es\/wp-json\/wp\/v2\/pages\/1852","targetHints":{"allow":["GET"]}}],"collection":[{"href":"https:\/\/ambguatemala.esteri.it\/es\/wp-json\/wp\/v2\/pages"}],"about":[{"href":"https:\/\/ambguatemala.esteri.it\/es\/wp-json\/wp\/v2\/types\/page"}],"author":[{"embeddable":true,"href":"https:\/\/ambguatemala.esteri.it\/es\/wp-json\/wp\/v2\/users\/4"}],"replies":[{"embeddable":true,"href":"https:\/\/ambguatemala.esteri.it\/es\/wp-json\/wp\/v2\/comments?post=1852"}],"version-history":[{"count":5,"href":"https:\/\/ambguatemala.esteri.it\/es\/wp-json\/wp\/v2\/pages\/1852\/revisions"}],"predecessor-version":[{"id":2576,"href":"https:\/\/ambguatemala.esteri.it\/es\/wp-json\/wp\/v2\/pages\/1852\/revisions\/2576"}],"up":[{"embeddable":true,"href":"https:\/\/ambguatemala.esteri.it\/es\/wp-json\/wp\/v2\/pages\/2023"}],"wp:attachment":[{"href":"https:\/\/ambguatemala.esteri.it\/es\/wp-json\/wp\/v2\/media?parent=1852"}],"curies":[{"name":"wp","href":"https:\/\/api.w.org\/{rel}","templated":true}]}}