{"id":1870,"date":"2025-05-29T23:51:36","date_gmt":"2025-05-29T21:51:36","guid":{"rendered":"https:\/\/ambguatemala.esteri.it\/servizi-consolari-e-visti\/servizi-per-il-cittadino-straniero\/visti-2\/visa-de-mision\/"},"modified":"2025-08-08T16:40:19","modified_gmt":"2025-08-08T14:40:19","slug":"visa-de-mision","status":"publish","type":"page","link":"https:\/\/ambguatemala.esteri.it\/es\/servizi-consolari-e-visti\/servizi-per-il-cittadino-straniero\/visti\/visa-de-mision\/","title":{"rendered":"VISA de MISI\u00d3N"},"content":{"rendered":"<p style=\"text-align: center;\"><strong>VISA de MISI\u00d3N<\/strong><\/p>\n<p>Para obtener informaciones generales sobre esta tipolog\u00eda de VISA visitar la siguiente p\u00e1gina web:\u00a0<a href=\"https:\/\/vistoperitalia.esteri.it\/\"><strong>https:\/\/vistoperitalia.esteri.it\/<\/strong><\/a><\/p>\n<p style=\"text-align: center;\"><strong>\u00bfPara qu\u00e9 sirve y qui\u00e9n la puede solicitar?<\/strong><\/p>\n<p>\u00c9sta VISA es emitida por las autoridades italianas<strong>\u00a0<\/strong>a los ciudadanos extranjeros no pertenecientes a la UE que necesitan entrar en Italia\u00a0<strong>por razones de su funci\u00f3n pol\u00edtica<\/strong>\u00a0o para llevar a cabo una\u00a0<strong>misi\u00f3n temporal<\/strong>\u00a0en nombre de una organizaci\u00f3n internacional o de utilidad p\u00fablica.<\/p>\n<p>\u00c9sta VISA se expide a quienes necesitan realizar actividades en Italia por un per\u00edodo de tiempo limitado, como asistir a una conferencia, realizar actividades de consultor\u00eda o formaci\u00f3n o incluso simplemente realizar una misi\u00f3n temporal por cuenta de una organizaci\u00f3n internacional (por ejemplo, ONU, FAO, etc.).<\/p>\n<p><strong>Nota<\/strong>:<\/p>\n<p>La VISA se puede solicitar con\u00a0<strong>tres meses de antelaci\u00f3n<\/strong>\u00a0a la fecha de inicio del viaje y\u00a0<strong>hasta 15 d\u00edas h\u00e1biles<\/strong>\u00a0antes de la misma fecha, pero recomendamos ponerse en contacto con nosotros con\u00a0<strong>al menos 30 d\u00edas de antelaci\u00f3n<\/strong>.<\/p>\n<p><strong>Tipo de VISA<\/strong>: \u201cC\u201d VISA de corta duraci\u00f3n (hasta 90 d\u00edas) o \u201cD\u201d VISA de larga duraci\u00f3n (mayor de 90 d\u00edas hasta 365 d\u00edas).<\/p>\n<p><strong>REQUISITOS \u2013<\/strong>\u00a0Se deben presentar a la Embajada en el estricto orden abajo indicado (revisar la secci\u00f3n\u00a0<a href=\"https:\/\/ambguatemala.esteri.it\/es\/servizi-consolari-e-visti\/servizi-per-il-cittadino-straniero\/visti-2\/moduli-visti\/\"><strong>Formularios<\/strong><\/a>\u00a0de nuestra p\u00e1gina web):<\/p>\n<ol>\n<li>El\u00a0<a href=\"https:\/\/vistoperitalia.esteri.it\/files\/public\/moduli\/it\/Formulario_Visto_Nazionale.pdf\"><strong>formulario de solicitud<\/strong><\/a> (llenado y firmado) de VISA para ingresar a Italia.\u00a0En caso de dificultades en llenarlo en l\u00ednea, se puede descargar el documento de la secci\u00f3n\u00a0<a href=\"https:\/\/ambguatemala.esteri.it\/es\/servizi-consolari-e-visti\/servizi-per-il-cittadino-straniero\/visti-2\/moduli-visti\/\"><strong>Formularios<\/strong><\/a>de nuestra p\u00e1gina web);<\/li>\n<li><strong>Una fotograf\u00eda <\/strong>(3 cm x 4 cm) reciente a colores con fondo blanco;<\/li>\n<li><strong>Pasaporte vigente\u00a0<\/strong>(con validez de m\u00ednimo 90 d\u00edas m\u00e1s del d\u00eda de salida del \u00e1rea Schengen) con m\u00ednimo dos p\u00e1ginas libres y copia simple del mismo (s\u00f3lo de la p\u00e1gina del documento de viaje que contiene los datos personales del titular);<\/li>\n<li>Ser residente en Guatemala u Honduras. En caso de extranjeros, presentar\u00a0<strong>DPI\/DNI<\/strong>y tambi\u00e9n\u00a0<strong>Certificado de Extranjero Residente<\/strong>\u00a0vigente;<\/li>\n<li><strong>Nota verbal\u00a0<\/strong>de la Organizaci\u00f3n invitante. Para FAO, IFAD, PAM, BIODIVERSITY INTERNATIONAL, IDLO, la nota verbal con la cual se solicita la VISA tiene que llegar a la Embajada por medio de la\u00a0<strong>\u201cRappresentanza Permanente presso le Organizzazioni delle Nazioni Unite\u201d<\/strong>en Roma;<\/li>\n<li><strong>Comunicaci\u00f3n oficial<\/strong>de presentaci\u00f3n otorgada por la entidad competente, donde se indicar\u00e1 el motivo del viaje, el lugar donde se llevar\u00e1 a cabo, la actividad que se desarrollar\u00e1, la direcci\u00f3n durante la estad\u00eda y el ente que paga los gastos del viaje del funcionario;<\/li>\n<li><strong>Seguro m\u00e9dico\u00a0<\/strong>internacional con cobertura m\u00ednima de\u00a0<strong>\u20ac\u00a030,000<\/strong>en el \u00e1rea Schengen para asistencia m\u00e9dica, hospitalizaci\u00f3n, curaciones urgentes, traslado sanitario y repatriaci\u00f3n funeraria completamente a cargo de la Compa\u00f1\u00eda Aseguradora,\u00a0y con duraci\u00f3n desde el primer d\u00eda de viaje hasta la salida del \u00e1rea Schengen. En caso de deducible o co-pago, presentar una tarjeta de cr\u00e9dito con l\u00edmite de cr\u00e9dito mensual de\u00a0<strong>$<\/strong>\u00a0<strong>7,000 m\u00ednimo<\/strong>;<\/li>\n<li><strong>Reserva de vuelo\u00a0<\/strong>de ida y vuelta con destino final Italia y demostraci\u00f3n de disponibilidad de medios econ\u00f3micos para adquirir el\u00a0<strong>pasaje de regreso<\/strong>para salir del \u00e1rea Schengen en el caso en que se exhiba solo el pasaje de ida.<\/li>\n<\/ol>\n<p><strong>NOTAS<\/strong>:<\/p>\n<ul>\n<li>Favor contactarnos al correo\u00a0<a href=\"mailto:consolato.guatemala@esteri.it\"><strong>consolato.guatemala@esteri.it<\/strong><\/a>\u00a0para agendar la cita de solicitud de VISA;<\/li>\n<li>Para los familiares del solicitante se puede emitir tambi\u00e9n una VISA de Misi\u00f3n.<\/li>\n<li>La solicitud de VISA deber\u00e1 ser presentada de manera presencial por el interesado, debido a que el tr\u00e1mite es estrictamente personal:\u00a0<strong>\u00e9sta Embajada no ha autorizado a ninguna agencia ni intermediario para los tramites de VISA<\/strong>;<\/li>\n<li>Todos los documentos detallados tendr\u00e1n que ser presentados en original + 1 copia;<\/li>\n<li>Se reciben solicitudes de VISA\u00a0<strong>\u00fanicamente de personas residentes en Guatemala \/ Honduras<\/strong>;<\/li>\n<li>Es importante recordar que \u00e9sta VISA es temporal y no da derecho a trabajar en Italia m\u00e1s all\u00e1 del per\u00edodo de validez indicado ni a permanecer en Italia m\u00e1s all\u00e1 del mismo periodo;<\/li>\n<li>\u00c9sta Embajada se reserva el derecho de solicitar otro tipo de documentaci\u00f3n que estime necesaria;<\/li>\n<li>Siendo la VISA una concesi\u00f3n, aun presentando todos los documentos requeridos, la misma puede ser otorgada o rechazada. En este \u00faltimo caso ser\u00e1 entregado el\u00a0<strong>\u201c<em><u>Provvedimento di Diniego<\/u><\/em>\u201d<\/strong>;<\/li>\n<li>Si la VISA es otorgada, el titular de esta\u00a0<strong>deber\u00e1 solicitar dentro de los primeros ocho d\u00edas h\u00e1biles del ingreso a Italia el Permiso de Estad\u00eda\u00a0(\u201c<em>Permesso di Soggiorno<\/em>\u201d)<\/strong>\u00a0ante las Autoridades italianas competentes (\u201c<strong><em>Questura<\/em><\/strong>\u201d) presentando copia de todos los documentos que entreg\u00f3 en la ventanilla en su solicitud de VISA, demostrando de tal forma de cumplir con todos los requisitos solicitados.<\/li>\n<\/ul>\n","protected":false},"excerpt":{"rendered":"VISA de MISI\u00d3N Para obtener informaciones generales sobre esta tipolog\u00eda de VISA visitar la siguiente p\u00e1gina web:\u00a0https:\/\/vistoperitalia.esteri.it\/ \u00bfPara qu\u00e9 sirve y qui\u00e9n la puede solicitar? \u00c9sta VISA es emitida por las autoridades italianas\u00a0a los ciudadanos extranjeros no pertenecientes a la UE que necesitan entrar en Italia\u00a0por razones de su funci\u00f3n pol\u00edtica\u00a0o para llevar a cabo [&hellip;]","protected":false},"author":4,"featured_media":0,"parent":142,"menu_order":12,"comment_status":"closed","ping_status":"closed","template":"","meta":{"footnotes":""},"class_list":["post-1870","page","type-page","status-publish","hentry"],"_links":{"self":[{"href":"https:\/\/ambguatemala.esteri.it\/es\/wp-json\/wp\/v2\/pages\/1870","targetHints":{"allow":["GET"]}}],"collection":[{"href":"https:\/\/ambguatemala.esteri.it\/es\/wp-json\/wp\/v2\/pages"}],"about":[{"href":"https:\/\/ambguatemala.esteri.it\/es\/wp-json\/wp\/v2\/types\/page"}],"author":[{"embeddable":true,"href":"https:\/\/ambguatemala.esteri.it\/es\/wp-json\/wp\/v2\/users\/4"}],"replies":[{"embeddable":true,"href":"https:\/\/ambguatemala.esteri.it\/es\/wp-json\/wp\/v2\/comments?post=1870"}],"version-history":[{"count":6,"href":"https:\/\/ambguatemala.esteri.it\/es\/wp-json\/wp\/v2\/pages\/1870\/revisions"}],"predecessor-version":[{"id":2514,"href":"https:\/\/ambguatemala.esteri.it\/es\/wp-json\/wp\/v2\/pages\/1870\/revisions\/2514"}],"up":[{"embeddable":true,"href":"https:\/\/ambguatemala.esteri.it\/es\/wp-json\/wp\/v2\/pages\/142"}],"wp:attachment":[{"href":"https:\/\/ambguatemala.esteri.it\/es\/wp-json\/wp\/v2\/media?parent=1870"}],"curies":[{"name":"wp","href":"https:\/\/api.w.org\/{rel}","templated":true}]}}