{"id":1880,"date":"2025-05-29T23:55:38","date_gmt":"2025-05-29T21:55:38","guid":{"rendered":"https:\/\/ambguatemala.esteri.it\/servizi-consolari-e-visti\/servizi-per-il-cittadino-straniero\/visti-2\/visa-motivos-religiosos\/"},"modified":"2025-08-08T16:36:55","modified_gmt":"2025-08-08T14:36:55","slug":"visa-motivos-religiosos","status":"publish","type":"page","link":"https:\/\/ambguatemala.esteri.it\/es\/servizi-consolari-e-visti\/servizi-per-il-cittadino-straniero\/visti\/visa-motivos-religiosos\/","title":{"rendered":"VISA por MOTIVOS RELIGIOSOS"},"content":{"rendered":"<p style=\"text-align: center;\"><strong>VISA por MOTIVOS RELIGIOSOS<\/strong><\/p>\n<p>Para obtener informaciones generales sobre esta tipolog\u00eda de VISA visitar la siguiente p\u00e1gina web:\u00a0<a href=\"https:\/\/vistoperitalia.esteri.it\/\"><strong>https:\/\/vistoperitalia.esteri.it\/<\/strong><\/a><\/p>\n<p style=\"text-align: center;\"><strong>\u00bfPara qu\u00e9 sirve y qui\u00e9n la puede solicitar?<\/strong><\/p>\n<p>\u00c9sta VISA permite a los \u201c<strong>ministros de culto<\/strong>\u201d o \u201c<strong>religiosos<\/strong>\u201d de su propia organizaci\u00f3n confesional poder ingresar a Italia para participar en manifestaciones de culto o para desarrollar las actividades propias de su funci\u00f3n religiosa y\/o pastoral.<\/p>\n<p><strong>Nota<\/strong>:\u00a0<u>Las Organizaciones Confesionales deben estar reconocidas por el Estado Italiano<\/u>.<\/p>\n<p>\u00c9sta VISA se puede solicitar con\u00a0<strong>seis meses de antelaci\u00f3n<\/strong>\u00a0a la fecha de inicio del viaje y\u00a0<strong>hasta 15 d\u00edas h\u00e1biles<\/strong>\u00a0antes de la misma fecha, pero recomendamos ponerse en contacto con nosotros con\u00a0<strong>al menos 30 d\u00edas de antelaci\u00f3n<\/strong>.<\/p>\n<p><strong>Tipo de visa<\/strong>: \u201cC\u201d visa de corta duraci\u00f3n (hasta 90 d\u00edas) o \u201cD\u201d visa de larga duraci\u00f3n (mayor de 90 d\u00edas hasta 365 d\u00edas).<\/p>\n<p><strong>REQUISITOS \u2013<\/strong>\u00a0Se deben presentar a la Embajada en el estricto orden abajo indicado (revisar la secci\u00f3n\u00a0<a href=\"https:\/\/ambguatemala.esteri.it\/es\/servizi-consolari-e-visti\/servizi-per-il-cittadino-straniero\/visti-2\/moduli-visti\/\"><strong>Formularios<\/strong><\/a>\u00a0de nuestra p\u00e1gina web):<\/p>\n<ol>\n<li>El\u00a0<a href=\"https:\/\/vistoperitalia.esteri.it\/files\/public\/moduli\/it\/Formulario_Visto_Nazionale.pdf\"><strong>formulario de solicitud<\/strong><\/a>(llenado y firmado) de VISA para ingresar a Italia.\u00a0En caso de dificultades en llenarlo en l\u00ednea, se puede descargar el documento de la secci\u00f3n\u00a0<a href=\"https:\/\/ambguatemala.esteri.it\/es\/servizi-consolari-e-visti\/servizi-per-il-cittadino-straniero\/visti-2\/moduli-visti\/\"><strong>Formularios<\/strong><\/a><strong>\u00a0<\/strong>de nuestra p\u00e1gina web);<\/li>\n<li><strong>Una fotograf\u00eda <\/strong>(3 cm x 4 cm) reciente a colores con fondo blanco;<\/li>\n<li><strong>Pasaporte vigente\u00a0<\/strong>(con validez de m\u00ednimo 90 d\u00edas m\u00e1s del d\u00eda de salida del \u00e1rea Schengen) con m\u00ednimo dos p\u00e1ginas libres y copia simple del mismo (s\u00f3lo de la p\u00e1gina del documento de viaje que contiene los datos personales del titular);<\/li>\n<li>Ser residente en Guatemala u Honduras. En caso de extranjeros, presentar\u00a0<strong>DPI\/DNI<\/strong>y tambi\u00e9n\u00a0<strong>Certificado de Extranjero Residente<\/strong>\u00a0vigente;<\/li>\n<li><strong>Carta original de la Congregaci\u00f3n\/Organizaci\u00f3n Confesional local\u00a0<\/strong>(ubicada en Guatemala u Honduras) que indique:\n<ul>\n<li>los datos personales del solicitante, legalizada por la Nunciatura Apost\u00f3lica en Guatemala (para culto cat\u00f3lico) o firmada ante un notario (para otros cultos);<\/li>\n<li>su estatus religioso;<\/li>\n<li>la indicaci\u00f3n de la finalidad del viaje, la fecha de inicio de la estad\u00eda en Italia, la duraci\u00f3n y la autorizaci\u00f3n expresa a permanecer por el tiempo indicado en Italia;<\/li>\n<\/ul>\n<\/li>\n<li><strong>Carta de la Congregaci\u00f3n\/Organizaci\u00f3n Confesional en Italia\u00a0<\/strong>(original) con firma legalizada por la Secretaria de Estado Vaticano (para culto cat\u00f3lico) que indique:\n<ul>\n<li>los datos completos del\/la solicitante y su funci\u00f3n;<\/li>\n<li>la motivaci\u00f3n religiosa del viaje;<\/li>\n<li>la fecha de inicio de la estad\u00eda en Italia, su duraci\u00f3n y el lugar;<\/li>\n<li>el hacerse cargo de la alimentaci\u00f3n, cubertura econ\u00f3mica y alojamiento para toda la estad\u00eda en Italia;<\/li>\n<li>el hacerse cargo de la asistencia m\u00e9dica y hospitalaria para toda la estad\u00eda en Italia;<\/li>\n<\/ul>\n<\/li>\n<li><strong>En caso de Confesiones religiosa diferentes de la cat\u00f3lica<\/strong>: La carta de Congregaci\u00f3n operante en Italia, que igualmente debe indicar lo requerido en el punto anterior, debe adem\u00e1s ser legalizada por la m\u00e1s alta autoridad religiosa en Italia de acuerdo con la Confesi\u00f3n religiosa de pertenencia;<\/li>\n<li><strong>Seguro m\u00e9dico\u00a0<\/strong>internacional con cobertura m\u00ednima de\u00a0<strong>\u20ac\u00a030,000<\/strong>en el \u00e1rea Schengen para asistencia m\u00e9dica, hospitalizaci\u00f3n, curaciones urgentes, traslado sanitario y repatriaci\u00f3n funeraria completamente a cargo de la Compa\u00f1\u00eda Aseguradora,\u00a0y con duraci\u00f3n desde el primer d\u00eda de viaje hasta la salida del \u00e1rea Schengen. En caso de deducible o co-pago, presentar una tarjeta de cr\u00e9dito con l\u00edmite de cr\u00e9dito mensual de\u00a0<strong>$<\/strong>\u00a0<strong>7,000 m\u00ednimo<\/strong>;<\/li>\n<li><strong>Reserva de vuelo\u00a0<\/strong>de ida y vuelta con destino final Italia y demostraci\u00f3n de disponibilidad de medios econ\u00f3micos para adquirir el\u00a0<strong>pasaje de regreso<\/strong>para salir del \u00e1rea Schengen en el caso en que se exhiba solo el pasaje de ida.<\/li>\n<\/ol>\n<p><strong>\u00a0<\/strong><\/p>\n<p><strong>NOTAS<\/strong>:<\/p>\n<ul>\n<li>Favor contactarnos al correo\u00a0<a href=\"mailto:consolato.guatemala@esteri.it\"><strong>consolato.guatemala@esteri.it<\/strong><\/a>\u00a0para agendar la cita de solicitud de VISA;<\/li>\n<li>La solicitud de VISA deber\u00e1 ser presentada de manera presencial por el interesado, debido a que el tr\u00e1mite es estrictamente personal:\u00a0<strong>\u00e9sta Embajada no ha autorizado a ninguna agencia ni intermediario para los tramites de VISA<\/strong>;<\/li>\n<li>Todos los documentos detallados tendr\u00e1n que ser presentados en original + 1 copia;<\/li>\n<li>Se reciben solicitudes de VISA\u00a0<strong>\u00fanicamente de personas residentes en Guatemala \/ Honduras<\/strong>;<\/li>\n<li>\u00c9sta Embajada se reserva el derecho de solicitar otro tipo de documentaci\u00f3n que estime necesaria;<\/li>\n<li>La VISA (si es otorgada), podr\u00e1 ser concedida con una fecha de entrada a Italia pocos d\u00edas antes de la fecha de inicio de las actividades indicada en la carta de la Congregaci\u00f3n \/ Organizaci\u00f3n Confesional. Quienes deseen entrar a Italia antes de esa fecha podr\u00e1n hacerlo como turistas (sin VISA) por un m\u00e1ximo de 90 d\u00edas si su nacionalidad est\u00e1 exenta de solicitar la\u00a0<strong>VISA de TURISMO<\/strong>;<\/li>\n<li>Siendo la VISA una concesi\u00f3n, aun presentando todos los documentos requeridos, la misma puede ser otorgada o rechazada. En este \u00faltimo caso ser\u00e1 entregado el\u00a0<strong>\u201c<em><u>Provvedimento di Diniego<\/u><\/em>\u201d<\/strong>;<\/li>\n<li>Si la VISA es otorgada, el titular de esta\u00a0<strong>deber\u00e1 solicitar dentro de los primeros ocho d\u00edas h\u00e1biles del ingreso a Italia el Permiso de Estad\u00eda\u00a0(\u201c<em>Permesso di Soggiorno<\/em>\u201d)<\/strong>\u00a0ante las Autoridades italianas competentes (\u201c<strong><em>Questura<\/em><\/strong>\u201d) presentando copia de todos los documentos que entreg\u00f3 en la ventanilla en su solicitud de VISA, demostrando de tal forma de cumplir con todos los requisitos solicitados.<\/li>\n<\/ul>\n","protected":false},"excerpt":{"rendered":"VISA por MOTIVOS RELIGIOSOS Para obtener informaciones generales sobre esta tipolog\u00eda de VISA visitar la siguiente p\u00e1gina web:\u00a0https:\/\/vistoperitalia.esteri.it\/ \u00bfPara qu\u00e9 sirve y qui\u00e9n la puede solicitar? \u00c9sta VISA permite a los \u201cministros de culto\u201d o \u201creligiosos\u201d de su propia organizaci\u00f3n confesional poder ingresar a Italia para participar en manifestaciones de culto o para desarrollar las [&hellip;]","protected":false},"author":4,"featured_media":0,"parent":142,"menu_order":8,"comment_status":"closed","ping_status":"closed","template":"","meta":{"footnotes":""},"class_list":["post-1880","page","type-page","status-publish","hentry"],"_links":{"self":[{"href":"https:\/\/ambguatemala.esteri.it\/es\/wp-json\/wp\/v2\/pages\/1880","targetHints":{"allow":["GET"]}}],"collection":[{"href":"https:\/\/ambguatemala.esteri.it\/es\/wp-json\/wp\/v2\/pages"}],"about":[{"href":"https:\/\/ambguatemala.esteri.it\/es\/wp-json\/wp\/v2\/types\/page"}],"author":[{"embeddable":true,"href":"https:\/\/ambguatemala.esteri.it\/es\/wp-json\/wp\/v2\/users\/4"}],"replies":[{"embeddable":true,"href":"https:\/\/ambguatemala.esteri.it\/es\/wp-json\/wp\/v2\/comments?post=1880"}],"version-history":[{"count":6,"href":"https:\/\/ambguatemala.esteri.it\/es\/wp-json\/wp\/v2\/pages\/1880\/revisions"}],"predecessor-version":[{"id":2504,"href":"https:\/\/ambguatemala.esteri.it\/es\/wp-json\/wp\/v2\/pages\/1880\/revisions\/2504"}],"up":[{"embeddable":true,"href":"https:\/\/ambguatemala.esteri.it\/es\/wp-json\/wp\/v2\/pages\/142"}],"wp:attachment":[{"href":"https:\/\/ambguatemala.esteri.it\/es\/wp-json\/wp\/v2\/media?parent=1880"}],"curies":[{"name":"wp","href":"https:\/\/api.w.org\/{rel}","templated":true}]}}