{"id":1899,"date":"2025-05-30T20:50:38","date_gmt":"2025-05-30T18:50:38","guid":{"rendered":"https:\/\/ambguatemala.esteri.it\/servizi-consolari-e-visti\/servizi-per-il-cittadino-straniero\/visti-2\/visto-per-gara-sportiva\/"},"modified":"2025-08-08T16:31:06","modified_gmt":"2025-08-08T14:31:06","slug":"visto-per-gara-sportiva","status":"publish","type":"page","link":"https:\/\/ambguatemala.esteri.it\/es\/servizi-consolari-e-visti\/servizi-per-il-cittadino-straniero\/visti\/visto-per-gara-sportiva\/","title":{"rendered":"VISA para COMPETENCIA DEPORTIVA"},"content":{"rendered":"<p style=\"text-align: center;\"><strong>VISA para COMPETENCIA DEPORTIVA<\/strong><\/p>\n<p>Para obtener informaciones generales sobre esta tipolog\u00eda de VISA visitar la siguiente p\u00e1gina web:\u00a0<a href=\"https:\/\/vistoperitalia.esteri.it\/\"><strong>https:\/\/vistoperitalia.esteri.it\/<\/strong><\/a><\/p>\n<p style=\"text-align: center;\"><strong>\u00bfPara qu\u00e9 sirve y qui\u00e9n la puede solicitar?<\/strong><\/p>\n<p>Esta VISA permite ingresar a Italia para competencia deportiva (\u201c<strong><em>gara sportiva<\/em><\/strong>\u201d) a los ciudadanos\u00a0<strong>no guatemaltecos ni hondure\u00f1os<\/strong>\u00a0residentes en Guatemala\/Honduras que requieren \u00e9ste tipo de Visa seg\u00fan la p\u00e1gina web\u00a0<a href=\"https:\/\/vistoperitalia.esteri.it\/\"><strong>https:\/\/vistoperitalia.esteri.it\/<\/strong><\/a>.<\/p>\n<p>\u00c9sta VISA se puede solicitar con\u00a0<strong>tres meses de antelaci\u00f3n<\/strong>\u00a0a la fecha de inicio del viaje y\u00a0<strong>hasta 15 d\u00edas h\u00e1biles<\/strong>\u00a0antes de la misma fecha, pero recomendamos ponerse en contacto con nosotros con\u00a0<strong>al menos 30 d\u00edas de antelaci\u00f3n<\/strong>.<\/p>\n<p><strong>Se precisa que \u00e9sta VISA se podr\u00e1 otorgar solamente con la autorizaci\u00f3n del CONI.<\/strong><\/p>\n<p><strong>Tipo de VISA<\/strong>: \u201cC\u201d VISA de corta duraci\u00f3n (hasta 90 d\u00edas)<\/p>\n<p><strong>REQUISITOS \u2013<\/strong>\u00a0Se deben presentar a la Embajada en el estricto orden abajo indicado (revisar la secci\u00f3n\u00a0<a href=\"https:\/\/ambguatemala.esteri.it\/es\/servizi-consolari-e-visti\/servizi-per-il-cittadino-straniero\/visti-2\/moduli-visti\/\"><strong>Formularios<\/strong><\/a>\u00a0de nuestra p\u00e1gina web):<\/p>\n<ol>\n<li>El\u00a0<a href=\"https:\/\/e-applicationvisa.esteri.it\/\"><strong>formulario de solicitud<\/strong><\/a> (llenado y firmado) de VISA para ingresar al espacio Schengen.\u00a0En caso de dificultades en llenarlo en l\u00ednea, se puede descargar el documento de la secci\u00f3n\u00a0<a href=\"https:\/\/ambguatemala.esteri.it\/es\/servizi-consolari-e-visti\/servizi-per-il-cittadino-straniero\/visti-2\/moduli-visti\/\"><strong>Formularios<\/strong><\/a>de nuestra p\u00e1gina web);<\/li>\n<li><strong>Una fotograf\u00eda <\/strong>(3 cm x 4 cm) reciente a colores con fondo blanco;<\/li>\n<li><strong>Pasaporte vigente\u00a0<\/strong>(con validez de m\u00ednimo 90 d\u00edas m\u00e1s del d\u00eda de salida del \u00e1rea Schengen) con m\u00ednimo dos p\u00e1ginas libres y copia simple del mismo (s\u00f3lo de la p\u00e1gina del documento de viaje que contiene los datos personales del titular);<\/li>\n<li>Ser residente en Guatemala u Honduras. En caso de extranjeros, presentar\u00a0<strong>DPI\u00a0\/ DNI<\/strong>y tambi\u00e9n\u00a0<strong>Certificado de Extranjero Residente<\/strong>\u00a0vigente;<\/li>\n<li><strong>Invitaci\u00f3n oficial<\/strong>de la Federaci\u00f3n deportiva italiana competente o del Ente organizador que respalde la participaci\u00f3n del interesado al evento y solicite la emisi\u00f3n de la VISA;<\/li>\n<li><strong>Demostraci\u00f3n de disponibilidad de alojamiento\u00a0<\/strong>a trav\u00e9s de una de las siguientes opciones:\n<ul>\n<li>Reserva de hotel\/residencia que cubra toda la estad\u00eda en Italia;<\/li>\n<li><a href=\"https:\/\/ambguatemala.esteri.it\/wp-content\/uploads\/2023\/11\/DICHIARAZIONEALLOGGIOGARANZIA.pdf\"><strong>Declaraci\u00f3n de alojamiento<\/strong><\/a>por parte de la Federaci\u00f3n invitante;<\/li>\n<\/ul>\n<\/li>\n<li><strong>Demostraci\u00f3n de disponibilidad de medios econ\u00f3micos<\/strong>(por la duraci\u00f3n del viaje) que debe ser constante en el tiempo (no de \u00faltimo momento), estar disponible el d\u00eda de la presentaci\u00f3n de la solicitud de VISA y ser demostrable, seg\u00fan los valores indicados en la\u00a0<a href=\"https:\/\/vistoperitalia.esteri.it\/files\/public\/moduli\/it\/Direttiva_MinInterno_1-3-2000.pdf\"><strong>Tabella A anexada a la Directiva del Ministerio de Interior Italiano de fecha 01.03.2000<\/strong><\/a>. Se precisa que es obligatorio poseer Tarjeta de Cr\u00e9dito o de D\u00e9bito y presentar carta del banco emisor donde se especifique la vigencia y el l\u00edmite de cr\u00e9dito.\u00a0<strong>No hay que demostrar \u00e9sta disponibilidad si la Federaci\u00f3n se hace cargo de todos los gastos<\/strong>;<\/li>\n<li><strong>Seguro m\u00e9dico\u00a0<\/strong>internacional con cobertura m\u00ednima de\u00a0<strong>\u20ac\u00a030,000\u00a0<\/strong>en el \u00e1rea Schengen para asistencia m\u00e9dica, hospitalizaci\u00f3n, curaciones urgentes, traslado sanitario y repatriaci\u00f3n funeraria completamente a cargo de la Compa\u00f1\u00eda Aseguradora,\u00a0y con duraci\u00f3n desde el primer d\u00eda de viaje hasta la salida del \u00e1rea Schengen. En caso de deducible o co-pago, presentar una tarjeta de cr\u00e9dito con l\u00edmite de cr\u00e9dito mensual de\u00a0<strong>$ 7,000 m\u00ednimo.\u00a0Si la Federaci\u00f3n se hace cargo del seguro m\u00e9dico, hay que proporcionar documentaci\u00f3n de respaldo<\/strong>;<\/li>\n<li><strong>Reserva de vuelo\u00a0<\/strong>de ida y vuelta con destino final Italia y demostraci\u00f3n de disponibilidad de medios econ\u00f3micos para adquirir el\u00a0<strong>pasaje de regreso<\/strong>para salir del \u00e1rea Schengen en el caso en que se exhiba solo el pasaje de ida.<\/li>\n<\/ol>\n<p><strong>NOTAS<\/strong>:<\/p>\n<ul>\n<li>Favor contactarnos al correo\u00a0<a href=\"mailto:consolato.guatemala@esteri.it\"><strong>consolato.guatemala@esteri.it<\/strong><\/a>\u00a0para agendar la cita de solicitud de VISA;<\/li>\n<li>La solicitud de VISA deber\u00e1 ser presentada de manera presencial por el interesado, debido a que el tr\u00e1mite es estrictamente personal:\u00a0<strong>\u00e9sta Embajada no ha autorizado a ninguna agencia ni intermediario para los tramites de VISA<\/strong>;<\/li>\n<li>La Federaci\u00f3n debe enviar la\u00a0<strong>carta de invitaci\u00f3n oficial<\/strong>\u00a0por medio de\u00a0<strong>PEC<\/strong>;<\/li>\n<li>Todos los documentos detallados tendr\u00e1n que ser presentados en original + 1 copia;<\/li>\n<li>Se reciben solicitudes de VISA\u00a0<strong>\u00fanicamente de personas residentes en Guatemala \/ Honduras<\/strong>;<\/li>\n<li>\u00c9sta Embajada se reserva el derecho de solicitar otro tipo de documentaci\u00f3n que estime necesaria;<\/li>\n<li>Siendo la VISA una concesi\u00f3n, aun presentando todos los documentos requeridos, la misma puede ser otorgada o rechazada. En este \u00faltimo caso ser\u00e1 entregado el\u00a0<strong>\u201c<em><u>Provvedimento di Diniego<\/u><\/em>\u201d<\/strong>;<\/li>\n<li>Por mayor seguridad el\/la solicitante deber\u00e1\u00a0<strong>llevar durante su viaje todos los documentos en copia<\/strong>\u00a0por si se le solicitan al control migratorio del \u00e1rea Schengen.<\/li>\n<\/ul>\n","protected":false},"excerpt":{"rendered":"VISA para COMPETENCIA DEPORTIVA Para obtener informaciones generales sobre esta tipolog\u00eda de VISA visitar la siguiente p\u00e1gina web:\u00a0https:\/\/vistoperitalia.esteri.it\/ \u00bfPara qu\u00e9 sirve y qui\u00e9n la puede solicitar? Esta VISA permite ingresar a Italia para competencia deportiva (\u201cgara sportiva\u201d) a los ciudadanos\u00a0no guatemaltecos ni hondure\u00f1os\u00a0residentes en Guatemala\/Honduras que requieren \u00e9ste tipo de Visa seg\u00fan la p\u00e1gina web\u00a0https:\/\/vistoperitalia.esteri.it\/. [&hellip;]","protected":false},"author":4,"featured_media":0,"parent":142,"menu_order":16,"comment_status":"closed","ping_status":"closed","template":"","meta":{"footnotes":""},"class_list":["post-1899","page","type-page","status-publish","hentry"],"_links":{"self":[{"href":"https:\/\/ambguatemala.esteri.it\/es\/wp-json\/wp\/v2\/pages\/1899","targetHints":{"allow":["GET"]}}],"collection":[{"href":"https:\/\/ambguatemala.esteri.it\/es\/wp-json\/wp\/v2\/pages"}],"about":[{"href":"https:\/\/ambguatemala.esteri.it\/es\/wp-json\/wp\/v2\/types\/page"}],"author":[{"embeddable":true,"href":"https:\/\/ambguatemala.esteri.it\/es\/wp-json\/wp\/v2\/users\/4"}],"replies":[{"embeddable":true,"href":"https:\/\/ambguatemala.esteri.it\/es\/wp-json\/wp\/v2\/comments?post=1899"}],"version-history":[{"count":4,"href":"https:\/\/ambguatemala.esteri.it\/es\/wp-json\/wp\/v2\/pages\/1899\/revisions"}],"predecessor-version":[{"id":2488,"href":"https:\/\/ambguatemala.esteri.it\/es\/wp-json\/wp\/v2\/pages\/1899\/revisions\/2488"}],"up":[{"embeddable":true,"href":"https:\/\/ambguatemala.esteri.it\/es\/wp-json\/wp\/v2\/pages\/142"}],"wp:attachment":[{"href":"https:\/\/ambguatemala.esteri.it\/es\/wp-json\/wp\/v2\/media?parent=1899"}],"curies":[{"name":"wp","href":"https:\/\/api.w.org\/{rel}","templated":true}]}}