{"id":1915,"date":"2025-05-30T20:58:30","date_gmt":"2025-05-30T18:58:30","guid":{"rendered":"https:\/\/ambguatemala.esteri.it\/?page_id=1915"},"modified":"2025-08-08T16:43:23","modified_gmt":"2025-08-08T14:43:23","slug":"visa-para-trabajo-dependiente","status":"publish","type":"page","link":"https:\/\/ambguatemala.esteri.it\/es\/servizi-consolari-e-visti\/servizi-per-il-cittadino-straniero\/visti\/visa-para-trabajo-dependiente\/","title":{"rendered":"VISA para TRABAJO DEPENDIENTE"},"content":{"rendered":"<p style=\"text-align: center;\"><strong>VISA para TRABAJO DEPENDIENTE<\/strong><\/p>\n<p>Para obtener informaciones generales sobre esta tipolog\u00eda de VISA visitar la siguiente p\u00e1gina web:\u00a0<a href=\"https:\/\/vistoperitalia.esteri.it\/\"><strong>https:\/\/vistoperitalia.esteri.it\/<\/strong><\/a><\/p>\n<p style=\"text-align: center;\"><strong>\u00bfPara qu\u00e9 sirve y qui\u00e9n la puede solicitar?<\/strong><\/p>\n<p>\u00c9sta VISA permite al ciudadano extranjero ingresar y residir en Italia con la finalidad de trabajar de forma dependiente, ya sea contratado por una persona natural o jur\u00eddica residente en Italia.<\/p>\n<p>El tr\u00e1mite empieza en Italia donde la misma persona, natural o jur\u00eddica, solicita ante la\u00a0<strong>\u201c<em>Prefettura<\/em>\u201d<\/strong>\u00a0territorialmente competente la respectiva autorizaci\u00f3n (<strong>\u201c<em>Nulla Osta\u201d<\/em><\/strong>) al trabajo.<\/p>\n<p>Una vez que dicha autoridad haya emitido la autorizaci\u00f3n, el interesado residente en Guatemala u Honduras podr\u00e1 solicitar la VISA.<\/p>\n<p>\u00c9sta VISA se puede solicitar con\u00a0<strong>seis meses de antelaci\u00f3n<\/strong>\u00a0a la fecha de inicio del viaje y\u00a0<strong>hasta 15 d\u00edas h\u00e1biles<\/strong>\u00a0antes de la misma fecha, pero recomendamos ponerse en contacto con nosotros con\u00a0<strong>al menos 30 d\u00edas de antelaci\u00f3n<\/strong>.<\/p>\n<p><strong>Tipo de VISA<\/strong>: \u201cC\u201d VISA de corta duraci\u00f3n (hasta 90 d\u00edas) o \u201cD\u201d VISA de larga duraci\u00f3n (mayor de 90 d\u00edas hasta 365 d\u00edas).<\/p>\n<p><strong>REQUISITOS<\/strong>: Se deben presentar a la Embajada en el estricto orden abajo indicado (revisar la secci\u00f3n\u00a0<a href=\"https:\/\/ambguatemala.esteri.it\/it\/servizi-consolari-e-visti\/servizi-per-il-cittadino-straniero\/visti-2\/moduli-visti\/\"><strong>Formularios<\/strong><\/a><strong>\u00a0<\/strong>de nuestra p\u00e1gina web):<\/p>\n<ol>\n<li>El\u00a0<strong>formulario de solicitud<\/strong><strong>de VISA<\/strong>\u00a0de <strong><a href=\"https:\/\/vistoperitalia.esteri.it\/files\/public\/moduli\/it\/Formulario_Visto_Nazionale.pdf\">larga duraci\u00f3n<\/a><\/strong> o de <strong><a href=\"https:\/\/e-applicationvisa.esteri.it\/\">corta duraci\u00f3n<\/a><\/strong>\u00a0debidamente llenado y firmado;<\/li>\n<li><strong>Una fotograf\u00eda <\/strong>(3 cm x 4 cm) reciente a colores con fondo blanco;<\/li>\n<li><strong>Pasaporte vigente\u00a0<\/strong>(con validez de m\u00ednimo 90 d\u00edas m\u00e1s del d\u00eda de salida del \u00e1rea Schengen) con m\u00ednimo dos p\u00e1ginas libres y copia simple del mismo (s\u00f3lo de la p\u00e1gina del documento de viaje que contiene los datos personales del titular);<\/li>\n<li>Ser residente en Guatemala \/ Honduras. En caso de extranjeros, presentar\u00a0<strong>DPI\/DNI<\/strong>y tambi\u00e9n\u00a0<strong>Certificado de Extranjero Residente<\/strong>\u00a0vigente;<\/li>\n<li><strong><em>\u201cNulla Osta\u201d\u00a0<\/em><\/strong>emitido por la\u00a0<strong><em>\u201cPrefettura \u2013 S.U.I. (Sportello Unico Immigrazione)\u201d<\/em><\/strong>;<\/li>\n<li><strong>Demostraci\u00f3n<\/strong><strong> de disponibilidad de alojamiento\u00a0<\/strong>a trav\u00e9s de una de las siguientes opciones:\n<ul>\n<li>Reserva de hotel\/residencia que cubra toda la estad\u00eda en Italia;<\/li>\n<li><strong><a href=\"https:\/\/ambguatemala.esteri.it\/wp-content\/uploads\/2023\/11\/DICHIARAZIONEALLOGGIOGARANZIA.pdf\">Declaraci\u00f3n de hospedaje<\/a><\/strong>por parte de un ciudadano italiano\/europeo o extranjero regularmente residente en Italia (adjuntar fotocopia de un documento de identidad de la persona que hospeda);<\/li>\n<\/ul>\n<\/li>\n<li><strong>Seguro m\u00e9dico\u00a0<\/strong>internacional con cobertura m\u00ednima de\u00a0<strong>\u20ac\u00a030,000\u00a0<\/strong>en el \u00e1rea Schengen para asistencia m\u00e9dica, hospitalizaci\u00f3n, curaciones urgentes, traslado sanitario y repatriaci\u00f3n funeraria completamente a cargo de la Compa\u00f1\u00eda Aseguradora,\u00a0y con duraci\u00f3n desde el primer d\u00eda de viaje hasta la salida del \u00e1rea Schengen. En caso de deducible o co-pago, presentar una tarjeta de cr\u00e9dito con l\u00edmite de cr\u00e9dito mensual de\u00a0<strong>$ 7,000 m\u00ednimo<\/strong>. Si la intenci\u00f3n es usar el\u00a0<strong>SSN<\/strong>(Servicio Sanitario Nacional),\u00a0<strong>es necesario que el seguro m\u00e9dico internacional cubra por lo menos los primeros 8 d\u00edas h\u00e1biles a partir del ingreso en el \u00e1rea Schengen;<\/strong><\/li>\n<li><strong><em>Certificado<\/em><\/strong><strong><em> Laboral<\/em><\/strong>actual o del \u00faltimo trabajo realizado (si aplica);<\/li>\n<li>Reserva de vuelo de ida con destino final Italia.<\/li>\n<\/ol>\n<p><strong>\u00a0<\/strong><strong>NOTAS<\/strong>:<\/p>\n<ul>\n<li>Favor contactarnos al correo\u00a0<a href=\"mailto:consolato.guatemala@esteri.it\"><strong>consolato.guatemala@esteri.it<\/strong><\/a>\u00a0para agendar la cita de solicitud de VISA;<\/li>\n<li>La solicitud de VISA deber\u00e1 ser presentada de manera presencial por el interesado, debido a que el tr\u00e1mite es estrictamente personal:\u00a0<strong>\u00e9sta Embajada no ha autorizado a ninguna agencia ni intermediario para los tramites de VISA<\/strong>;<\/li>\n<li>Todos los documentos detallados tendr\u00e1n que ser presentados en original + 1 copia;<\/li>\n<li><strong>Se informa que \u00e9sta Embajada no podr\u00e1 recibir la solicitud hasta que\u00a0no haya recibido telem\u00e1ticamente la autorizaci\u00f3n transmitida por la Oficina S.U.I.<\/strong>\u00a0Dicha autorizaci\u00f3n\u00a0tiene una validez de\u00a0<strong>6 meses<\/strong>\u00a0(desde la fecha de emisi\u00f3n S.U.I.)\u00a0y debe ser utilizada antes que se haya vencido;<\/li>\n<li>Se reciben solicitudes de VISA\u00a0<strong>\u00fanicamente de personas residentes en Guatemala \/ Honduras;<\/strong><\/li>\n<li>\u00c9sta Embajada se reserva el derecho de solicitar otro tipo de documentaci\u00f3n que estime necesaria;<\/li>\n<li>La VISA (si es otorgada), podr\u00e1 ser concedida con una fecha de entrada a Italia pocos d\u00edas antes de la fecha de inicio del trabajo;<\/li>\n<li>Siendo la VISA una concesi\u00f3n, aun presentando todos los documentos requeridos, la misma puede ser otorgada o rechazada. En este \u00faltimo caso ser\u00e1 entregado el\u00a0<strong>\u201c<em><u>Provvedimento di Diniego<\/u><\/em>\u201d<\/strong>;<\/li>\n<li>Si la VISA es otorgada, el titular de esta\u00a0<strong>deber\u00e1 solicitar dentro de los primeros ocho d\u00edas h\u00e1biles del ingreso a Italia el Permiso de Estad\u00eda\u00a0(\u201c<em>Permesso di Soggiorno<\/em>\u201d)<\/strong>\u00a0ante las Autoridades italianas competentes (\u201c<strong><em>Questura<\/em><\/strong>\u201d) presentando copia de todos los documentos que entreg\u00f3 en la ventanilla en su solicitud de VISA, demostrando de tal forma de cumplir con todos los requisitos solicitados.<\/li>\n<\/ul>\n","protected":false},"excerpt":{"rendered":"VISA para TRABAJO DEPENDIENTE Para obtener informaciones generales sobre esta tipolog\u00eda de VISA visitar la siguiente p\u00e1gina web:\u00a0https:\/\/vistoperitalia.esteri.it\/ \u00bfPara qu\u00e9 sirve y qui\u00e9n la puede solicitar? \u00c9sta VISA permite al ciudadano extranjero ingresar y residir en Italia con la finalidad de trabajar de forma dependiente, ya sea contratado por una persona natural o jur\u00eddica residente [&hellip;]","protected":false},"author":4,"featured_media":0,"parent":142,"menu_order":14,"comment_status":"closed","ping_status":"closed","template":"","meta":{"footnotes":""},"class_list":["post-1915","page","type-page","status-publish","hentry"],"_links":{"self":[{"href":"https:\/\/ambguatemala.esteri.it\/es\/wp-json\/wp\/v2\/pages\/1915","targetHints":{"allow":["GET"]}}],"collection":[{"href":"https:\/\/ambguatemala.esteri.it\/es\/wp-json\/wp\/v2\/pages"}],"about":[{"href":"https:\/\/ambguatemala.esteri.it\/es\/wp-json\/wp\/v2\/types\/page"}],"author":[{"embeddable":true,"href":"https:\/\/ambguatemala.esteri.it\/es\/wp-json\/wp\/v2\/users\/4"}],"replies":[{"embeddable":true,"href":"https:\/\/ambguatemala.esteri.it\/es\/wp-json\/wp\/v2\/comments?post=1915"}],"version-history":[{"count":5,"href":"https:\/\/ambguatemala.esteri.it\/es\/wp-json\/wp\/v2\/pages\/1915\/revisions"}],"predecessor-version":[{"id":2528,"href":"https:\/\/ambguatemala.esteri.it\/es\/wp-json\/wp\/v2\/pages\/1915\/revisions\/2528"}],"up":[{"embeddable":true,"href":"https:\/\/ambguatemala.esteri.it\/es\/wp-json\/wp\/v2\/pages\/142"}],"wp:attachment":[{"href":"https:\/\/ambguatemala.esteri.it\/es\/wp-json\/wp\/v2\/media?parent=1915"}],"curies":[{"name":"wp","href":"https:\/\/api.w.org\/{rel}","templated":true}]}}