{"id":1965,"date":"2025-05-30T21:16:00","date_gmt":"2025-05-30T19:16:00","guid":{"rendered":"https:\/\/ambguatemala.esteri.it\/servizi-consolari-e-visti\/servizi-per-il-cittadino-straniero\/visti-2\/visto-per-motivi-familiari-tra-genitori-e-figli-residenti-in-italia\/"},"modified":"2025-08-08T17:01:35","modified_gmt":"2025-08-08T15:01:35","slug":"visto-per-motivi-familiari-tra-genitori-e-figli-residenti-in-italia","status":"publish","type":"page","link":"https:\/\/ambguatemala.esteri.it\/es\/servizi-consolari-e-visti\/servizi-per-il-cittadino-straniero\/visti\/visto-per-motivi-familiari\/visto-per-motivi-familiari-tra-genitori-e-figli-residenti-in-italia\/","title":{"rendered":"VISA por RAZONES FAMILIARES (entre PADRES e HIJOS residentes en Italia)"},"content":{"rendered":"<p style=\"text-align: center;\"><strong>VISA de REAGRUPACI\u00d3N FAMILIAR entre PADRES e HIJOS Residentes en Italia<\/strong><\/p>\n<p>Para obtener informaciones generales sobre esta tipolog\u00eda de VISA visitar la siguiente p\u00e1gina web:\u00a0<a href=\"https:\/\/vistoperitalia.esteri.it\/\"><strong>https:\/\/vistoperitalia.esteri.it\/<\/strong><\/a><\/p>\n<p style=\"text-align: center;\"><strong>\u00bfPara qu\u00e9 sirve y qui\u00e9n puede utilizarla?<\/strong><\/p>\n<p>Esta VISA permite ingresar y residir en Italia a los ciudadanos extranjeros residentes en Guatemala \/ Honduras para reagrupaci\u00f3n familiar entre el\/la\u00a0<strong>hijo\/a extranjero\/a<\/strong>\u00a0(regularmente residente en Italia)\u00a0<strong>y el\/los padre\/s<\/strong>\u00a0(que vive\/n regularmente en Guatemala \/ Honduras) y\u00a0<strong>que dependen econ\u00f3micamente del\/la hijo\/a<\/strong>.<\/p>\n<p>El tr\u00e1mite empieza en Italia donde\u00a0el\/la\u00a0<strong>hijo\/a extranjero\/a<\/strong>\u00a0 solicita la reagrupaci\u00f3n familiar ante la \u201cPrefettura\u201d territorialmente competente.<br \/>\nUna vez que dicha autoridad haya emitido la autorizaci\u00f3n (<em>Nulla Osta<\/em>), el padre\/madre residente en Guatemala \/ Honduras puede solicitar la VISA.<\/p>\n<p>\u00c9sta VISA se puede solicitar con\u00a0<strong>seis meses de antelaci\u00f3n<\/strong>\u00a0a la fecha de inicio del viaje y\u00a0<strong>hasta 15 d\u00edas h\u00e1biles<\/strong>\u00a0antes de la misma fecha, pero recomendamos ponerse en contacto con nosotros con\u00a0<strong>al menos 30 d\u00edas de antelaci\u00f3n<\/strong>.<\/p>\n<p><strong>Tipo de VISA<\/strong>: \u201cD\u201d VISA de larga duraci\u00f3n (mayor de 90 d\u00edas hasta 365 d\u00edas).<\/p>\n<p><strong>REQUISITOS \u2013<\/strong>\u00a0Se deben presentar a la Embajada en el estricto orden abajo indicado (revisar la secci\u00f3n\u00a0<a href=\"https:\/\/ambguatemala.esteri.it\/es\/servizi-consolari-e-visti\/servizi-per-il-cittadino-straniero\/visti-2\/moduli-visti\/\"><strong>Formularios<\/strong><\/a><strong>\u00a0<\/strong>de nuestra p\u00e1gina web):<\/p>\n<ol>\n<li>El\u00a0<a href=\"https:\/\/vistoperitalia.esteri.it\/files\/public\/moduli\/it\/Formulario_Visto_Nazionale.pdf\"><strong>formulario de solicitud<\/strong><\/a>(llenado y firmado) de VISA para ingresar a Italia.\u00a0En caso de dificultades en llenarlo en l\u00ednea, se puede descargar el documento de la secci\u00f3n\u00a0<a href=\"https:\/\/ambguatemala.esteri.it\/es\/servizi-consolari-e-visti\/servizi-per-il-cittadino-straniero\/visti-2\/moduli-visti\/\"><strong>Formularios<\/strong><\/a><strong>\u00a0<\/strong>de nuestra p\u00e1gina web);<\/li>\n<li><strong>Una fotograf\u00eda <\/strong>(3 cm x 4 cm) reciente a colores con fondo blanco;<\/li>\n<li><strong>Pasaporte vigente\u00a0<\/strong>(con validez de m\u00ednimo 90 d\u00edas m\u00e1s del d\u00eda de salida del \u00e1rea Schengen) con m\u00ednimo dos p\u00e1ginas libres y copia simple del mismo (s\u00f3lo de la p\u00e1gina del documento de viaje que contiene los datos personales del titular);<\/li>\n<li>Ser residente en Guatemala u Honduras. En caso de extranjeros, presentar\u00a0<strong>DPI\/DNI<\/strong>y tambi\u00e9n\u00a0<strong>Certificado de Extranjero Residente<\/strong>\u00a0vigente;<\/li>\n<li><strong>\u201c<em>Nulla Osta<\/em>\u201d\u00a0<\/strong>emitido por la \u201cPrefettura\u201d \u2013 S.U.I. (Sportello Unico Immigrazione);<\/li>\n<li><strong>Registro Civil de Nacimiento\u00a0<\/strong>del\/la hijo\/a residente en Italia en original, legalizado\/apostillado y con la correspondiente traducci\u00f3n;<\/li>\n<li><strong>Copia del Permesso di Soggiorno, de la p\u00e1gina de datos del Pasaporte y de la Carta de Identidad italiana\u00a0<\/strong>del\/a hijo\/a residente en Italia;<\/li>\n<li><strong>Declaraci\u00f3n jurada\u00a0de composici\u00f3n familiar<\/strong>del solicitante de la VISA\u00a0seg\u00fan el <strong><a href=\"https:\/\/ambguatemala.esteri.it\/wp-content\/uploads\/2025\/05\/Modelo-A.pdf\">modelo A<\/a><\/strong>. Esta declaraci\u00f3n puede ser firmada frente el funcionario consular o ante un notario;<\/li>\n<li><strong>Demostraci\u00f3n de estar econ\u00f3micamente dependiente del\/la hijo\/a\u00a0<\/strong><\/li>\n<li><strong>Reserva de vuelo\u00a0<\/strong>de ida con destino final Italia.<\/li>\n<\/ol>\n<p><strong>NOTAS<\/strong>:<\/p>\n<ul>\n<li>Favor contactarnos al correo\u00a0<a href=\"mailto:consolato.guatemala@esteri.it\"><strong>consolato.guatemala@esteri.it<\/strong><\/a>\u00a0para agendar la cita de solicitud de VISA;<\/li>\n<li>La solicitud de VISA deber\u00e1 ser presentada de manera presencial por el interesado, debido a que el tr\u00e1mite es estrictamente personal:\u00a0<strong>\u00e9sta Embajada no ha autorizado a ninguna agencia ni intermediario para los tramites de VISA<\/strong>;<\/li>\n<li>Todos los documentos detallados tendr\u00e1n que ser presentados en original + 1 copia;<\/li>\n<li>Se reciben solicitudes de VISA\u00a0<strong>\u00fanicamente de personas residentes en Guatemala \/ Honduras<\/strong>;<\/li>\n<li>Si el\/los padre\/s es\/son\u00a0<strong>mayor<\/strong>\/es de\u00a0<strong>65 a\u00f1os<\/strong>\u00a0y tiene\/n otro\/s hijo\/s, se debe demostrar que este\/os \u00faltimo\/s no se puede\/n hacer cargo del\/los padre\/s por motivos graves de salud debidamente documentados;<\/li>\n<li>Para el\/los padre\/s que es\/son\u00a0<strong>menor<\/strong>\/es de\u00a0<strong>65 a\u00f1os<\/strong>, la dependencia econ\u00f3mica se puede comprobar si el\/los mismo\/s no tiene\/n otro\/s hijo\/s en el Pa\u00eds de origen o procedencia;<\/li>\n<li><strong>Se informa que \u00e9sta Embajada no podr\u00e1 recibir la solicitud hasta que\u00a0no haya recibido telem\u00e1ticamente la autorizaci\u00f3n transmitida por la Oficina S.U.I.<\/strong>\u00a0Dicha autorizaci\u00f3n\u00a0tiene una validez de\u00a0<strong>6 meses<\/strong>\u00a0(desde la fecha de emisi\u00f3n S.U.I.)\u00a0y debe ser utilizada antes que se haya vencido;<\/li>\n<li>La Embajada de Italia se reserva el derecho de solicitar documentaci\u00f3n adicional que considere necesaria;<\/li>\n<li>La VISA (si es otorgada), podr\u00e1 ser concedida con una fecha de entrada a Italia pocos d\u00edas antes de la fecha de viaje a Italia. Quienes deseen entrar a Italia antes de esa fecha podr\u00e1n hacerlo como turistas (sin VISA) por un m\u00e1ximo de 90 d\u00edas si su nacionalidad est\u00e1 exenta de solicitar la\u00a0<strong>VISA de TURISMO<\/strong>;<\/li>\n<li>Siendo la VISA una concesi\u00f3n, aun presentando todos los documentos requeridos, la misma puede ser otorgada o rechazada. En este \u00faltimo caso ser\u00e1 entregado el\u00a0<strong>\u201c<em><u>Provvedimento di Diniego<\/u><\/em>\u201d<\/strong>;<\/li>\n<li>Si la VISA es otorgada, el titular de esta\u00a0<strong>deber\u00e1 solicitar dentro de los primeros ocho d\u00edas h\u00e1biles del ingreso a Italia el Permiso de Estad\u00eda\u00a0(\u201c<em>Permesso di Soggiorno<\/em>\u201d)<\/strong>\u00a0ante las Autoridades italianas competentes (\u201c<strong><em>Questura<\/em><\/strong>\u201d) presentando copia de todos los documentos que entreg\u00f3 en la ventanilla en su solicitud de VISA, demostrando de tal forma de cumplir con todos los requisitos solicitados.<\/li>\n<\/ul>\n","protected":false},"excerpt":{"rendered":"VISA de REAGRUPACI\u00d3N FAMILIAR entre PADRES e HIJOS Residentes en Italia Para obtener informaciones generales sobre esta tipolog\u00eda de VISA visitar la siguiente p\u00e1gina web:\u00a0https:\/\/vistoperitalia.esteri.it\/ \u00bfPara qu\u00e9 sirve y qui\u00e9n puede utilizarla? Esta VISA permite ingresar y residir en Italia a los ciudadanos extranjeros residentes en Guatemala \/ Honduras para reagrupaci\u00f3n familiar entre el\/la\u00a0hijo\/a extranjero\/a\u00a0(regularmente [&hellip;]","protected":false},"author":4,"featured_media":0,"parent":2037,"menu_order":1,"comment_status":"closed","ping_status":"closed","template":"","meta":{"footnotes":""},"class_list":["post-1965","page","type-page","status-publish","hentry"],"_links":{"self":[{"href":"https:\/\/ambguatemala.esteri.it\/es\/wp-json\/wp\/v2\/pages\/1965","targetHints":{"allow":["GET"]}}],"collection":[{"href":"https:\/\/ambguatemala.esteri.it\/es\/wp-json\/wp\/v2\/pages"}],"about":[{"href":"https:\/\/ambguatemala.esteri.it\/es\/wp-json\/wp\/v2\/types\/page"}],"author":[{"embeddable":true,"href":"https:\/\/ambguatemala.esteri.it\/es\/wp-json\/wp\/v2\/users\/4"}],"replies":[{"embeddable":true,"href":"https:\/\/ambguatemala.esteri.it\/es\/wp-json\/wp\/v2\/comments?post=1965"}],"version-history":[{"count":4,"href":"https:\/\/ambguatemala.esteri.it\/es\/wp-json\/wp\/v2\/pages\/1965\/revisions"}],"predecessor-version":[{"id":2563,"href":"https:\/\/ambguatemala.esteri.it\/es\/wp-json\/wp\/v2\/pages\/1965\/revisions\/2563"}],"up":[{"embeddable":true,"href":"https:\/\/ambguatemala.esteri.it\/es\/wp-json\/wp\/v2\/pages\/2037"}],"wp:attachment":[{"href":"https:\/\/ambguatemala.esteri.it\/es\/wp-json\/wp\/v2\/media?parent=1965"}],"curies":[{"name":"wp","href":"https:\/\/api.w.org\/{rel}","templated":true}]}}