{"id":3092,"date":"2023-10-26T18:25:55","date_gmt":"2023-10-26T16:25:55","guid":{"rendered":"https:\/\/ambguatemala.esteri.it\/servizi-consolari-e-visti\/servizi-per-il-cittadino-italiano\/modulistica\/"},"modified":"2026-05-05T22:11:36","modified_gmt":"2026-05-05T20:11:36","slug":"modulistica","status":"publish","type":"page","link":"https:\/\/ambguatemala.esteri.it\/es\/servizi-consolari-e-visti\/servizi-per-il-cittadino-italiano\/modulistica\/","title":{"rendered":"Formularios"},"content":{"rendered":"<article id=\"articolo_centro\" class=\"col-md-15 col-sm-15 padding_articolo item-page\" role=\"main\" aria-label=\"articolo\"><strong>LISTADO DE PROFESIONALES DE REFERENCIA Y <\/strong><strong>TRADUCTORES JURADOS<\/strong><\/article>\n<article class=\"col-md-15 col-sm-15 padding_articolo item-page\" role=\"main\" aria-label=\"articolo\">\n<ul>\n<li>Profesionales y Traductores (<a href=\"https:\/\/ambguatemala.esteri.it\/wp-content\/uploads\/2025\/11\/LISTADO-DE-PROFESIONALES-DE-REFERENCIA.pdf\">link<\/a>)<\/li>\n<\/ul>\n<p><strong>AIRE<br \/>\n<\/strong><\/p>\n<ul>\n<li>Solicitud de inscripci\u00f3n AIRE (<a href=\"https:\/\/ambguatemala.esteri.it\/wp-content\/uploads\/2023\/11\/iscr.AIRE_.doc\">link)<\/a><\/li>\n<li>Actualizaci\u00f3n de direcci\u00f3n de residencia (<a href=\"https:\/\/ambguatemala.esteri.it\/wp-content\/uploads\/2023\/11\/aggiorn.indirizzo.pdf\">link)<\/a><\/li>\n<\/ul>\n<p><strong>PASAPORTE<\/strong><\/p>\n<ul>\n<li>Solicitud de pasaporte mayor de edad <a href=\"https:\/\/ambguatemala.esteri.it\/wp-content\/uploads\/2025\/07\/RICHIESTA-DI-PASSAPORTO-PER-MAGGIORENNI.pdf\">(link<\/a>)<\/li>\n<li>Solicitud de pasaporte para menor (<a href=\"https:\/\/ambguatemala.esteri.it\/wp-content\/uploads\/2026\/03\/RICHIESTA-DI-PASSAPORTO-PER-MINORENNI.pdf\">link<\/a>)<\/li>\n<li>Acta de consentimiento para la emisi\u00f3n de pasaporte a favor de hijo\/a menor (<a href=\"https:\/\/ambguatemala.esteri.it\/wp-content\/uploads\/2026\/04\/Atto-di-Assenso-figli-minori.pdf\">link<\/a>)<\/li>\n<li>Declaraci\u00f3n de acompa\u00f1amiento para menor (<a href=\"https:\/\/ambguatemala.esteri.it\/wp-content\/uploads\/2025\/07\/Attestazione-dichiarazione-accompagnamento-figli-minori.doc\">link)<\/a><\/li>\n<\/ul>\n<p><strong>CIUDADANIA<br \/>\n<\/strong><\/p>\n<ul>\n<li>Arbol geneal\u00f3gico padre\/madre (<a href=\"https:\/\/ambguatemala.esteri.it\/wp-content\/uploads\/2025\/01\/Albero-Genealogico-Padre.pdf\">link<\/a>)<\/li>\n<li>Arbol geneal\u00f3gico abuelo\/abuela (<a href=\"https:\/\/ambguatemala.esteri.it\/wp-content\/uploads\/2025\/01\/Albero-Genealogico-Nonno.pdf\">link<\/a>)<\/li>\n<li>Solicitud de ciudadania por descendencia (<a href=\"https:\/\/ambguatemala.esteri.it\/wp-content\/uploads\/2025\/10\/istanza_cittadinanza_jure_sanguinis-2.doc\">link<\/a>)<\/li>\n<\/ul>\n<p><strong>ESTADO CIVIL<br \/>\n<\/strong><\/p>\n<ul>\n<li>Solicitud de inscripci\u00f3n de matrimonio (<a href=\"https:\/\/ambguatemala.esteri.it\/wp-content\/uploads\/2023\/11\/Trascrizione-Matrimonio-e-consenso-MAY-2012.pdf\">link<\/a>)<\/li>\n<li>Solicitud de inscripci\u00f3n de nacimiento <a href=\"https:\/\/ambguatemala.esteri.it\/wp-content\/uploads\/2023\/11\/Trascrizione-Nascita-e-riconoscimento-2015.pdf\">(link<\/a>)<\/li>\n<li>Solicitud de inscripci\u00f3n de divorcio (<a href=\"https:\/\/ambguatemala.esteri.it\/wp-content\/uploads\/2023\/11\/Istanza-di-trascrizione-di-sentenza-di-divorzio.doc\">link<\/a>)<\/li>\n<li>Solicitud de inscripci\u00f3n de defunci\u00f3n (<a href=\"https:\/\/ambguatemala.esteri.it\/wp-content\/uploads\/2023\/11\/Richiesta-Trascrizione-Atto-Morte.pdf\">link<\/a>)<\/li>\n<\/ul>\n<p><strong>FORMULARIOS VARIOS<\/strong><\/p>\n<ul>\n<li>Solicitud de C\u00f3digo Fiscal (<a href=\"https:\/\/ambguatemala.esteri.it\/wp-content\/uploads\/2023\/11\/modello-editabile-AA4_8_AA4-8-ita.pdf\">link)<\/a><\/li>\n<li>Solicitud de Renovaci\u00f3n de Licencia Italiana (<a href=\"https:\/\/ambguatemala.esteri.it\/wp-content\/uploads\/2023\/11\/DOMANDA-RINNOVO-PATENTE.doc\">link<\/a>)<\/li>\n<li>Formulario Certificaci\u00f3n M\u00e9dica <a href=\"https:\/\/ambguatemala.esteri.it\/wp-content\/uploads\/2025\/06\/Certificato-Medico-patente.pdf\">(link)<\/a><\/li>\n<li>Autocertificaci\u00f3n Inscripci\u00f3n AIRE para Asistencia Sanitaria en italia\u00a0 (<a href=\"https:\/\/ambguatemala.esteri.it\/wp-content\/uploads\/2025\/01\/Autocertificazione-iscrizione-AIRE-per-assistenza-sanitaria-in-italia.pdf\">link<\/a>)<\/li>\n<li>Autocertificaci\u00f3n Declaraci\u00f3n Sustitutiva (<a href=\"https:\/\/ambguatemala.esteri.it\/wp-content\/uploads\/2023\/11\/modello-autocertificazione-generico1.pdf\">link)<\/a><\/li>\n<li>Declaraci\u00f3n Acta de Notoriedad\u00a0 (<a href=\"https:\/\/ambguatemala.esteri.it\/wp-content\/uploads\/2023\/11\/dichiarazione-sostitutiva-di-atto-notorio-facsimile.docx\">link)<\/a><\/li>\n<li>Solicitud de correcci\u00f3n de apellidos mayor de edad (<a href=\"https:\/\/ambguatemala.esteri.it\/wp-content\/uploads\/2025\/01\/10-Istanza-di-ripristino-del-cognome-originario-per-maggiorenni1.docx\">link)<\/a><\/li>\n<li>Solicitud de correcci\u00f3n de apellidos menor (<a href=\"https:\/\/ambguatemala.esteri.it\/wp-content\/uploads\/2023\/11\/istanza-ripristino-cognome-al-COMUNE-minorenni.pdf\">link<\/a>)<\/li>\n<\/ul>\n<p><strong>VISAS Y ESTAD\u00cdAS (<a href=\"https:\/\/ambguatemala.esteri.it\/it\/servizi-consolari-e-visti\/servizi-per-il-cittadino-straniero\/visti-2\/moduli-visti\/\">link<\/a>)<\/strong><a class=\"venobox vbox-item\" title=\"\" href=\"https:\/\/ambguatemala.esteri.it\/ambasciata_guatemala\/resource\/img\/2021\/03\/c_atto_di_assenso.pdf\" data-gall=\"maeciGallery\"><img decoding=\"async\" class=\"img-responsive\" title=\"\" src=\"https:\/\/ambguatemala.esteri.it\/ambasciata_guatemala\/resource\/img\/2021\/03\/c_atto_di_assenso.pdf\" alt=\"\" \/><\/a><a class=\"venobox vbox-item\" title=\"\" href=\"https:\/\/ambguatemala.esteri.it\/ambasciata_guatemala\/resource\/img\/2017\/01\/formulariovistoschengen.pdf\" data-gall=\"maeciGallery\"><img decoding=\"async\" class=\"img-responsive\" title=\"\" src=\"https:\/\/ambguatemala.esteri.it\/ambasciata_guatemala\/resource\/img\/2017\/01\/formulariovistoschengen.pdf\" alt=\"\" \/><\/a><a class=\"venobox vbox-item\" title=\"\" href=\"https:\/\/ambguatemala.esteri.it\/ambasciata_guatemala\/resource\/img\/2017\/01\/dichiarazionealloggiogaranzia.pdf\" data-gall=\"maeciGallery\"><img decoding=\"async\" class=\"img-responsive\" title=\"\" src=\"https:\/\/ambguatemala.esteri.it\/ambasciata_guatemala\/resource\/img\/2017\/01\/dichiarazionealloggiogaranzia.pdf\" alt=\"\" \/><\/a><a class=\"venobox vbox-item\" title=\"\" href=\"https:\/\/ambguatemala.esteri.it\/ambasciata_guatemala\/resource\/img\/2017\/01\/letteradiinvitoperaffari.pdf\" data-gall=\"maeciGallery\"><img decoding=\"async\" class=\"img-responsive\" title=\"\" src=\"https:\/\/ambguatemala.esteri.it\/ambasciata_guatemala\/resource\/img\/2017\/01\/letteradiinvitoperaffari.pdf\" alt=\"\" \/><\/a><a class=\"venobox vbox-item\" title=\"\" href=\"https:\/\/ambguatemala.esteri.it\/ambasciata_guatemala\/resource\/img\/2017\/01\/formulario_visto_nazionale.pdf\" data-gall=\"maeciGallery\"><img decoding=\"async\" class=\"img-responsive\" title=\"\" src=\"https:\/\/ambguatemala.esteri.it\/ambasciata_guatemala\/resource\/img\/2017\/01\/formulario_visto_nazionale.pdf\" alt=\"\" \/><\/a><\/p>\n<\/article>\n","protected":false},"excerpt":{"rendered":"LISTADO DE PROFESIONALES DE REFERENCIA Y TRADUCTORES JURADOS Profesionales y Traductores (link) AIRE Solicitud de inscripci\u00f3n AIRE (link) Actualizaci\u00f3n de direcci\u00f3n de residencia (link) PASAPORTE Solicitud de pasaporte mayor de edad (link) Solicitud de pasaporte para menor (link) Acta de consentimiento para la emisi\u00f3n de pasaporte a favor de hijo\/a menor (link) Declaraci\u00f3n de acompa\u00f1amiento [&hellip;]","protected":false},"author":4,"featured_media":0,"parent":173,"menu_order":5,"comment_status":"closed","ping_status":"closed","template":"","meta":{"footnotes":""},"class_list":["post-3092","page","type-page","status-publish","hentry"],"_links":{"self":[{"href":"https:\/\/ambguatemala.esteri.it\/es\/wp-json\/wp\/v2\/pages\/3092","targetHints":{"allow":["GET"]}}],"collection":[{"href":"https:\/\/ambguatemala.esteri.it\/es\/wp-json\/wp\/v2\/pages"}],"about":[{"href":"https:\/\/ambguatemala.esteri.it\/es\/wp-json\/wp\/v2\/types\/page"}],"author":[{"embeddable":true,"href":"https:\/\/ambguatemala.esteri.it\/es\/wp-json\/wp\/v2\/users\/4"}],"replies":[{"embeddable":true,"href":"https:\/\/ambguatemala.esteri.it\/es\/wp-json\/wp\/v2\/comments?post=3092"}],"version-history":[{"count":3,"href":"https:\/\/ambguatemala.esteri.it\/es\/wp-json\/wp\/v2\/pages\/3092\/revisions"}],"predecessor-version":[{"id":3097,"href":"https:\/\/ambguatemala.esteri.it\/es\/wp-json\/wp\/v2\/pages\/3092\/revisions\/3097"}],"up":[{"embeddable":true,"href":"https:\/\/ambguatemala.esteri.it\/es\/wp-json\/wp\/v2\/pages\/173"}],"wp:attachment":[{"href":"https:\/\/ambguatemala.esteri.it\/es\/wp-json\/wp\/v2\/media?parent=3092"}],"curies":[{"name":"wp","href":"https:\/\/api.w.org\/{rel}","templated":true}]}}