{"id":1769,"date":"2025-05-29T21:43:12","date_gmt":"2025-05-29T19:43:12","guid":{"rendered":"https:\/\/ambguatemala.esteri.it\/?page_id=1769"},"modified":"2025-08-08T16:31:42","modified_gmt":"2025-08-08T14:31:42","slug":"moduli-visti","status":"publish","type":"page","link":"https:\/\/ambguatemala.esteri.it\/it\/servizi-consolari-e-visti\/servizi-per-il-cittadino-straniero\/visti\/moduli-visti\/","title":{"rendered":"Moduli VISTI"},"content":{"rendered":"<ul>\n<li><a href=\"https:\/\/ambguatemala.esteri.it\/wp-content\/uploads\/2025\/06\/Formulario-Schengen-spagnolo.pdf\">Formulario C &#8211; Solicitud de Visado Schengen (ESP)<\/a><\/li>\n<li><a href=\"https:\/\/ambguatemala.esteri.it\/wp-content\/uploads\/2025\/06\/Formulario-Schengen-italiano.pdf\">Formulario C &#8211; Domanda Visto Schengen (ITA)<\/a><\/li>\n<li><u><a href=\"https:\/\/ambguatemala.esteri.it\/wp-content\/uploads\/2025\/07\/Formulario-D-Solicitud-de-Visado-Nacional-esp.pdf\">Formulario D &#8211; Solicitud de Visado Nacional (ESP)<\/a><\/u><\/li>\n<li><a href=\"https:\/\/ambguatemala.esteri.it\/wp-content\/uploads\/2025\/06\/Formulario-Visto-Nazionale-ENG.pdf\">Formulario D &#8211; Domanda Visto Nazionale (ENG)<\/a><\/li>\n<li><a href=\"https:\/\/ambguatemala.esteri.it\/wp-content\/uploads\/2025\/06\/Formulario-Visto-Nazionale-ITA.pdf\">Formulario D &#8211; Domanda Visto Nazionale (ITA)<\/a><\/li>\n<li><u><a href=\"https:\/\/ambguatemala.esteri.it\/wp-content\/uploads\/2025\/05\/Autorizacion-Padres-a-Tramitar-la-Visa.pdf\">Autorizaci\u00f3n Padres a Tramitar la Visa<\/a><\/u><\/li>\n<li><u><a href=\"https:\/\/ambguatemala.esteri.it\/wp-content\/uploads\/2025\/05\/Carta-de-invitacion-por-estudio.pdf\">Carta de invitaci\u00f3n por ESTUDIO<\/a> <\/u><\/li>\n<li><u><a href=\"https:\/\/ambguatemala.esteri.it\/wp-content\/uploads\/2025\/05\/Carta-de-invitacion-por-turismo.pdf\">Carta de invitaci\u00f3n por TURISMO<\/a><\/u><\/li>\n<li><a href=\"https:\/\/ambguatemala.esteri.it\/wp-content\/uploads\/2023\/11\/LetteradiinvitoperAFFARI.pdf\">Carta de invitaci\u00f3n por NEGOCIOS<\/a><\/li>\n<li><u><a href=\"https:\/\/ambguatemala.esteri.it\/wp-content\/uploads\/2025\/05\/Declaracion-de-Cesion-de-la-Responsabilidad-del-Menor-a-Tercero-por-el-periodo-de-Estancia-en-Italia-por-Estudio.pdf\">Declaraci\u00f3n de Cesi\u00f3n de la Responsabilidad del Menor a Tercero por el periodo de Estancia en Italia por Estudio<\/a> <\/u><\/li>\n<li><u><a href=\"https:\/\/ambguatemala.esteri.it\/wp-content\/uploads\/2025\/05\/Declaracion-de-Cesion-de-la-Responsabilidad-del-Menor-al-Empleador-por-el-Periodo-de-Estancia-en-Italia-por-Razones-Deportivas.pdf\">Declaraci\u00f3n de Cesi\u00f3n de la Responsabilidad del Menor al Empleador por el Periodo de Estancia en Italia por Razones Deportivas<\/a> <\/u><\/li>\n<li><a href=\"https:\/\/ambguatemala.esteri.it\/wp-content\/uploads\/2023\/11\/modulo_dichiarazione_presenz_cittadini_ue.pdf\">Declaraci\u00f3n de presencia<\/a><\/li>\n<li><u><a href=\"https:\/\/ambguatemala.esteri.it\/wp-content\/uploads\/2025\/05\/Dichiarazione-di-Accettazione-di-Presa-in-Carico-di-Minore-per-studio.pdf\">Dichiarazione di Accettazione di Presa in Carico di Minore per studio<\/a> <\/u><\/li>\n<li><u><a href=\"https:\/\/ambguatemala.esteri.it\/wp-content\/uploads\/2025\/05\/Dichirazione-di-Accettazione-di-Presa-in-Carico-di-Minore-per-Attivita-Sportiva.pdf\">Dichirazione di Accettazione di Presa in Carico di Minore per Attivit\u00e0 Sportiva<\/a> <\/u><\/li>\n<li><u><a href=\"https:\/\/ambguatemala.esteri.it\/wp-content\/uploads\/2025\/05\/Informativa-Trattamento-Dati-Personali-Visti.pdf\">Informativa Trattamento Dati Personali Visti<\/a> <\/u><\/li>\n<li><u><a href=\"https:\/\/ambguatemala.esteri.it\/wp-content\/uploads\/2025\/05\/Modelo-A.pdf\">Modelo A<\/a> <\/u><\/li>\n<li><u><a href=\"https:\/\/ambguatemala.esteri.it\/wp-content\/uploads\/2025\/05\/Modelo-B-Menor-de-Edad-Ricongiungimento-Familiare.pdf\">Modelo B &#8211; Menor de Edad (Ricongiungimento Familiare)<\/a> <\/u><\/li>\n<li><u><a href=\"https:\/\/ambguatemala.esteri.it\/wp-content\/uploads\/2025\/05\/Modelo-B-Menor-de-Edad.pdf\">Modelo B &#8211; Menor de Edad<\/a><\/u><\/li>\n<li><u> <a href=\"https:\/\/ambguatemala.esteri.it\/wp-content\/uploads\/2025\/05\/Modulo-Denuncia-Furto-o-Smarrimento-Permesso-di-Soggiorno.pdf\">Modulo Denuncia Furto o Smarrimento Permesso di Soggiorno<\/a><\/u><\/li>\n<\/ul>\n","protected":false},"excerpt":{"rendered":"Formulario C &#8211; Solicitud de Visado Schengen (ESP) Formulario C &#8211; Domanda Visto Schengen (ITA) Formulario D &#8211; Solicitud de Visado Nacional (ESP) Formulario D &#8211; Domanda Visto Nazionale (ENG) Formulario D &#8211; Domanda Visto Nazionale (ITA) Autorizaci\u00f3n Padres a Tramitar la Visa Carta de invitaci\u00f3n por ESTUDIO Carta de invitaci\u00f3n por TURISMO Carta de [&hellip;]","protected":false},"author":4,"featured_media":0,"parent":89,"menu_order":0,"comment_status":"closed","ping_status":"closed","template":"","meta":{"footnotes":""},"class_list":["post-1769","page","type-page","status-publish","hentry"],"_links":{"self":[{"href":"https:\/\/ambguatemala.esteri.it\/it\/wp-json\/wp\/v2\/pages\/1769","targetHints":{"allow":["GET"]}}],"collection":[{"href":"https:\/\/ambguatemala.esteri.it\/it\/wp-json\/wp\/v2\/pages"}],"about":[{"href":"https:\/\/ambguatemala.esteri.it\/it\/wp-json\/wp\/v2\/types\/page"}],"author":[{"embeddable":true,"href":"https:\/\/ambguatemala.esteri.it\/it\/wp-json\/wp\/v2\/users\/4"}],"replies":[{"embeddable":true,"href":"https:\/\/ambguatemala.esteri.it\/it\/wp-json\/wp\/v2\/comments?post=1769"}],"version-history":[{"count":5,"href":"https:\/\/ambguatemala.esteri.it\/it\/wp-json\/wp\/v2\/pages\/1769\/revisions"}],"predecessor-version":[{"id":2406,"href":"https:\/\/ambguatemala.esteri.it\/it\/wp-json\/wp\/v2\/pages\/1769\/revisions\/2406"}],"up":[{"embeddable":true,"href":"https:\/\/ambguatemala.esteri.it\/it\/wp-json\/wp\/v2\/pages\/89"}],"wp:attachment":[{"href":"https:\/\/ambguatemala.esteri.it\/it\/wp-json\/wp\/v2\/media?parent=1769"}],"curies":[{"name":"wp","href":"https:\/\/api.w.org\/{rel}","templated":true}]}}