{"id":1809,"date":"2025-05-29T23:12:33","date_gmt":"2025-05-29T21:12:33","guid":{"rendered":"https:\/\/ambguatemala.esteri.it\/?page_id=1809"},"modified":"2025-08-08T16:54:34","modified_gmt":"2025-08-08T14:54:34","slug":"visto-turistico-o-visita-familiare","status":"publish","type":"page","link":"https:\/\/ambguatemala.esteri.it\/it\/servizi-consolari-e-visti\/servizi-per-il-cittadino-straniero\/visti\/visto-per-turismo\/visto-turistico-o-visita-familiare\/","title":{"rendered":"VISTO per TURISMO (Guatemaltechi e Onduregni)"},"content":{"rendered":"<p style=\"text-align: center;\"><strong>VISA de TURISMO para ciudadanos guatemaltecos y hondure\u00f1os<\/strong><\/p>\n<p style=\"text-align: center;\">(Estad\u00eda\u00a0con duraci\u00f3n hasta\u00a090 d\u00edas)<\/p>\n<p>Una persona de nacionalidad guatemalteca u hondure\u00f1a que viaja por turismo a Italia hasta\u00a090 d\u00edas\u00a0<strong>NO NECESITA VISA<\/strong>. Para m\u00e1s informaci\u00f3n visitar la siguiente p\u00e1gina web:\u00a0<a href=\"https:\/\/vistoperitalia.esteri.it\/\"><strong>https:\/\/vistoperitalia.esteri.it\/<\/strong><\/a><\/p>\n<p>Sin embargo, para no tener problemas al ingreso del territorio europeo \u2013 \u00c1rea Schengen, se le recuerda que es obligatorio presentar los siguientes documentos:<\/p>\n<ol>\n<li>Pasaporte vigente por un m\u00ednimo de 3 meses al momento del viaje;<\/li>\n<li>Seguro m\u00e9dico Internacional\u00a0con una cobertura m\u00ednima de\u00a0<strong>\u20ac\u00a0<\/strong>30,000 completamente a cargo de la Compa\u00f1\u00eda Aseguradora,\u00a0y con duraci\u00f3n desde el primer d\u00eda de viaje hasta el regreso a Guatemala; en caso de deducible o co-pago, presentar una tarjeta de cr\u00e9dito con l\u00edmite de cr\u00e9dito mensual de\u00a0<strong>$<\/strong>7,000 m\u00ednimo.<\/li>\n<li>Boleto a\u00e9reo de ida y vuelta;<\/li>\n<li>Reservaciones de hoteles o carta invitaci\u00f3n por parte de una persona f\u00edsica o de una Compa\u00f1\u00eda que cubra toda la estad\u00eda en Italia (Invitaci\u00f3n para\u00a0<a href=\"https:\/\/ambguatemala.esteri.it\/wp-content\/uploads\/2023\/11\/DICHIARAZIONEALLOGGIOGARANZIA.pdf\"><strong>hospedaje<\/strong><\/a>);<\/li>\n<li>Tarjeta de cr\u00e9dito o d\u00e9bito, travel check o\u00a0efectivo (<strong>EUROS\u00a0<\/strong>o\u00a0<strong>USD<\/strong>) que le permita financiar su estad\u00eda en territorio europeo. Los valores econ\u00f3mico de referencias est\u00e1n indicados en la\u00a0<a href=\"https:\/\/vistoperitalia.esteri.it\/files\/public\/moduli\/it\/Direttiva_MinInterno_1-3-2000.pdf\"><strong>Tabella A anexada a la Directiva del Ministerio de Interior Italiano de fecha 01.03.2000<\/strong><\/a>;<\/li>\n<li>Al momento de su llegada a Italia deber\u00e1 llenar y presentar a la polic\u00eda de frontera el documento\u00a0<a href=\"https:\/\/ambguatemala.esteri.it\/wp-content\/uploads\/2023\/08\/78693_f_amb61DichiadiPresenza.pdf\"><strong>Declaraci\u00f3n de Presencia<\/strong>.<\/a><\/li>\n<\/ol>\n<p><strong>Se le informa que,\u00a0aunque presentando todos los documentos\u00a0anteriores, la Polic\u00eda de frontera \u00c1rea Schengen puede\u00a0negar el ingreso a Europa.<\/strong><\/p>\n","protected":false},"excerpt":{"rendered":"VISA de TURISMO para ciudadanos guatemaltecos y hondure\u00f1os (Estad\u00eda\u00a0con duraci\u00f3n hasta\u00a090 d\u00edas) Una persona de nacionalidad guatemalteca u hondure\u00f1a que viaja por turismo a Italia hasta\u00a090 d\u00edas\u00a0NO NECESITA VISA. Para m\u00e1s informaci\u00f3n visitar la siguiente p\u00e1gina web:\u00a0https:\/\/vistoperitalia.esteri.it\/ Sin embargo, para no tener problemas al ingreso del territorio europeo \u2013 \u00c1rea Schengen, se le recuerda que [&hellip;]","protected":false},"author":4,"featured_media":0,"parent":1978,"menu_order":0,"comment_status":"closed","ping_status":"closed","template":"","meta":{"footnotes":""},"class_list":["post-1809","page","type-page","status-publish","hentry"],"_links":{"self":[{"href":"https:\/\/ambguatemala.esteri.it\/it\/wp-json\/wp\/v2\/pages\/1809","targetHints":{"allow":["GET"]}}],"collection":[{"href":"https:\/\/ambguatemala.esteri.it\/it\/wp-json\/wp\/v2\/pages"}],"about":[{"href":"https:\/\/ambguatemala.esteri.it\/it\/wp-json\/wp\/v2\/types\/page"}],"author":[{"embeddable":true,"href":"https:\/\/ambguatemala.esteri.it\/it\/wp-json\/wp\/v2\/users\/4"}],"replies":[{"embeddable":true,"href":"https:\/\/ambguatemala.esteri.it\/it\/wp-json\/wp\/v2\/comments?post=1809"}],"version-history":[{"count":6,"href":"https:\/\/ambguatemala.esteri.it\/it\/wp-json\/wp\/v2\/pages\/1809\/revisions"}],"predecessor-version":[{"id":2549,"href":"https:\/\/ambguatemala.esteri.it\/it\/wp-json\/wp\/v2\/pages\/1809\/revisions\/2549"}],"up":[{"embeddable":true,"href":"https:\/\/ambguatemala.esteri.it\/it\/wp-json\/wp\/v2\/pages\/1978"}],"wp:attachment":[{"href":"https:\/\/ambguatemala.esteri.it\/it\/wp-json\/wp\/v2\/media?parent=1809"}],"curies":[{"name":"wp","href":"https:\/\/api.w.org\/{rel}","templated":true}]}}