{"id":1839,"date":"2025-05-29T23:36:03","date_gmt":"2025-05-29T21:36:03","guid":{"rendered":"https:\/\/ambguatemala.esteri.it\/?page_id=1839"},"modified":"2026-04-30T17:45:39","modified_gmt":"2026-04-30T15:45:39","slug":"visa-de-estudios-master-phd","status":"publish","type":"page","link":"https:\/\/ambguatemala.esteri.it\/it\/servizi-consolari-e-visti\/servizi-per-il-cittadino-straniero\/visti\/visto-di-studio\/visa-de-estudios-master-phd\/","title":{"rendered":"VISTO di STUDIO (Master &#8211; PHD)"},"content":{"rendered":"<p style=\"text-align: center;\"><strong>VISTO di STUDIO per Corsi di SPECIALIZZAZIONE POST-LAUREA (questa categoria include: Master di I e II livello e Dottorati di Ricerca)<\/strong><\/p>\n<p>Per informazioni generali su questo tipo di VISTO, si prega di visitare il seguente sito: <strong><u><a href=\"https:\/\/vistoperitalia.esteri.it\/\">https:\/\/vistoperitalia.esteri.it\/<\/a><\/u><\/strong><\/p>\n<p style=\"text-align: center;\"><strong>A cosa serve e chi pu\u00f2 richiederlo?<\/strong><\/p>\n<p>Questo visto consente l\u2019ingresso in Italia ai residenti in Guatemala \/ Honduras che, dopo aver ottenuto una Laurea, vogliano proseguire gli studi di specializzazione presso un&#8217;Universit\u00e0 ufficialmente riconosciuta in Italia.<\/p>\n<p>La domanda di VISTO pu\u00f2 essere presentata <strong><u>massimo tre mesi prima<\/u><\/strong> della data di inizio del viaggio e <strong><u>fino a 15 giorni lavorativi prima<\/u><\/strong> di tale data, ma si consiglia di contattarci <strong><u>almeno 30 giorni prima<\/u><\/strong>.<\/p>\n<p>Per convalidare gli studi precedentemente completati in Guatemala, le universit\u00e0 generalmente richiedono il rilascio di una &#8220;<strong><u>Dichiarazione di Valore<\/u><\/strong>&#8220;, un documento che deve essere richiesto all&#8217;<a href=\"https:\/\/iicguatemala.esteri.it\/it\/\"><strong>Istituto italiano di Cultura in Guatemala<\/strong><\/a>.<\/p>\n<p>\u00c8 obbligatorio che lo studente <strong>sia maggiorenne<\/strong> e completi la procedura di <strong>pre-iscrizione<\/strong> presso l&#8217;Universit\u00e0 italiana prescelta tramite il portale <a href=\"https:\/\/www.universitaly.it\/\"><strong>Universitaly<\/strong><\/a>. Se l&#8217;universit\u00e0 non \u00e8 presente nell&#8217;elenco del portale, si prega di contattarci all&#8217;indirizzo <strong><a href=\"mailto:consolato.guatemala@esteri.it\">consolato.guatemala@esteri.it<\/a>.<\/strong><\/p>\n<p><strong>Solo dopo che l&#8217;Universit\u00e0 italiana avr\u00e0 accettato la pre-iscrizione<\/strong> (aggiornando la richiesta sul portale <a href=\"https:\/\/www.universitaly.it\/\"><strong>Universitaly<\/strong><\/a> o <strong>inviando il documento ufficiale <\/strong>all&#8217;Ambasciata tramite <strong>PEC<\/strong>) e ricevuto la &#8220;Dichiarazione di Valore&#8221;, <strong>lo studente potr\u00e0 presentare la domanda di VISTO<\/strong>.<\/p>\n<p><strong>Tipo di VISTO<\/strong>: \u201cD\u201d VISTO per soggiorni di lunga durata (superiori a 90 giorni, fino a 365 giorni).<\/p>\n<p><strong>REQUISITI<\/strong> &#8211; I seguenti documenti devono essere presentati all&#8217;Ambasciata rigorosamente nell&#8217;ordine indicato di seguito (vedere la sezione <strong><a href=\"https:\/\/ambguatemala.esteri.it\/it\/servizi-consolari-e-visti\/servizi-per-il-cittadino-straniero\/visti\/moduli-visti\/\">Moduli<\/a><\/strong> del nostro sito):<\/p>\n<ol>\n<li><strong><a href=\"https:\/\/ambguatemala.esteri.it\/wp-content\/uploads\/2025\/06\/Formulario-Visto-Nazionale-ITA.pdf\">Modulo di richiesta<\/a><\/strong> (compilato e firmato) del VISTO per l&#8217;ingresso in Italia;<\/li>\n<li><strong>Una fotografia\u00a0<\/strong>(3 cm x 4 cm) recente a colori con sfondo bianco;<\/li>\n<li><strong>Passaporto valido<\/strong> (con almeno 90 giorni disponibili al la data di partenza dall&#8217;Area Schengen) con almeno due pagine libere;<\/li>\n<li>Prova di residenza in Guatemala o Honduras. Gli stranieri devono presentare il proprio <strong>DPI\/DNI<\/strong> e un <strong>Certificato di Permesso di Soggiorno<\/strong> valido;<\/li>\n<\/ol>\n<p>&nbsp;<\/p>\n<ol>\n<li><strong>Demostraci\u00f3n de disponibilidad de alojamiento <\/strong>a trav\u00e9s de una de las siguientes opciones:\n<ul>\n<li>Reserva de hotel\/residencia que cubra por lo menos las primeras 10 noches a partir de su llegada a Italia;<\/li>\n<li><a href=\"https:\/\/ambguatemala.esteri.it\/wp-content\/uploads\/2023\/11\/DICHIARAZIONEALLOGGIOGARANZIA.pdf\"><strong>Declaraci\u00f3n de hospedaje<\/strong><\/a> por parte de la entidad, de un ciudadano italiano\/europeo o extranjero regularmente residente en Italia (adjuntar fotocopia de un documento de identidad de la persona que hospeda);<\/li>\n<\/ul>\n<\/li>\n<li style=\"list-style-type: none;\"><\/li>\n<li><strong>Preinscripci\u00f3n en el portal <\/strong><a href=\"https:\/\/www.universitaly.it\/\"><strong>https:\/\/www.universitaly.it\/<\/strong><\/a> impresa y firmada. Si la entidad no est\u00e1 presente en dicho portal, favor indicarlo en el correo;<\/li>\n<li><strong>Carta de aceptaci\u00f3n de la Universidad italiana <\/strong>con la indicaci\u00f3n del curso que se va a realizar, la fecha de inicio y la duraci\u00f3n del mismo o, en su defecto, la fecha de finalizaci\u00f3n del curso y el idioma en que se efectuar\u00e1 el curso. La carta tendr\u00e1 que ser firmada por el representante del Instituto y enviada a la Embajada por medio de correo electr\u00f3nico certificado (<strong>PEC<\/strong>);<\/li>\n<li><strong>Dichiarazione di Valore<\/strong> (si requerida por la Universidad);<\/li>\n<li><strong>Certificaci\u00f3n oficial de conocimiento del idioma italiano nivel B2<\/strong>\u00a0si el curso de estudios es dictado en italiano. De todas formas, la Embajada de Italia se reserva el derecho de verificar el nivel del conocimiento del idioma italiano durante la entrevista y pedir otro tipo de documentaci\u00f3n adicional que considere necesaria<\/li>\n<\/ol>\n<p>Si el curso es en otro idioma, proporcionar documentaci\u00f3n que respalde un adecuado conocimiento de dicho idioma;<\/p>\n<ol style=\"text-align: justify;\" start=\"10\">\n<li><strong>Demostraci\u00f3n de disponibilidad de medios econ\u00f3micos<\/strong>, (por la duraci\u00f3n del primer a\u00f1o acad\u00e9mico) que debe ser constante en el tiempo (no de \u00faltimo momento), estar disponible el d\u00eda de la presentaci\u00f3n de la solicitud de VISA. Para el a\u00f1o acad\u00e9mico 2025\/2026 el Ministerio de Educaci\u00f3n ha establecido el monto econ\u00f3mico m\u00ednimo de referencia en <strong><u>\u20ac 534.41 mensuales<\/u> <\/strong>por cada mes del curso acad\u00e9mico, equivalente a <strong><u>\u20ac 6,947.33 anuales <\/u><\/strong>(considerando 13 mensualidades). Los medios econ\u00f3micos tienen que ser demostrables a trav\u00e9s de una de las siguientes opciones:\n<ul>\n<li><strong>Disponibilidad de una cuenta bancaria <\/strong>a nombre del \/ de la estudiante o de los padres* en un\u00a0<u>Banco guatemalteco\/hondure\u00f1o<\/u> con informaci\u00f3n actualizada. Dicha disponibilidad debe demostrarse a trav\u00e9s de los extractos bancarios de la\/las cuenta\/s de los \u00faltimos seis meses anteriores a la fecha de presentaci\u00f3n de la solicitud de VISA (original, debidamente sellado por el Banco emisor \u2013 no se admiten documentos descargados por internet sin los criterios antedichos). En caso de no estar disponibles los extractos del \u00faltimo periodo, se solicita presentar adem\u00e1s del certificado de los movimientos bancarios de los periodos que no cuenten con extracto bancario, el certificado del saldo disponible a la fecha de la\/s cuenta\/bancaria\/s;<br \/>\n*\u00a0Cuando los padres se hagan cargo de los gastos es necesaria la\u00a0<strong>declaraci\u00f3n jurada firmada ante un notario<\/strong>. \/ **Se precisa que la Embajada de Italia se reserva la aceptaci\u00f3n de documentaci\u00f3n de cuentas bancarias activas en un Pa\u00eds que no sea Guatemala o la U.E.;<\/li>\n<li><strong>En el caso que exista una beca <\/strong>proporcionada por entidades reconocidas la carta de la Entidad debe indicar el nombre del becado, la finalidad de la beca y el monto exacto asignado; debe ser firmada por el responsable de la Entidad otorgante y acompa\u00f1ada por la fotocopia del DPI del\/a mismo\/a;<\/li>\n<\/ul>\n<\/li>\n<\/ol>\n<p style=\"text-align: justify;\">Se aconseja poseer Tarjeta de Cr\u00e9dito o de D\u00e9bito y presentar carta del banco emisor donde se especifique la vigencia y el l\u00edmite de cr\u00e9dito, sobre todo considerando los controles fronterizos. Se requiere tambi\u00e9n proporcionar en la ventanilla <strong>carta laboral<\/strong> o cualquier otra documentaci\u00f3n que respalde los ingresos econ\u00f3micos del \/ de la estudiante o de los padres. En caso de garant\u00eda de los padres, adjuntar documentos de identidad;<\/p>\n<ol style=\"text-align: justify;\" start=\"11\">\n<li><strong>Seguro m\u00e9dico <\/strong>internacional con cobertura m\u00ednima de <strong>\u20ac <\/strong><strong>30,000<\/strong> en el \u00e1rea Schengen para asistencia m\u00e9dica, hospitalizaci\u00f3n, curaciones urgentes, traslado sanitario y repatriaci\u00f3n funeraria completamente a cargo de la Compa\u00f1\u00eda Aseguradora,\u00a0y con duraci\u00f3n desde el primer d\u00eda de viaje hasta la salida del \u00e1rea Schengen. En caso de deducible o co-pago, presentar una tarjeta de cr\u00e9dito con l\u00edmite de cr\u00e9dito mensual de\u00a0<strong>$<\/strong> <strong>7,000 m\u00ednimo<\/strong>;<\/li>\n<li><strong>Reserva de vuelo<\/strong>\u00a0de ida y vuelta con destino final Italia y demostraci\u00f3n de disponibilidad de medios econ\u00f3micos para adquirir el\u00a0<strong>pasaje de regreso<\/strong>\u00a0para salir del \u00e1rea Schengen en el caso en que se exhiba solo el pasaje de ida.<\/li>\n<\/ol>\n<p style=\"text-align: justify;\"><strong><u>NOTAS<\/u><\/strong>:<\/p>\n<ul>\n<li style=\"text-align: justify;\">Una informaci\u00f3n m\u00e1s detallada sobre el proceso de \u00e9ste tipo de VISA se puede encontrar <a href=\"https:\/\/universitaly-private.cineca.it\/uploads\/universitaly-pubblico\/Circolare_2025-2026_studenti_internazionali.pdf\"><strong>aqu\u00ed<\/strong><\/a> en idioma italiano;<\/li>\n<li style=\"text-align: justify;\">Favor contactarnos al correo <a href=\"mailto:consolato.guatemala@esteri.it\"><strong>consolato.guatemala@esteri.it<\/strong><\/a> para agendar la cita de solicitud de VISA;<\/li>\n<li style=\"text-align: justify;\">La solicitud de VISA deber\u00e1 ser presentada de manera presencial por el interesado, debido a que el tr\u00e1mite es estrictamente personal: <strong><u>\u00e9sta Embajada no ha autorizado a ninguna agencia ni intermediario para los tramites de VISA<\/u><\/strong>;<\/li>\n<li style=\"text-align: justify;\">Todos los documentos detallados tendr\u00e1n que ser presentados en original + 1 copia;<\/li>\n<li style=\"text-align: justify;\">Se reciben solicitudes de VISA\u00a0<strong><u>\u00fanicamente de personas residentes en Guatemala \/ Honduras<\/u><\/strong>;<\/li>\n<li style=\"text-align: justify;\">La falta de alguno de los documentos podr\u00eda implicar el rechazo en la ventanilla de la solicitud de VISA;<\/li>\n<li style=\"text-align: justify;\">La carta de invitaci\u00f3n debe estar siempre acompa\u00f1ada por la copia del <strong><u>documento de identidad<\/u><\/strong> del <strong><u>declarante<\/u><\/strong> con la firma visible y copia del <strong><u>Permiso de Residencia<\/u><\/strong> (\u201c<strong><em><u>Permesso di Soggiorno<\/u><\/em><\/strong>\u201d) vigente si el invitante fuera un <strong><u>ciudadano extranjero<\/u><\/strong> regularmente residente en Italia;<\/li>\n<li style=\"text-align: justify;\">No se aceptan garant\u00edas econ\u00f3micas de terceras personas residentes en Italia o en el exterior que no sean familiares cercanos;<\/li>\n<li style=\"text-align: justify;\">\u00c9sta Embajada se reserva el derecho de <strong><u>verificar el nivel del conocimiento del idioma italiano<\/u><\/strong> y pedir otro tipo de documentaci\u00f3n que estime necesaria;<\/li>\n<li style=\"text-align: justify;\">La VISA (si es otorgada), podr\u00e1 ser concedida con una fecha de entrada a Italia pocos d\u00edas antes del inicio del curso, as\u00ed como indicado en la carta de la Universidad Italiana. Quienes deseen entrar a Italia antes de esa fecha podr\u00e1n hacerlo como turistas (sin VISA) por un m\u00e1ximo de 90 d\u00edas si su nacionalidad est\u00e1 exenta de solicitar la <strong>VISA de TURISMO<\/strong>;<\/li>\n<li style=\"text-align: justify;\">Siendo la VISA una concesi\u00f3n, aun presentando todos los documentos requeridos, la misma puede ser otorgada o rechazada. En este \u00faltimo caso ser\u00e1 entregado el <strong>\u201c<em><u>Provvedimento di Diniego<\/u><\/em>\u201d<\/strong>;<\/li>\n<li style=\"text-align: justify;\">Si la VISA es otorgada, el titular de esta <strong><u>deber\u00e1 solicitar dentro de los primeros ocho d\u00edas h\u00e1biles del ingreso a Italia el Permiso de Estad\u00eda<\/u> (\u201c<em>Permesso di Soggiorno<\/em>\u201d)<\/strong> ante las Autoridades italianas competentes (\u201c<strong><em>Questura<\/em><\/strong>\u201d) presentando copia de todos los documentos que entreg\u00f3 en la ventanilla en su solicitud de VISA, demostrando de tal forma de cumplir con todos los requisitos solicitados.<\/li>\n<\/ul>\n","protected":false},"excerpt":{"rendered":"VISTO di STUDIO per Corsi di SPECIALIZZAZIONE POST-LAUREA (questa categoria include: Master di I e II livello e Dottorati di Ricerca) Per informazioni generali su questo tipo di VISTO, si prega di visitare il seguente sito: https:\/\/vistoperitalia.esteri.it\/ A cosa serve e chi pu\u00f2 richiederlo? Questo visto consente l\u2019ingresso in Italia ai residenti in Guatemala \/ [&hellip;]","protected":false},"author":4,"featured_media":0,"parent":2017,"menu_order":0,"comment_status":"closed","ping_status":"closed","template":"","meta":{"footnotes":""},"class_list":["post-1839","page","type-page","status-publish","hentry"],"_links":{"self":[{"href":"https:\/\/ambguatemala.esteri.it\/it\/wp-json\/wp\/v2\/pages\/1839","targetHints":{"allow":["GET"]}}],"collection":[{"href":"https:\/\/ambguatemala.esteri.it\/it\/wp-json\/wp\/v2\/pages"}],"about":[{"href":"https:\/\/ambguatemala.esteri.it\/it\/wp-json\/wp\/v2\/types\/page"}],"author":[{"embeddable":true,"href":"https:\/\/ambguatemala.esteri.it\/it\/wp-json\/wp\/v2\/users\/4"}],"replies":[{"embeddable":true,"href":"https:\/\/ambguatemala.esteri.it\/it\/wp-json\/wp\/v2\/comments?post=1839"}],"version-history":[{"count":6,"href":"https:\/\/ambguatemala.esteri.it\/it\/wp-json\/wp\/v2\/pages\/1839\/revisions"}],"predecessor-version":[{"id":2650,"href":"https:\/\/ambguatemala.esteri.it\/it\/wp-json\/wp\/v2\/pages\/1839\/revisions\/2650"}],"up":[{"embeddable":true,"href":"https:\/\/ambguatemala.esteri.it\/it\/wp-json\/wp\/v2\/pages\/2017"}],"wp:attachment":[{"href":"https:\/\/ambguatemala.esteri.it\/it\/wp-json\/wp\/v2\/media?parent=1839"}],"curies":[{"name":"wp","href":"https:\/\/api.w.org\/{rel}","templated":true}]}}