{"id":1906,"date":"2025-05-30T20:55:53","date_gmt":"2025-05-30T18:55:53","guid":{"rendered":"https:\/\/ambguatemala.esteri.it\/?page_id=1906"},"modified":"2025-08-08T16:49:45","modified_gmt":"2025-08-08T14:49:45","slug":"visto-per-marittimi","status":"publish","type":"page","link":"https:\/\/ambguatemala.esteri.it\/it\/servizi-consolari-e-visti\/servizi-per-il-cittadino-straniero\/visti\/visto-per-marittimi-2\/visto-per-marittimi\/","title":{"rendered":"VISTO per LAVORARE in una NAVE da CROCIERA battente bandiera ITALIANA"},"content":{"rendered":"<p style=\"text-align: center;\"><strong>VISA para TRABAJAR en un CRUCERO ITALIANO<\/strong><\/p>\n<p>Para obtener informaciones generales sobre esta tipolog\u00eda de VISA visitar la siguiente p\u00e1gina web:\u00a0<a href=\"https:\/\/vistoperitalia.esteri.it\/\"><strong>https:\/\/vistoperitalia.esteri.it\/<\/strong><\/a><\/p>\n<p style=\"text-align: center;\"><strong>\u00bfPara qu\u00e9 sirve y qui\u00e9n la puede solicitar?<\/strong><\/p>\n<p>Esta VISA permite al ciudadano extranjero realizar actividad laboral a bordo de barcos cuando estos naveguen en aguas territoriales o no (siempre y cuando ondee bandera italiana) o estacionen en un puerto nacional, con la finalidad de trabajar en servicios complementarios a bordo.<\/p>\n<p>\u00c9sta VISA se puede solicitar con\u00a0<strong>nueve meses de antelaci\u00f3n<\/strong>\u00a0a la fecha de inicio del viaje y\u00a0<strong>hasta 15 d\u00edas h\u00e1biles<\/strong>\u00a0antes de la misma fecha, pero recomendamos ponerse en contacto con nosotros con\u00a0<strong>al menos 30 d\u00edas de antelaci\u00f3n<\/strong>.<\/p>\n<p><strong>Tipo de VISA<\/strong>: \u201cC\u201d VISA de corta duraci\u00f3n (hasta 90 d\u00edas) o \u201cD\u201d VISA de larga duraci\u00f3n (mayor de 90 d\u00edas hasta 365 d\u00edas).<\/p>\n<p><strong>REQUISITOS \u2013<\/strong>\u00a0Se deben presentar a la Embajada en el estricto orden abajo indicado (revisar la secci\u00f3n\u00a0<a href=\"https:\/\/ambguatemala.esteri.it\/es\/servizi-consolari-e-visti\/servizi-per-il-cittadino-straniero\/visti-2\/moduli-visti\/\"><strong>Formularios<\/strong><\/a>\u00a0de nuestra p\u00e1gina web):<\/p>\n<ol>\n<li>El\u00a0<strong>formulario de solicitud<\/strong><strong>de VISA<\/strong>\u00a0de <strong><a href=\"https:\/\/vistoperitalia.esteri.it\/files\/public\/moduli\/it\/Formulario_Visto_Nazionale.pdf\">larga duraci\u00f3n<\/a><\/strong> o de <strong><a href=\"https:\/\/e-applicationvisa.esteri.it\/\">corta duraci\u00f3n<\/a><\/strong>\u00a0debidamente llenado y firmado;<\/li>\n<li><strong>Una fotograf\u00eda <\/strong>(3 cm x 4 cm) reciente a colores con fondo blanco;<\/li>\n<li><strong>Pasaporte vigente\u00a0<\/strong>(con validez de m\u00ednimo 90 d\u00edas m\u00e1s del d\u00eda de salida del \u00e1rea Schengen) con m\u00ednimo dos p\u00e1ginas libres y copia simple del mismo (s\u00f3lo de la p\u00e1gina del documento de viaje que contiene los datos personales del titular);<\/li>\n<li>Ser residente en Guatemala u Honduras. En caso de extranjeros, presentar\u00a0<strong>DPI\/DNI<\/strong>y tambi\u00e9n\u00a0<strong>Certificado de Extranjero Residente<\/strong>\u00a0vigente;<\/li>\n<li>Original y copia de la\u00a0<strong>Libreta Mar\u00edtima<\/strong>y\u00a0<strong>certificados de los cursos\u00a0<\/strong>que lo habilitan para trabajar a bordo de un barco como\u00a0<strong>Gente de Mar<\/strong>;<\/li>\n<li><strong>Certificado Laboral<\/strong>o copia del\u00a0<strong>contrato\u00a0<\/strong>del\u00a0<strong>\u00faltimo trabajo realizado<\/strong>;<\/li>\n<li><strong>Solicitud<\/strong>de emisi\u00f3n de VISA de la\u00a0<strong>Sociedad Armadora<\/strong>;<\/li>\n<li><strong>Contrato de Trabajo<\/strong>individual\u00a0firmado por las partes;<\/li>\n<li>Copia del\u00a0<strong>Contrato de Concesi\u00f3n<\/strong>;<\/li>\n<li>Certificado de inscripci\u00f3n del barco en el\u00a0<strong>Registro Internacional<\/strong>;<\/li>\n<li>Reserva de vuelo de ida con destino Italia (u otro Pa\u00eds del espacio\u00a0<strong>Schengen<\/strong>).<\/li>\n<\/ol>\n<p><strong>NOTAS<\/strong>:<\/p>\n<ul>\n<li>Favor contactarnos al correo\u00a0<a href=\"mailto:consolato.guatemala@esteri.it\"><strong>consolato.guatemala@esteri.it<\/strong><\/a>\u00a0para agendar la cita de solicitud de VISA;<\/li>\n<li>La solicitud de VISA deber\u00e1 ser presentada de manera presencial por el interesado, debido a que el tr\u00e1mite es estrictamente personal:\u00a0<strong>\u00e9sta Embajada no ha autorizado a ninguna agencia ni intermediario para los tramites de VISA<\/strong>;<\/li>\n<li>Todos los documentos detallados tendr\u00e1n que ser presentados en original + 1 copia;<\/li>\n<li>\u00c9sta Embajada se reserva el derecho de solicitar otro tipo de documentaci\u00f3n que estime necesaria;<\/li>\n<li>Siendo la VISA una concesi\u00f3n, aun presentando todos los documentos requeridos, la misma puede ser otorgada o rechazada. En este \u00faltimo caso ser\u00e1 entregado el\u00a0<strong>\u201c<em><u>Provvedimento di Diniego<\/u><\/em>\u201d<\/strong>;<\/li>\n<li>La VISA (si es otorgada), podr\u00e1 ser concedida con una fecha de entrada a Italia pocos d\u00edas antes de la fecha de inicio del trabajo;<\/li>\n<li>Por mayor seguridad el\/la solicitante deber\u00e1\u00a0<strong>llevar durante su viaje todos los documentos en copia<\/strong>\u00a0por si se le solicitan al control migratorio del \u00e1rea Schengen.<\/li>\n<\/ul>\n","protected":false},"excerpt":{"rendered":"VISA para TRABAJAR en un CRUCERO ITALIANO Para obtener informaciones generales sobre esta tipolog\u00eda de VISA visitar la siguiente p\u00e1gina web:\u00a0https:\/\/vistoperitalia.esteri.it\/ \u00bfPara qu\u00e9 sirve y qui\u00e9n la puede solicitar? Esta VISA permite al ciudadano extranjero realizar actividad laboral a bordo de barcos cuando estos naveguen en aguas territoriales o no (siempre y cuando ondee bandera [&hellip;]","protected":false},"author":4,"featured_media":0,"parent":2083,"menu_order":0,"comment_status":"closed","ping_status":"closed","template":"","meta":{"footnotes":""},"class_list":["post-1906","page","type-page","status-publish","hentry"],"_links":{"self":[{"href":"https:\/\/ambguatemala.esteri.it\/it\/wp-json\/wp\/v2\/pages\/1906","targetHints":{"allow":["GET"]}}],"collection":[{"href":"https:\/\/ambguatemala.esteri.it\/it\/wp-json\/wp\/v2\/pages"}],"about":[{"href":"https:\/\/ambguatemala.esteri.it\/it\/wp-json\/wp\/v2\/types\/page"}],"author":[{"embeddable":true,"href":"https:\/\/ambguatemala.esteri.it\/it\/wp-json\/wp\/v2\/users\/4"}],"replies":[{"embeddable":true,"href":"https:\/\/ambguatemala.esteri.it\/it\/wp-json\/wp\/v2\/comments?post=1906"}],"version-history":[{"count":4,"href":"https:\/\/ambguatemala.esteri.it\/it\/wp-json\/wp\/v2\/pages\/1906\/revisions"}],"predecessor-version":[{"id":2538,"href":"https:\/\/ambguatemala.esteri.it\/it\/wp-json\/wp\/v2\/pages\/1906\/revisions\/2538"}],"up":[{"embeddable":true,"href":"https:\/\/ambguatemala.esteri.it\/it\/wp-json\/wp\/v2\/pages\/2083"}],"wp:attachment":[{"href":"https:\/\/ambguatemala.esteri.it\/it\/wp-json\/wp\/v2\/media?parent=1906"}],"curies":[{"name":"wp","href":"https:\/\/api.w.org\/{rel}","templated":true}]}}