{"id":1924,"date":"2025-05-30T21:01:53","date_gmt":"2025-05-30T19:01:53","guid":{"rendered":"https:\/\/ambguatemala.esteri.it\/?page_id=1924"},"modified":"2025-08-08T16:52:02","modified_gmt":"2025-08-08T14:52:02","slug":"visto-di-transito-per-marittimi","status":"publish","type":"page","link":"https:\/\/ambguatemala.esteri.it\/it\/servizi-consolari-e-visti\/servizi-per-il-cittadino-straniero\/visti\/visto-per-marittimi-2\/visto-di-transito-per-marittimi\/","title":{"rendered":"VISTO di TRANSITO per MARITTIMI"},"content":{"rendered":"<p style=\"text-align: center;\"><strong>VISA de TR\u00c1NSITO para <\/strong><strong>PERSONAL MAR\u00cdTIMO<\/strong><\/p>\n<p>Para obtener informaciones generales sobre esta tipolog\u00eda de VISA visitar la siguiente p\u00e1gina web:\u00a0<a href=\"https:\/\/vistoperitalia.esteri.it\/\"><strong>https:\/\/vistoperitalia.esteri.it\/<\/strong><\/a><\/p>\n<p style=\"text-align: center;\"><strong>\u00bfPara qu\u00e9 sirve y qui\u00e9n la puede solicitar?<\/strong><\/p>\n<p>\u00c9sta VISA permite al ciudadano extranjero, que se desempe\u00f1a como gente de mar (aplica solo para aquellos que no est\u00e1n exentos de la Visa C para entrar al territorio Schengen) embarcar o desembarcar, de barcos que ondean bandera no italiana, en puertos italianos o en el espacio Schengen. El visado ser\u00e1 concedido siempre y cuando sea posible confirmar la presencia del barco a trav\u00e9s de la comunicaci\u00f3n de las autoridades italianas de puerto (<strong>\u201cCapitaneria di Porto\u201d<\/strong>).<\/p>\n<p>El mismo visado puede ser concedido tambi\u00e9n a la gente de mar que embarca en barcos que ondean bandera italiana \u00fanicamente en el caso en que desembarquen por la finalizaci\u00f3n del contrato en un puerto italiano.<\/p>\n<p>\u00c9sta VISA se puede solicitar con\u00a0<strong> nueve meses de antelaci\u00f3n<\/strong>\u00a0a la fecha de inicio del viaje y\u00a0<strong>hasta 15 d\u00edas h\u00e1biles<\/strong>\u00a0antes de la misma fecha, pero recomendamos ponerse en contacto con nosotros con\u00a0<strong>al menos 30 d\u00edas de antelaci\u00f3n<\/strong>.<\/p>\n<p><strong>Tipo de visa<\/strong>: \u201cC\u201d visa de corta duraci\u00f3n (hasta 90 d\u00edas).<\/p>\n<p><strong>REQUISITOS \u2013<\/strong>\u00a0Se deben presentar a la Embajada en el estricto orden abajo indicado (revisar la secci\u00f3n\u00a0<a href=\"https:\/\/ambguatemala.esteri.it\/es\/servizi-consolari-e-visti\/servizi-per-il-cittadino-straniero\/visti-2\/moduli-visti\/\"><strong>Formularios<\/strong><\/a><strong>\u00a0<\/strong>de nuestra p\u00e1gina web):<\/p>\n<ol>\n<li>El\u00a0<a href=\"https:\/\/vistoperitalia.esteri.it\/\"><strong>formulario de solicitud<\/strong><\/a>(llenado y firmado) de VISA para ingresar al espacio Schengen.\u00a0En caso de dificultades en llenarlo en l\u00ednea, se puede descargar el documento de la secci\u00f3n\u00a0<a href=\"https:\/\/ambguatemala.esteri.it\/es\/servizi-consolari-e-visti\/servizi-per-il-cittadino-straniero\/visti-2\/moduli-visti\/\"><strong>Formularios<\/strong><\/a><strong>\u00a0<\/strong>de nuestra p\u00e1gina web);<\/li>\n<li><strong>Una fotograf\u00eda <\/strong>(3 cm x 4 cm) reciente a colores con fondo blanco;<\/li>\n<li><strong>Pasaporte vigente\u00a0<\/strong>(con validez de m\u00ednimo 90 d\u00edas m\u00e1s del d\u00eda de salida del \u00e1rea Schengen) con m\u00ednimo dos p\u00e1ginas libres y copia simple del mismo (s\u00f3lo de la p\u00e1gina del documento de viaje que contiene los datos personales del titular);<\/li>\n<li>Original y copia de la\u00a0<strong>Libreta Mar\u00edtima<\/strong>y\u00a0<strong>certificados de los cursos\u00a0<\/strong>que lo habilitan para trabajar a bordo de un barco como\u00a0<strong>Gente de Mar<\/strong>;<\/li>\n<li><strong>Prueba de la necesidad o conveniencia real de transitar\u00a0<\/strong>por el espacio Schengen;<\/li>\n<li><strong>Prueba de medios econ\u00f3micos\u00a0<\/strong>de subsistencia, en la medida prevista seg\u00fan los valores indicados en la\u00a0<a href=\"https:\/\/vistoperitalia.esteri.it\/files\/public\/moduli\/it\/Direttiva_MinInterno_1-3-2000.pdf\"><strong>Tabella A anexada a la Directiva del Ministerio de Interior Italiano de fecha 01.03.2000<\/strong><\/a>;<\/li>\n<li><strong>Eventual disponibilidad de alojamiento <\/strong>(reserva de hotel, declaraci\u00f3n de hospitalidad), si se prev\u00e9n escalas durante el tr\u00e1nsito;<\/li>\n<li><strong>Seguro m\u00e9dico\u00a0<\/strong>internacional con cobertura m\u00ednima de\u00a0<strong>\u20ac\u00a030,000\u00a0<\/strong>en el \u00e1rea Schengen para asistencia m\u00e9dica, hospitalizaci\u00f3n, curaciones urgentes, traslado sanitario y repatriaci\u00f3n funeraria completamente a cargo de la Compa\u00f1\u00eda Aseguradora,\u00a0y con duraci\u00f3n desde el primer d\u00eda de viaje hasta la salida del \u00e1rea Schengen. En caso de deducible o co-pago, presentar una tarjeta de cr\u00e9dito con l\u00edmite de cr\u00e9dito mensual de\u00a0<strong>$ 7,000 m\u00ednimo<\/strong>;<\/li>\n<li><strong>Reserva de vuelo\u00a0<\/strong>con tr\u00e1nsito en Italia.<\/li>\n<\/ol>\n<p><strong>NOTAS<\/strong>:<\/p>\n<ul>\n<li>Favor contactarnos al correo\u00a0<a href=\"mailto:consolato.guatemala@esteri.it\"><strong>consolato.guatemala@esteri.it<\/strong><\/a>\u00a0para agendar la cita de solicitud de VISA;<\/li>\n<li>La solicitud de VISA deber\u00e1 ser presentada de manera presencial por el interesado, debido a que el tr\u00e1mite es estrictamente personal:\u00a0<strong>\u00e9sta Embajada no ha autorizado a ninguna agencia ni intermediario para los tramites de VISA<\/strong>;<\/li>\n<li>Todos los documentos detallados tendr\u00e1n que ser presentados en original + 1 copia;<\/li>\n<li>\u00c9sta Embajada se reserva el derecho de solicitar otro tipo de documentaci\u00f3n que estime necesaria;<\/li>\n<li>Siendo la VISA una concesi\u00f3n, aun presentando todos los documentos requeridos, la misma puede ser otorgada o rechazada. En este \u00faltimo caso ser\u00e1 entregado el\u00a0<strong>\u201c<em><u>Provvedimento di Diniego<\/u><\/em>\u201d<\/strong>;<\/li>\n<li>Por mayor seguridad el\/la solicitante deber\u00e1\u00a0<strong>llevar durante su viaje todos los documentos en copia<\/strong>\u00a0por si se le solicitan al control migratorio del \u00e1rea Schengen.<\/li>\n<\/ul>\n","protected":false},"excerpt":{"rendered":"VISA de TR\u00c1NSITO para PERSONAL MAR\u00cdTIMO Para obtener informaciones generales sobre esta tipolog\u00eda de VISA visitar la siguiente p\u00e1gina web:\u00a0https:\/\/vistoperitalia.esteri.it\/ \u00bfPara qu\u00e9 sirve y qui\u00e9n la puede solicitar? \u00c9sta VISA permite al ciudadano extranjero, que se desempe\u00f1a como gente de mar (aplica solo para aquellos que no est\u00e1n exentos de la Visa C para entrar [&hellip;]","protected":false},"author":4,"featured_media":0,"parent":2083,"menu_order":0,"comment_status":"closed","ping_status":"closed","template":"","meta":{"footnotes":""},"class_list":["post-1924","page","type-page","status-publish","hentry"],"_links":{"self":[{"href":"https:\/\/ambguatemala.esteri.it\/it\/wp-json\/wp\/v2\/pages\/1924","targetHints":{"allow":["GET"]}}],"collection":[{"href":"https:\/\/ambguatemala.esteri.it\/it\/wp-json\/wp\/v2\/pages"}],"about":[{"href":"https:\/\/ambguatemala.esteri.it\/it\/wp-json\/wp\/v2\/types\/page"}],"author":[{"embeddable":true,"href":"https:\/\/ambguatemala.esteri.it\/it\/wp-json\/wp\/v2\/users\/4"}],"replies":[{"embeddable":true,"href":"https:\/\/ambguatemala.esteri.it\/it\/wp-json\/wp\/v2\/comments?post=1924"}],"version-history":[{"count":5,"href":"https:\/\/ambguatemala.esteri.it\/it\/wp-json\/wp\/v2\/pages\/1924\/revisions"}],"predecessor-version":[{"id":2544,"href":"https:\/\/ambguatemala.esteri.it\/it\/wp-json\/wp\/v2\/pages\/1924\/revisions\/2544"}],"up":[{"embeddable":true,"href":"https:\/\/ambguatemala.esteri.it\/it\/wp-json\/wp\/v2\/pages\/2083"}],"wp:attachment":[{"href":"https:\/\/ambguatemala.esteri.it\/it\/wp-json\/wp\/v2\/media?parent=1924"}],"curies":[{"name":"wp","href":"https:\/\/api.w.org\/{rel}","templated":true}]}}