{"id":1945,"date":"2025-05-30T21:10:08","date_gmt":"2025-05-30T19:10:08","guid":{"rendered":"https:\/\/ambguatemala.esteri.it\/?page_id=1945"},"modified":"2025-08-08T16:59:18","modified_gmt":"2025-08-08T14:59:18","slug":"visa-por-razones-familiares-para-hijos-menores-de-edad","status":"publish","type":"page","link":"https:\/\/ambguatemala.esteri.it\/it\/servizi-consolari-e-visti\/servizi-per-il-cittadino-straniero\/visti\/visto-per-motivi-familiari\/visa-por-razones-familiares-para-hijos-menores-de-edad\/","title":{"rendered":"VISTO per MOTIVI FAMILIARI (per FIGLI MINORI d&#8217;et\u00e0)"},"content":{"rendered":"<p style=\"text-align: center;\"><strong>VISA de REAGRUPACI\u00d3N FAMILIAR para HIJOS MENORES de Edad<\/strong><\/p>\n<p>Para obtener informaciones generales sobre esta tipolog\u00eda de VISA visitar la siguiente p\u00e1gina web:\u00a0<a href=\"https:\/\/vistoperitalia.esteri.it\/\"><strong>https:\/\/vistoperitalia.esteri.it\/<\/strong><\/a><\/p>\n<p style=\"text-align: center;\"><strong>\u00bfPara qu\u00e9 sirve y qui\u00e9n puede utilizarla?<\/strong><\/p>\n<p>Esta VISA permite ingresar y residir en Italia a los ciudadanos extranjeros menores de edad residentes en Guatemala \/ Honduras para reagrupaci\u00f3n familiar con los padres (ciudadanos extranjeros regularmente residentes en Italia).<\/p>\n<p>El tr\u00e1mite empieza en Italia donde el\/la progenitor\/a solicita la reagrupaci\u00f3n familiar ante la \u201c<strong><em>Prefettura<\/em><\/strong>\u201d territorialmente competente (<strong>Oficina S.U.I.<\/strong>). Una vez que dicha autoridad haya emitido la autorizaci\u00f3n (<em>Nulla Osta<\/em>), el menor residente en Guatemala \/ Honduras podr\u00e1 solicitar la VISA.<\/p>\n<p>\u00c9sta VISA se puede solicitar con\u00a0<strong>seis meses de antelaci\u00f3n<\/strong>\u00a0a la fecha de inicio del viaje y\u00a0<strong>hasta 15 d\u00edas h\u00e1biles<\/strong>\u00a0antes de la misma fecha, pero recomendamos ponerse en contacto con nosotros con\u00a0<strong>al menos 30 d\u00edas de antelaci\u00f3n<\/strong>.<\/p>\n<p><strong>Tipo de VISA<\/strong>: \u201cD\u201d VISA de larga duraci\u00f3n (mayor de 90 d\u00edas hasta 365 d\u00edas).<\/p>\n<p><strong>REQUISITOS \u2013<\/strong>\u00a0Se deben presentar a la Embajada en el estricto orden abajo indicado (revisar la secci\u00f3n\u00a0<a href=\"https:\/\/ambguatemala.esteri.it\/es\/servizi-consolari-e-visti\/servizi-per-il-cittadino-straniero\/visti-2\/moduli-visti\/\"><strong>Formularios<\/strong><\/a><strong>\u00a0<\/strong>de nuestra p\u00e1gina web):<\/p>\n<ol>\n<li>El\u00a0<a href=\"https:\/\/vistoperitalia.esteri.it\/files\/public\/moduli\/it\/Formulario_Visto_Nazionale.pdf\"><strong>formulario de solicitud<\/strong><\/a>(llenado y firmado) de VISA para ingresar a Italia.\u00a0En caso de dificultades en llenarlo en l\u00ednea, se puede descargar el documento de la secci\u00f3n\u00a0<a href=\"https:\/\/ambguatemala.esteri.it\/es\/servizi-consolari-e-visti\/servizi-per-il-cittadino-straniero\/visti-2\/moduli-visti\/\"><strong>Formularios<\/strong><\/a><strong>\u00a0<\/strong>de nuestra p\u00e1gina web);<\/li>\n<li><strong>Una fotograf\u00eda <\/strong>(3 cm x 4 cm) reciente a colores con fondo blanco;<\/li>\n<li><strong>Pasaporte vigente\u00a0<\/strong>(con validez de m\u00ednimo 90 d\u00edas m\u00e1s del d\u00eda de salida del \u00e1rea Schengen) con m\u00ednimo dos p\u00e1ginas libres y copia simple del mismo (s\u00f3lo de la p\u00e1gina del documento de viaje que contiene los datos personales del titular);<\/li>\n<li>Ser residente en Guatemala u Honduras. En caso de extranjeros, presentar\u00a0<strong>DPI\/DNI<\/strong>y tambi\u00e9n\u00a0<strong>Certificado de Extranjero Residente<\/strong>\u00a0vigente;<\/li>\n<li><strong>\u201c<em>Nulla Osta<\/em>\u201d\u00a0<\/strong><\/li>\n<li><strong>Registro Civil de Nacimiento\u00a0del \/ de la menor<\/strong>que solicita la VISA en original, legalizado\/apostillado y con la correspondiente traducci\u00f3n;<\/li>\n<li><strong>Copia<\/strong><strong> del Permesso di Soggiorno, de la p\u00e1gina de datos del Pasaporte y de la Carta de Identidad italiana<\/strong>del\/la progenitor\/a residente en Italia;<\/li>\n<li><strong>Autorizaci\u00f3n escrita\u00a0<\/strong>firmada por los padres que confirme\u00a0<strong>que el\/la menor est\u00e1 autorizado\/a a viajar y a residir en Italia\u00a0<\/strong>(ver <strong><a href=\"https:\/\/ambguatemala.esteri.it\/wp-content\/uploads\/2025\/05\/Modelo-B-Menor-de-Edad-Ricongiungimento-Familiare.pdf\">Formulario Modelo B menor de edad ricongiungimento familiare<\/a><\/strong>). La\u00a0autorizaci\u00f3n\u00a0debe ser firmada ante un\u00a0notario\u00a0(o ante el Juez de menores) apostillada por el MINEX y con la correspondiente traducci\u00f3n. En alternativa, si ambos padres est\u00e1n temporalmente en Guatemala \/ Honduras dicha autorizaci\u00f3n puede ser firmada delante del funcionario en la Embajada de Italia. En el caso en que uno o ambos padres se encuentren en Italia, dicha autorizaci\u00f3n deber\u00e1 ser firmada ante uno de los Consulados de su Pa\u00eds de origen operante en Italia y apostillada por las autoridades competentes en Guatemala \/ Honduras. En todos los casos se debe presentar el original \u2013 que ser\u00e1 devuelto \u2013 y la copia que se quedar\u00e1 en los archivos de la Embajada.<br \/>\n<strong>Importante<\/strong>: Es\u00a0indispensable\u00a0que aparezca la palabra\u00a0residencia en la autorizaci\u00f3n de viaje. En caso de que no apareciera, no se podr\u00e1 recibir la solicitud de VISA;<\/li>\n<li><strong>Autorizaci\u00f3n de los padres para tramitar la visa de un menor de edad <\/strong>(ver\u00a0<a href=\"https:\/\/ambguatemala.esteri.it\/es\/servizi-consolari-e-visti\/servizi-per-il-cittadino-straniero\/visti-2\/moduli-visti\/\"><strong>Formularios<\/strong><\/a>). La\u00a0autorizaci\u00f3n\u00a0debe ser firmada ante un\u00a0notario\u00a0(o ante el Juez de menores) y apostillada por el Minex y con la correspondiente traducci\u00f3n. En alternativa, si ambos padres est\u00e1n temporalmente en Guatemala \/ Honduras dicha autorizaci\u00f3n puede ser firmada delante del funcionario en la Embajada de Italia. En el caso que uno o ambos padres se encuentren en Italia, dicha autorizaci\u00f3n deber\u00e1 ser firmada ante uno de los Consulados de su Pa\u00eds operante en Italia y apostillada por las autoridades competentes en Guatemala \/ Honduras. En todos los casos se debe presentar el original \u2013 que ser\u00e1 devuelto \u2013 y la copia que se quedar\u00e1 en los archivos de la Embajada;<\/li>\n<li><strong>Permiso de salida del Pa\u00eds expedido por Migraci\u00f3n Guatemala \/ Honduras\u00a0<\/strong>y\u00a0apostillado por el Ministerio de Relaciones Exteriores;<\/li>\n<li><strong>Los hijos menores de edad que no puedan presentarse con uno o ambos padres\u00a0<\/strong>por causas de fuerza mayor (ej. se encuentren en el exterior) deber\u00e1n estar acompa\u00f1ados por un mayor de edad debidamente autorizado con un poder legalizado por el Ministerio de Relaciones Exteriores de Guatemala \/ Honduras;<\/li>\n<li><strong>Reserva de vuelo\u00a0<\/strong>de ida con destino final Italia.<\/li>\n<\/ol>\n<p><strong>NOTAS<\/strong>:<\/p>\n<ul>\n<li>Favor contactarnos al correo\u00a0<a href=\"mailto:consolato.guatemala@esteri.it\"><strong>consolato.guatemala@esteri.it<\/strong><\/a>\u00a0para agendar la cita de solicitud de VISA;<\/li>\n<li>La solicitud de VISA deber\u00e1 ser presentada de manera presencial por el interesado, debido a que el tr\u00e1mite es estrictamente personal:\u00a0<strong>\u00e9sta Embajada no ha autorizado a ninguna agencia ni intermediario para los tramites de VISA<\/strong>;<\/li>\n<li>Todos los documentos detallados tendr\u00e1n que ser presentados en original + 1 copia;<\/li>\n<li>Se reciben solicitudes de VISA\u00a0<strong>\u00fanicamente de personas residentes en Guatemala \/ Honduras<\/strong>;<\/li>\n<li><strong>Se informa que \u00e9sta Embajada no podr\u00e1 recibir la solicitud hasta que\u00a0no haya recibido telem\u00e1ticamente la autorizaci\u00f3n transmitida por la Oficina S.U.I.<\/strong>\u00a0Dicha autorizaci\u00f3n\u00a0tiene una validez de\u00a0<strong>6 meses<\/strong>\u00a0(desde la fecha de emisi\u00f3n S.U.I.)\u00a0y debe ser utilizada antes que se haya vencido;<\/li>\n<li>\u00c9sta Embajada puede recibir la solicitud de VISA de personas que reci\u00e9n hayan cumplido la mayor\u00eda de edad, siempre y cuando el \u201cNulla Osta\u201d haya sido\u00a0<strong>emitido antes del cumplimiento de los 18 a\u00f1os<\/strong>;<\/li>\n<li>\u00c9sta Embajada se reserva el derecho de solicitar documentaci\u00f3n adicional que considere necesaria;<\/li>\n<li>La VISA (si es otorgada), podr\u00e1 ser concedida con una fecha de entrada a Italia pocos d\u00edas antes de la fecha de viaje a Italia. Quienes deseen entrar a Italia antes de esa fecha podr\u00e1n hacerlo como turistas (sin VISA) por un m\u00e1ximo de 90 d\u00edas si su nacionalidad est\u00e1 exenta de solicitar la\u00a0<strong>VISA de TURISMO<\/strong>;<\/li>\n<li>Siendo la VISA una concesi\u00f3n, aun presentando todos los documentos requeridos, la misma puede ser otorgada o rechazada. En este \u00faltimo caso ser\u00e1 entregado el\u00a0<strong>\u201c<em><u>Provvedimento di Diniego<\/u><\/em>\u201d<\/strong>;<\/li>\n<li>Si la VISA es otorgada, el titular de esta\u00a0<strong>deber\u00e1 solicitar dentro de los primeros ocho d\u00edas h\u00e1biles del ingreso a Italia el Permiso de Estad\u00eda\u00a0(\u201c<em>Permesso di Soggiorno<\/em>\u201d)<\/strong>\u00a0ante las Autoridades italianas competentes (\u201c<strong><em>Questura<\/em><\/strong>\u201d) presentando copia de todos los documentos que entreg\u00f3 en la ventanilla en su solicitud de VISA, demostrando de tal forma de cumplir con todos los requisitos solicitados.<\/li>\n<\/ul>\n","protected":false},"excerpt":{"rendered":"VISA de REAGRUPACI\u00d3N FAMILIAR para HIJOS MENORES de Edad Para obtener informaciones generales sobre esta tipolog\u00eda de VISA visitar la siguiente p\u00e1gina web:\u00a0https:\/\/vistoperitalia.esteri.it\/ \u00bfPara qu\u00e9 sirve y qui\u00e9n puede utilizarla? Esta VISA permite ingresar y residir en Italia a los ciudadanos extranjeros menores de edad residentes en Guatemala \/ Honduras para reagrupaci\u00f3n familiar con los [&hellip;]","protected":false},"author":4,"featured_media":0,"parent":2031,"menu_order":0,"comment_status":"closed","ping_status":"closed","template":"","meta":{"footnotes":""},"class_list":["post-1945","page","type-page","status-publish","hentry"],"_links":{"self":[{"href":"https:\/\/ambguatemala.esteri.it\/it\/wp-json\/wp\/v2\/pages\/1945","targetHints":{"allow":["GET"]}}],"collection":[{"href":"https:\/\/ambguatemala.esteri.it\/it\/wp-json\/wp\/v2\/pages"}],"about":[{"href":"https:\/\/ambguatemala.esteri.it\/it\/wp-json\/wp\/v2\/types\/page"}],"author":[{"embeddable":true,"href":"https:\/\/ambguatemala.esteri.it\/it\/wp-json\/wp\/v2\/users\/4"}],"replies":[{"embeddable":true,"href":"https:\/\/ambguatemala.esteri.it\/it\/wp-json\/wp\/v2\/comments?post=1945"}],"version-history":[{"count":6,"href":"https:\/\/ambguatemala.esteri.it\/it\/wp-json\/wp\/v2\/pages\/1945\/revisions"}],"predecessor-version":[{"id":2557,"href":"https:\/\/ambguatemala.esteri.it\/it\/wp-json\/wp\/v2\/pages\/1945\/revisions\/2557"}],"up":[{"embeddable":true,"href":"https:\/\/ambguatemala.esteri.it\/it\/wp-json\/wp\/v2\/pages\/2031"}],"wp:attachment":[{"href":"https:\/\/ambguatemala.esteri.it\/it\/wp-json\/wp\/v2\/media?parent=1945"}],"curies":[{"name":"wp","href":"https:\/\/api.w.org\/{rel}","templated":true}]}}