{"id":1970,"date":"2025-05-30T21:21:25","date_gmt":"2025-05-30T19:21:25","guid":{"rendered":"https:\/\/ambguatemala.esteri.it\/?page_id=1970"},"modified":"2025-08-08T17:05:06","modified_gmt":"2025-08-08T15:05:06","slug":"visto-per-familiari-stranieri-di-cittadini-italiani-ue","status":"publish","type":"page","link":"https:\/\/ambguatemala.esteri.it\/it\/servizi-consolari-e-visti\/servizi-per-il-cittadino-straniero\/visti\/visto-per-motivi-familiari\/visto-per-familiari-stranieri-di-cittadini-italiani-ue\/","title":{"rendered":"VISTO per FAMILIARI STRANIERI di CITTADINI ITALIANI\/UE"},"content":{"rendered":"<p style=\"text-align: center;\"><strong>VISA para FAMILIARES EXTRANJEROS de CIUDADANOS ITALIANOS\/UE<\/strong><\/p>\n<p>Para obtener informaciones generales sobre esta tipolog\u00eda de VISA visitar la siguiente p\u00e1gina web:\u00a0<a href=\"https:\/\/vistoperitalia.esteri.it\/\"><strong>https:\/\/vistoperitalia.esteri.it\/<\/strong><\/a><\/p>\n<p style=\"text-align: center;\"><strong>\u00bfPara qu\u00e9 sirve y qui\u00e9n puede utilizarla?<\/strong><\/p>\n<p>\u00c9ste tipo de VISA permite a los familiares extranjeros de ciudadanos italianos\/UE, entrar a Italia, para estad\u00edas superiores a 90 d\u00edas, con el fin de la\u00a0<strong>reagrupaci\u00f3n familiar<\/strong>.<\/p>\n<p>Los familiares que tienen derecho a la reagrupaci\u00f3n familiar, son\u00a0<strong>exclusivamente<\/strong>\u00a0aquellos indicados en el art. 2 del DL 30\/2007:<\/p>\n<ol>\n<li>el c\u00f3nyuge;<\/li>\n<li>la pareja que haya contra\u00eddo con el ciudadano UE una uni\u00f3n registrada sobre la base de la legislaci\u00f3n de un Estado Miembro y reconocida por el Estado Italiano.<\/li>\n<li>los descendientes directos de edad inferior a los 21 a\u00f1os o econ\u00f3micamente dependientes y los del c\u00f3nyuge o pareja;<\/li>\n<li>los ascendentes directos econ\u00f3micamente dependientes y los del c\u00f3nyuge o pareja.<\/li>\n<\/ol>\n<p>Se consideran descendientes directos\/ascendentes directos tambi\u00e9n los adoptados\/adoptantes y los menores bajo tutela\/cuidado permanente con disposiciones emitidas en virtud de la Ley 184\/83.<\/p>\n<p>\u00c9sta VISA se puede solicitar con\u00a0<strong>seis meses de antelaci\u00f3n<\/strong>\u00a0a la fecha de inicio del viaje y\u00a0<strong>hasta 15 d\u00edas h\u00e1biles<\/strong>\u00a0antes de la misma fecha, pero recomendamos ponerse en contacto con nosotros con\u00a0<strong>al menos 30 d\u00edas de antelaci\u00f3n<\/strong>.<\/p>\n<p><strong>Tipo de VISA<\/strong>: \u201cD\u201d VISA de larga duraci\u00f3n (mayor de 90 d\u00edas hasta 365 d\u00edas).<\/p>\n<p><strong>REQUISITOS \u2013<\/strong>\u00a0Se deben presentar a la Embajada en el estricto orden abajo indicado (revisar la secci\u00f3n\u00a0<a href=\"https:\/\/ambguatemala.esteri.it\/es\/servizi-consolari-e-visti\/servizi-per-il-cittadino-straniero\/visti-2\/moduli-visti\/\"><strong>Formularios<\/strong><\/a><strong>\u00a0<\/strong>de nuestra p\u00e1gina web):<\/p>\n<ol>\n<li>El\u00a0<a href=\"https:\/\/vistoperitalia.esteri.it\/files\/public\/moduli\/it\/Formulario_Visto_Nazionale.pdf\"><strong>formulario de solicitud<\/strong><\/a>(llenado y firmado) de VISA para ingresar a Italia.\u00a0En caso de dificultades en llenarlo en l\u00ednea, se puede descargar el documento de la secci\u00f3n\u00a0<a href=\"https:\/\/ambguatemala.esteri.it\/es\/servizi-consolari-e-visti\/servizi-per-il-cittadino-straniero\/visti-2\/moduli-visti\/\"><strong>Formularios<\/strong><\/a><strong>\u00a0<\/strong>de nuestra p\u00e1gina web);<\/li>\n<li><strong>Una fotograf\u00eda <\/strong>(3 cm x 4 cm) reciente a colores con fondo blanco;<\/li>\n<li><strong>Pasaporte vigente\u00a0<\/strong>(con validez de m\u00ednimo 90 d\u00edas m\u00e1s del d\u00eda de salida del \u00e1rea Schengen) con m\u00ednimo dos p\u00e1ginas libres y copia simple del mismo (s\u00f3lo de la p\u00e1gina del documento de viaje que contiene los datos personales del titular);<\/li>\n<li>Ser residente en Guatemala u Honduras. En caso de extranjeros, presentar\u00a0<strong>DPI\/DNI<\/strong>y tambi\u00e9n\u00a0<strong>Certificado de Extranjero Residente<\/strong>\u00a0vigente;<\/li>\n<li><strong>Documentaci\u00f3n de estado civil que compruebe la condici\u00f3n de familiar\u00a0<\/strong>en virtud del art.2 del DL 30\/2007 traducida y legalizada por el Ministerio de Relaciones Exteriores de Guatemala\/Honduras, o en alternativa, el acta de matrimonio o nacimiento (seg\u00fan sea el parentesco) o uni\u00f3n civil transcrita en Italia;<\/li>\n<li><strong>Copia del pasaporte italiano\/comunitario v\u00e1lido\u00a0<\/strong>del familiar que desea ejercer el derecho a la reagrupaci\u00f3n familiar;<\/li>\n<li><strong>Carta de invitaci\u00f3n del familiar italiano\/comunitario\u00a0<\/strong>con la cual se demuestre la intenci\u00f3n de ejercer el derecho a la reagrupaci\u00f3n familiar<\/li>\n<li>Si el solicitante es\u00a0<strong>menor de edad<\/strong>, se deben presentar tambi\u00e9n los siguientes documentos:\n<ul>\n<li><strong>Registro Civil<\/strong>de nacimiento del menor;<\/li>\n<li><strong>Permiso de salida del Pa\u00eds\u00a0<\/strong>expedido por Migraci\u00f3n y apostillado por el Ministerio de Relaciones Exteriores de Guatemala \/ Honduras;<\/li>\n<li><strong>Autorizaci\u00f3n de los padres<\/strong>a tramitar la VISA (secci\u00f3n \u201cFormularios\u201d);<\/li>\n<li><strong>Modelo B<\/strong>menor de edad (secci\u00f3n \u201cFormularios\u201d);<\/li>\n<\/ul>\n<\/li>\n<\/ol>\n<p>Los \u00faltimos dos formularios deber\u00e1n ser firmados por los padres ante un notario o ante el funcionario consular;<\/p>\n<ol start=\"9\">\n<li>Si el solicitante es menor de edad, se debe presentar el<\/li>\n<li><strong>Reserva de vuelo\u00a0<\/strong>de ida con destino final Italia.<\/li>\n<\/ol>\n<p><strong>NOTAS<\/strong><u>:<\/u><\/p>\n<ul>\n<li>Favor contactarnos al correo\u00a0<a href=\"mailto:consolato.guatemala@esteri.it\"><strong>consolato.guatemala@esteri.it<\/strong><\/a>\u00a0para agendar la cita de solicitud de VISA;<\/li>\n<li>La solicitud de VISA deber\u00e1 ser presentada de manera presencial por el interesado, debido a que el tr\u00e1mite es estrictamente personal:\u00a0<strong>\u00e9sta Embajada no ha autorizado a ninguna agencia ni intermediario para los tramites de VISA<\/strong>;<\/li>\n<li>Todos los documentos detallados tendr\u00e1n que ser presentados en original + 1 copia;<\/li>\n<li>Se reciben solicitudes de VISA\u00a0<strong>\u00fanicamente de personas residentes en Guatemala \/ Honduras<\/strong>;<\/li>\n<li>Los ascendentes directos que sean econ\u00f3micamente dependientes y los del c\u00f3nyuge o pareja, deber\u00e1n demostrar tal condici\u00f3n a trav\u00e9s de remesas econ\u00f3micas realizadas por parte del ciudadano italiano\/comunitario o de su c\u00f3nyuge o pareja no ciudadano UE. El apoyo econ\u00f3mico deber\u00e1 ser de naturaleza estructural y por el mismo no se prev\u00e9 una duraci\u00f3n m\u00ednima;<\/li>\n<li>La Embajada de Italia se reserva el derecho de solicitar documentaci\u00f3n adicional que considere necesaria.<\/li>\n<li>La VISA (si es otorgada), podr\u00e1 ser concedida con una fecha de entrada a Italia pocos d\u00edas antes de la fecha de viaje a Italia. Quienes deseen entrar a Italia antes de esa fecha podr\u00e1n hacerlo como turistas (sin VISA) por un m\u00e1ximo de 90 d\u00edas si su nacionalidad est\u00e1 exenta de solicitar la\u00a0<strong>VISA de TURISMO<\/strong>;<\/li>\n<li>Siendo la VISA una concesi\u00f3n, aun presentando todos los documentos requeridos, la misma puede ser otorgada o rechazada. En este \u00faltimo caso ser\u00e1 entregado el\u00a0<strong>\u201c<em><u>Provvedimento di Diniego<\/u><\/em>\u201d<\/strong>;<\/li>\n<li>Si la VISA es otorgada, el titular de esta\u00a0<strong>deber\u00e1 solicitar dentro de los primeros ocho d\u00edas h\u00e1biles del ingreso a Italia el Permiso de Estad\u00eda\u00a0(\u201c<em>Permesso di Soggiorno<\/em>\u201d)<\/strong>\u00a0ante las Autoridades italianas competentes (\u201c<strong><em>Questura<\/em><\/strong>\u201d) presentando copia de todos los documentos que entreg\u00f3 en la ventanilla en su solicitud de VISA, demostrando de tal forma de cumplir con todos los requisitos solicitados.<\/li>\n<\/ul>\n","protected":false},"excerpt":{"rendered":"VISA para FAMILIARES EXTRANJEROS de CIUDADANOS ITALIANOS\/UE Para obtener informaciones generales sobre esta tipolog\u00eda de VISA visitar la siguiente p\u00e1gina web:\u00a0https:\/\/vistoperitalia.esteri.it\/ \u00bfPara qu\u00e9 sirve y qui\u00e9n puede utilizarla? \u00c9ste tipo de VISA permite a los familiares extranjeros de ciudadanos italianos\/UE, entrar a Italia, para estad\u00edas superiores a 90 d\u00edas, con el fin de la\u00a0reagrupaci\u00f3n familiar. [&hellip;]","protected":false},"author":4,"featured_media":0,"parent":2031,"menu_order":3,"comment_status":"closed","ping_status":"closed","template":"","meta":{"footnotes":""},"class_list":["post-1970","page","type-page","status-publish","hentry"],"_links":{"self":[{"href":"https:\/\/ambguatemala.esteri.it\/it\/wp-json\/wp\/v2\/pages\/1970","targetHints":{"allow":["GET"]}}],"collection":[{"href":"https:\/\/ambguatemala.esteri.it\/it\/wp-json\/wp\/v2\/pages"}],"about":[{"href":"https:\/\/ambguatemala.esteri.it\/it\/wp-json\/wp\/v2\/types\/page"}],"author":[{"embeddable":true,"href":"https:\/\/ambguatemala.esteri.it\/it\/wp-json\/wp\/v2\/users\/4"}],"replies":[{"embeddable":true,"href":"https:\/\/ambguatemala.esteri.it\/it\/wp-json\/wp\/v2\/comments?post=1970"}],"version-history":[{"count":4,"href":"https:\/\/ambguatemala.esteri.it\/it\/wp-json\/wp\/v2\/pages\/1970\/revisions"}],"predecessor-version":[{"id":2568,"href":"https:\/\/ambguatemala.esteri.it\/it\/wp-json\/wp\/v2\/pages\/1970\/revisions\/2568"}],"up":[{"embeddable":true,"href":"https:\/\/ambguatemala.esteri.it\/it\/wp-json\/wp\/v2\/pages\/2031"}],"wp:attachment":[{"href":"https:\/\/ambguatemala.esteri.it\/it\/wp-json\/wp\/v2\/media?parent=1970"}],"curies":[{"name":"wp","href":"https:\/\/api.w.org\/{rel}","templated":true}]}}