{"id":2017,"date":"2025-05-30T22:02:38","date_gmt":"2025-05-30T20:02:38","guid":{"rendered":"https:\/\/ambguatemala.esteri.it\/?page_id=2017"},"modified":"2025-09-03T15:50:20","modified_gmt":"2025-09-03T13:50:20","slug":"visto-di-studio","status":"publish","type":"page","link":"https:\/\/ambguatemala.esteri.it\/it\/servizi-consolari-e-visti\/servizi-per-il-cittadino-straniero\/visti\/visto-di-studio\/","title":{"rendered":"VISTO di STUDIO"},"content":{"rendered":"<p>Se recuerda que para las<strong> VISAS de ESTUDIO <\/strong>es <strong>necesario <\/strong>el <strong>seguro m\u00e9dico <\/strong>internacional con cobertura m\u00ednima de <strong>\u20ac <\/strong><strong>30,000<\/strong> en el \u00e1rea Schengen para asistencia m\u00e9dica, hospitalizaci\u00f3n, curaciones urgentes, traslado sanitario y repatriaci\u00f3n funeraria completamente a cargo de la Compa\u00f1\u00eda Aseguradora,\u00a0y con duraci\u00f3n desde el primer d\u00eda de viaje hasta la salida del \u00e1rea Schengen. En caso de deducible o co-pago, presentar una tarjeta de cr\u00e9dito con l\u00edmite de cr\u00e9dito mensual de\u00a0<strong>$<\/strong> <strong>7,000 m\u00ednimo.<\/strong><\/p>\n<p>Se aconseja poseer Tarjeta de Cr\u00e9dito o de D\u00e9bito y presentar carta del banco emisor donde se especifique la vigencia y el l\u00edmite de cr\u00e9dito, sobre todo considerando los controles fronterizos.<\/p>\n<p>Se requiere tambi\u00e9n proporcionar en la ventanilla <strong>carta laboral<\/strong> o cualquier otra documentaci\u00f3n que respalde los ingresos econ\u00f3micos del \/ de la estudiante o de los padres. En caso de garant\u00eda de los padres, adjuntar documentos de identidad.<\/p>\n<ul>\n<li><strong><a href=\"https:\/\/ambguatemala.esteri.it\/it\/servizi-consolari-e-visti\/servizi-per-il-cittadino-straniero\/visti-2\/visa-de-estudio-licenciatura\/\">VISTO di STUDIO (Laurea)<\/a><\/strong><\/li>\n<li><strong><a href=\"https:\/\/ambguatemala.esteri.it\/it\/servizi-consolari-e-visti\/servizi-per-il-cittadino-straniero\/visti-2\/visa-de-estudios-master-phd\/\">VISTO di STUDIO (Master \u2013 PHD)<\/a><\/strong><\/li>\n<li><strong><a href=\"https:\/\/ambguatemala.esteri.it\/it\/servizi-consolari-e-visti\/servizi-per-il-cittadino-straniero\/visti-2\/visa-de-estudio-del-idioma-italiano-y-o-de-otros-cursos\/\">VISTO di STUDIO (Lingua Italiana \u2013 Altri Corsi)<\/a><\/strong><\/li>\n<\/ul>\n","protected":false},"excerpt":{"rendered":"Se recuerda que para las VISAS de ESTUDIO es necesario el seguro m\u00e9dico internacional con cobertura m\u00ednima de \u20ac 30,000 en el \u00e1rea Schengen para asistencia m\u00e9dica, hospitalizaci\u00f3n, curaciones urgentes, traslado sanitario y repatriaci\u00f3n funeraria completamente a cargo de la Compa\u00f1\u00eda Aseguradora,\u00a0y con duraci\u00f3n desde el primer d\u00eda de viaje hasta la salida del \u00e1rea [&hellip;]","protected":false},"author":4,"featured_media":0,"parent":89,"menu_order":4,"comment_status":"closed","ping_status":"closed","template":"","meta":{"footnotes":""},"class_list":["post-2017","page","type-page","status-publish","hentry"],"_links":{"self":[{"href":"https:\/\/ambguatemala.esteri.it\/it\/wp-json\/wp\/v2\/pages\/2017","targetHints":{"allow":["GET"]}}],"collection":[{"href":"https:\/\/ambguatemala.esteri.it\/it\/wp-json\/wp\/v2\/pages"}],"about":[{"href":"https:\/\/ambguatemala.esteri.it\/it\/wp-json\/wp\/v2\/types\/page"}],"author":[{"embeddable":true,"href":"https:\/\/ambguatemala.esteri.it\/it\/wp-json\/wp\/v2\/users\/4"}],"replies":[{"embeddable":true,"href":"https:\/\/ambguatemala.esteri.it\/it\/wp-json\/wp\/v2\/comments?post=2017"}],"version-history":[{"count":6,"href":"https:\/\/ambguatemala.esteri.it\/it\/wp-json\/wp\/v2\/pages\/2017\/revisions"}],"predecessor-version":[{"id":2656,"href":"https:\/\/ambguatemala.esteri.it\/it\/wp-json\/wp\/v2\/pages\/2017\/revisions\/2656"}],"up":[{"embeddable":true,"href":"https:\/\/ambguatemala.esteri.it\/it\/wp-json\/wp\/v2\/pages\/89"}],"wp:attachment":[{"href":"https:\/\/ambguatemala.esteri.it\/it\/wp-json\/wp\/v2\/media?parent=2017"}],"curies":[{"name":"wp","href":"https:\/\/api.w.org\/{rel}","templated":true}]}}