{"id":2869,"date":"2026-02-26T22:29:23","date_gmt":"2026-02-26T21:29:23","guid":{"rendered":"https:\/\/ambguatemala.esteri.it\/?page_id=2869"},"modified":"2026-02-26T22:35:38","modified_gmt":"2026-02-26T21:35:38","slug":"modifica-dellarticolo-4-comma-1-bis-lettera-b-della-legge-n-91-1992","status":"publish","type":"page","link":"https:\/\/ambguatemala.esteri.it\/it\/servizi-consolari-e-visti\/servizi-per-il-cittadino-straniero\/cittadinanza\/modifica-dellarticolo-4-comma-1-bis-lettera-b-della-legge-n-91-1992\/","title":{"rendered":"Modifica dell\u2019articolo 4, comma 1-bis, lettera b), della Legge n. 91\/1992."},"content":{"rendered":"<p>Modifica dell\u2019articolo 4, comma 1-bis, lettera b), della Legge n. 91\/1992.<\/p>\n<p>Riferimento: Messaggio di questa DGIT, Rep. Fed. 2025-77261, del 07\/07\/2025.<\/p>\n<p>Il comma 513 dell\u2019articolo 1 della legge di bilancio per l\u2019anno 2026 (Legge 30 dicembre 2025, n. 199, Bilancio di previsione dello Stato per l&#8217;anno finanziario 2026<br \/>\ne bilancio pluriennale per il triennio 2026-2028), prevede specifiche modifiche all\u2019articolo 4, comma 1-bis, lettera b) della Legge 5 febbraio 1992, n. 91. MAECI|2730100|07\/01\/2026|0000006-A.<\/p>\n<p>In particolare, le modifiche in parola prevedono che le dichiarazioni rese dai genitori \u2013 di cui almeno uno cittadino per nascita \u2013 ai sensi dell\u2019articolo 4, comma 1-bis, lettera<br \/>\nb) della Legge n. 91\/1992 possano essere presentate entro tre anni (e non pi\u00f9 entro un anno) dalla nascita del minore o dalla data successiva in cui \u00e8 stabilita la filiazione, anche adottiva, da\u00a0 cittadino italiano.<\/p>\n<p>Al riguardo, si rappresenta che, nell\u2019ambito di tale intervento, \u00e8 stata contestualmente prevista la gratuit\u00e0 di tali istanze: pertanto, per le sole dichiarazioni previste dall\u2019articolo 4, comma 1-bis, lettera b), della legge 5 febbraio 1992, n. 91 non andr\u00e0 pi\u00f9 richiesto il pagamento del contributo di \u20ac250 previsto dall\u2019articolo 9-bis della Legge n. 91\/1992. A parziale rettifica di quanto comunicato con mail in data 31 dicembre u.s., si segnala inoltre che diventano gratuite anche le dichiarazioni da rendersi entro il 31 maggio p.v. relativamente ai figli di almeno<br \/>\nun cittadino italiano per nascita che erano ancora minorenni al 24 maggio 2025: l\u2019articolo 1, comma 1-ter, del decreto-legge n. 36\/2025 configura queste dichiarazioni<br \/>\ncome dichiarazioni rese ai sensi dell\u2019articolo 4, comma 1-bis, lettera b), della legge 5 febbraio 1992, n. 91.<\/p>\n<p>Sul punto, va notato che le modifiche stabilite dalla legge di bilancio non hanno carattere retroattivo, bens\u00ec vigono dal 1\u00b0 gennaio 2026. Per questa ragione, la gratuit\u00e0<br \/>\nvarr\u00e0 per le sole istanze presentate a partire da tale data, mentre non \u00e8 previsto alcun rimborso per le istanze gi\u00e0 presentate presso codeste Sedi <strong>fino al 31 dicembre 2025<\/strong>.<\/p>\n","protected":false},"excerpt":{"rendered":"Modifica dell\u2019articolo 4, comma 1-bis, lettera b), della Legge n. 91\/1992. Riferimento: Messaggio di questa DGIT, Rep. Fed. 2025-77261, del 07\/07\/2025. Il comma 513 dell\u2019articolo 1 della legge di bilancio per l\u2019anno 2026 (Legge 30 dicembre 2025, n. 199, Bilancio di previsione dello Stato per l&#8217;anno finanziario 2026 e bilancio pluriennale per il triennio 2026-2028), [&hellip;]","protected":false},"author":4,"featured_media":0,"parent":90,"menu_order":0,"comment_status":"closed","ping_status":"closed","template":"","meta":{"footnotes":""},"class_list":["post-2869","page","type-page","status-publish","hentry"],"_links":{"self":[{"href":"https:\/\/ambguatemala.esteri.it\/it\/wp-json\/wp\/v2\/pages\/2869","targetHints":{"allow":["GET"]}}],"collection":[{"href":"https:\/\/ambguatemala.esteri.it\/it\/wp-json\/wp\/v2\/pages"}],"about":[{"href":"https:\/\/ambguatemala.esteri.it\/it\/wp-json\/wp\/v2\/types\/page"}],"author":[{"embeddable":true,"href":"https:\/\/ambguatemala.esteri.it\/it\/wp-json\/wp\/v2\/users\/4"}],"replies":[{"embeddable":true,"href":"https:\/\/ambguatemala.esteri.it\/it\/wp-json\/wp\/v2\/comments?post=2869"}],"version-history":[{"count":1,"href":"https:\/\/ambguatemala.esteri.it\/it\/wp-json\/wp\/v2\/pages\/2869\/revisions"}],"predecessor-version":[{"id":2871,"href":"https:\/\/ambguatemala.esteri.it\/it\/wp-json\/wp\/v2\/pages\/2869\/revisions\/2871"}],"up":[{"embeddable":true,"href":"https:\/\/ambguatemala.esteri.it\/it\/wp-json\/wp\/v2\/pages\/90"}],"wp:attachment":[{"href":"https:\/\/ambguatemala.esteri.it\/it\/wp-json\/wp\/v2\/media?parent=2869"}],"curies":[{"name":"wp","href":"https:\/\/api.w.org\/{rel}","templated":true}]}}