{"id":2971,"date":"2026-04-29T21:02:21","date_gmt":"2026-04-29T19:02:21","guid":{"rendered":"https:\/\/ambguatemala.esteri.it\/?page_id=2971"},"modified":"2026-04-29T21:21:26","modified_gmt":"2026-04-29T19:21:26","slug":"visa-de-residencia-electiva-italiana","status":"publish","type":"page","link":"https:\/\/ambguatemala.esteri.it\/it\/servizi-consolari-e-visti\/servizi-per-il-cittadino-straniero\/visti\/visa-de-residencia-electiva-italiana\/","title":{"rendered":"VISTO per RESIDENZA ELETTIVA"},"content":{"rendered":"<p><strong>VISA de RESIDENCIA ELECTIVA<\/strong><\/p>\n<p>Para obtener informaciones generales sobre esta tipolog\u00eda de VISA visitar la siguiente p\u00e1gina web: <a href=\"https:\/\/vistoperitalia.esteri.it\/\"><strong>https:\/\/vistoperitalia.esteri.it\/<\/strong><\/a><\/p>\n<p><strong>\u00bfPara qu\u00e9 sirve y qui\u00e9n la puede solicitar?<\/strong><\/p>\n<p>\u00c9ste tipo de VISA permite ingresar a Italia a los residentes en Guatemala \/ Honduras, que tienen <strong>medios econ\u00f3micos suficientes<\/strong> para vivir en Italia.<\/p>\n<p>La VISA se puede solicitar con\u00a0<strong>tres meses de antelaci\u00f3n<\/strong>\u00a0a la fecha de inicio del viaje y\u00a0<strong>hasta 15 d\u00edas h\u00e1biles<\/strong>\u00a0antes de la misma fecha, pero recomendamos ponerse en contacto con nosotros con\u00a0<strong>al menos 30 d\u00edas de antelaci\u00f3n<\/strong>.<\/p>\n<p><strong>Tipo de VISA<\/strong>: \u201cD\u201d VISA de larga duraci\u00f3n (mayor de 90 d\u00edas hasta 365 d\u00edas).<\/p>\n<p><strong>REQUISITOS \u2013<\/strong>\u00a0Se deben presentar a la Embajada en el estricto orden abajo indicado (revisar la secci\u00f3n\u00a0<a href=\"https:\/\/ambguatemala.esteri.it\/it\/servizi-consolari-e-visti\/servizi-per-il-cittadino-straniero\/visti-2\/moduli-visti\/\"><strong>Formularios<\/strong><\/a><strong>\u00a0<\/strong>de nuestra p\u00e1gina web):<\/p>\n<ol>\n<li>El\u00a0<a href=\"https:\/\/vistoperitalia.esteri.it\/files\/public\/moduli\/it\/Formulario_Visto_Nazionale.pdf\"><strong>formulario de solicitud<\/strong><\/a> (llenado y firmado) de VISA para ingresar a Italia. En caso de dificultades en llenarlo en l\u00ednea, se puede descargar el documento de la secci\u00f3n <a href=\"https:\/\/ambguatemala.esteri.it\/es\/servizi-consolari-e-visti\/servizi-per-il-cittadino-straniero\/visti-2\/moduli-visti\/\"><strong>Formularios<\/strong><\/a><strong>\u00a0<\/strong>de nuestra p\u00e1gina web);<\/li>\n<li><strong>Una fotograf\u00eda\u00a0<\/strong>(3 cm x 4 cm) reciente a colores con fondo blanco;<\/li>\n<li><strong>Pasaporte vigente y DPI vigente<\/strong>. El pasaporte debe tener una validez m\u00ednima de tres meses despu\u00e9s de la fecha de validez de la visa solicitada y debe tener dos p\u00e1ginas en blanco consecutivas disponibles para la visa;<\/li>\n<li><strong>Factura de servicios<\/strong>, debe presentar una factura actual de agua, internet o electricidad. Es posible que le solicitemos documentos adicionales como comprobante de domicilio;<\/li>\n<li><strong>Garant\u00eda documentada y detallada de ingresos privados sustanciales y estables<\/strong>. Los ingresos deben garantizar una <span style=\"text-decoration: underline;\"><strong>suma m\u00ednima de 2,600 EUROS por mes por persona<\/strong><\/span>, estos deben ser provenientes de fuentes estables y seguras, como pensiones, ingresos por alquiler de propiedades o actividades comerciales. Los ingresos laborales no son elegibles para esta visa. Los solicitantes deben presentar cartas oficiales recientes de bancos, instituciones financieras y consultores, del Seguro Social, instituciones privadas de pensiones. Tenga en cuenta que la Oficina de Visas podr\u00eda solicitar documentaci\u00f3n adicional al solicitante;<\/li>\n<li><strong>Una carta del solicitante <\/strong>donde especifique:\n<ul>\n<li>el motivo de su estancia en Italia;<\/li>\n<li>duraci\u00f3n de la estancia;<\/li>\n<li>lugar de residencia en Italia;<\/li>\n<li>nombre de las personas que acompa\u00f1an al solicitante, como c\u00f3nyuge e hijos (en este caso tambi\u00e9n\u00a0se debe presentar una\u00a0<strong>copia certificada del certificado de matrimonio y\/o certificado de nacimiento de los hijos)<\/strong>;<\/li>\n<\/ul>\n<\/li>\n<li>Documentaci\u00f3n relativa a la vivienda en la ciudad donde residir\u00e1:\n<ul>\n<li>un contrato de alquiler firmado seg\u00fan la normativa italiana de alquileres<br \/>\n<strong>o<\/strong><\/li>\n<li>una escritura de propiedad de un apartamento o casa habitable en Italia y comprobante de registro en la Agencia Tributaria italiana. <u><strong>No se aceptan reservas m\u00faltiples de casas\/hoteles ni ofertas de alojamiento de terceros para este tipo de visado<\/strong><\/u>;<\/li>\n<\/ul>\n<\/li>\n<li>Reserva de billete de ida. Nota: si viaja entre varios pa\u00edses Schengen, es obligatoria la reserva de billetes de viaje que muestren el nombre del pasajero, las fechas y el origen y destino entre cada pa\u00eds.<\/li>\n<\/ol>\n<p>&nbsp;<\/p>\n<p><strong>NOTAS<\/strong>:<\/p>\n<ul>\n<li>Favor contactarnos al correo\u00a0<a href=\"mailto:consolato.guatemala@esteri.it\"><strong>consolato.guatemala@esteri.it<\/strong><\/a>\u00a0para agendar la cita de solicitud de VISA;<\/li>\n<li>La solicitud de VISA deber\u00e1 ser presentada de manera presencial por el interesado, debido a que el tr\u00e1mite es estrictamente personal:\u00a0<strong>\u00e9sta Embajada no ha autorizado a ninguna agencia ni intermediario para los tramites de VISA<\/strong>;<\/li>\n<li>Todos los documentos detallados tendr\u00e1n que ser presentados en original + 1 copia;<\/li>\n<li>Se reciben solicitudes de VISA\u00a0<strong>\u00fanicamente de personas residentes en Guatemala \/ Honduras<\/strong>;<\/li>\n<li>El extranjero titular de una <strong>VISA <\/strong>de <strong>RESIDENCIA ELECTIVA<\/strong> no est\u00e1 autorizado a trabajar ni a buscar empleo bajo ninguna condici\u00f3n;<\/li>\n<li>La <strong>VISA<\/strong> de <strong>RESIDENCIA ELECTIVA<\/strong> tambi\u00e9n se puede expedir al c\u00f3nyuge, hijos menores de edad y mayores de 18 a\u00f1os dependientes que vivan con sus padres, siempre que el solicitante pueda demostrar suficientes recursos econ\u00f3micos para su manutenci\u00f3n. Se requerir\u00e1 un certificado de nacimiento\/matrimonio (original y una fotocopia);<\/li>\n<li>Siendo la VISA una concesi\u00f3n, aun presentando todos los documentos requeridos, la misma puede ser otorgada o rechazada. En este \u00faltimo caso ser\u00e1 entregado el\u00a0<strong>\u201c<em><u>Provvedimento di Diniego<\/u><\/em>\u201d<\/strong>;<\/li>\n<li>Si la VISA es otorgada, el titular de esta\u00a0<strong>deber\u00e1 solicitar dentro de los primeros ocho d\u00edas h\u00e1biles del ingreso a Italia el Permiso de Estad\u00eda\u00a0(\u201c<em>Permesso di Soggiorno<\/em>\u201d)<\/strong>\u00a0ante las Autoridades italianas competentes (\u201c<strong><em>Questura<\/em><\/strong>\u201d) presentando copia de todos los documentos que entreg\u00f3 en la ventanilla en su solicitud de VISA, demostrando de tal forma de cumplir con todos los requisitos solicitados.<\/li>\n<\/ul>\n","protected":false},"excerpt":{"rendered":"VISA de RESIDENCIA ELECTIVA Para obtener informaciones generales sobre esta tipolog\u00eda de VISA visitar la siguiente p\u00e1gina web: https:\/\/vistoperitalia.esteri.it\/ \u00bfPara qu\u00e9 sirve y qui\u00e9n la puede solicitar? \u00c9ste tipo de VISA permite ingresar a Italia a los residentes en Guatemala \/ Honduras, que tienen medios econ\u00f3micos suficientes para vivir en Italia. La VISA se puede [&hellip;]","protected":false},"author":4,"featured_media":0,"parent":89,"menu_order":4,"comment_status":"closed","ping_status":"closed","template":"","meta":{"footnotes":""},"class_list":["post-2971","page","type-page","status-publish","hentry"],"_links":{"self":[{"href":"https:\/\/ambguatemala.esteri.it\/it\/wp-json\/wp\/v2\/pages\/2971","targetHints":{"allow":["GET"]}}],"collection":[{"href":"https:\/\/ambguatemala.esteri.it\/it\/wp-json\/wp\/v2\/pages"}],"about":[{"href":"https:\/\/ambguatemala.esteri.it\/it\/wp-json\/wp\/v2\/types\/page"}],"author":[{"embeddable":true,"href":"https:\/\/ambguatemala.esteri.it\/it\/wp-json\/wp\/v2\/users\/4"}],"replies":[{"embeddable":true,"href":"https:\/\/ambguatemala.esteri.it\/it\/wp-json\/wp\/v2\/comments?post=2971"}],"version-history":[{"count":4,"href":"https:\/\/ambguatemala.esteri.it\/it\/wp-json\/wp\/v2\/pages\/2971\/revisions"}],"predecessor-version":[{"id":2983,"href":"https:\/\/ambguatemala.esteri.it\/it\/wp-json\/wp\/v2\/pages\/2971\/revisions\/2983"}],"up":[{"embeddable":true,"href":"https:\/\/ambguatemala.esteri.it\/it\/wp-json\/wp\/v2\/pages\/89"}],"wp:attachment":[{"href":"https:\/\/ambguatemala.esteri.it\/it\/wp-json\/wp\/v2\/media?parent=2971"}],"curies":[{"name":"wp","href":"https:\/\/api.w.org\/{rel}","templated":true}]}}