{"id":308,"date":"2023-10-26T17:11:58","date_gmt":"2023-10-26T15:11:58","guid":{"rendered":"https:\/\/ambguatemala.esteri.it\/?page_id=308"},"modified":"2023-10-26T17:11:58","modified_gmt":"2023-10-26T15:11:58","slug":"scuole","status":"publish","type":"page","link":"https:\/\/ambguatemala.esteri.it\/it\/italia-e-guatemala\/diplomazia-culturale\/studiare-in-italia\/scuole\/","title":{"rendered":"Scuole"},"content":{"rendered":"<p class=\"boxLevel03\">\n<h2>LE SCUOLE IN ITALIA<\/h2>\n<p>Un elenco completo di <a href=\"http:\/\/www.istruzione.it\/anagrafica_scuole\/statali.shtml\" target=\"_blank\" rel=\"noopener\"><u><b>Scuole Elementari, Medie e dei Licei Italiani<\/b> <b>statali<\/b><\/u> <\/a>\u00e8 costantemente aggiornato dal Ministero dell\u2019Istruzione, dell\u2019Universit\u00e0 e della Ricerca.<\/p>\n<p>Un elenco completo di <a href=\"http:\/\/www.istruzione.it\/anagrafica_scuole\/nonstatali.shtml\" target=\"_blank\" rel=\"noopener\"><u><b>Scuole Elementari, Scuole Medie e dei Licei Italiani<\/b> <b>non<\/b> <b>statali<\/b><\/u> <\/a>\u00e8 consultabile nel sito ufficiale del MIUR.<br \/>\n<u><br \/>\n<\/u>Per ricerche approfondite \u00e8 disponibile anche il motore di ricerca <a href=\"http:\/\/www.alboscuole.it\/albo.asp\" target=\"_blank\" rel=\"noopener\"><b><u>AlboScuole<\/u><\/b><\/a>.<\/p>\n","protected":false},"excerpt":{"rendered":"LE SCUOLE IN ITALIA Un elenco completo di Scuole Elementari, Medie e dei Licei Italiani statali \u00e8 costantemente aggiornato dal Ministero dell\u2019Istruzione, dell\u2019Universit\u00e0 e della Ricerca. Un elenco completo di Scuole Elementari, Scuole Medie e dei Licei Italiani non statali \u00e8 consultabile nel sito ufficiale del MIUR. Per ricerche approfondite \u00e8 disponibile anche il motore [&hellip;]","protected":false},"author":4,"featured_media":0,"parent":99,"menu_order":0,"comment_status":"closed","ping_status":"closed","template":"","meta":{"footnotes":""},"class_list":["post-308","page","type-page","status-publish","hentry"],"_links":{"self":[{"href":"https:\/\/ambguatemala.esteri.it\/it\/wp-json\/wp\/v2\/pages\/308","targetHints":{"allow":["GET"]}}],"collection":[{"href":"https:\/\/ambguatemala.esteri.it\/it\/wp-json\/wp\/v2\/pages"}],"about":[{"href":"https:\/\/ambguatemala.esteri.it\/it\/wp-json\/wp\/v2\/types\/page"}],"author":[{"embeddable":true,"href":"https:\/\/ambguatemala.esteri.it\/it\/wp-json\/wp\/v2\/users\/4"}],"replies":[{"embeddable":true,"href":"https:\/\/ambguatemala.esteri.it\/it\/wp-json\/wp\/v2\/comments?post=308"}],"version-history":[{"count":1,"href":"https:\/\/ambguatemala.esteri.it\/it\/wp-json\/wp\/v2\/pages\/308\/revisions"}],"predecessor-version":[{"id":309,"href":"https:\/\/ambguatemala.esteri.it\/it\/wp-json\/wp\/v2\/pages\/308\/revisions\/309"}],"up":[{"embeddable":true,"href":"https:\/\/ambguatemala.esteri.it\/it\/wp-json\/wp\/v2\/pages\/99"}],"wp:attachment":[{"href":"https:\/\/ambguatemala.esteri.it\/it\/wp-json\/wp\/v2\/media?parent=308"}],"curies":[{"name":"wp","href":"https:\/\/api.w.org\/{rel}","templated":true}]}}