{"id":316,"date":"2023-10-26T17:14:55","date_gmt":"2023-10-26T15:14:55","guid":{"rendered":"https:\/\/ambguatemala.esteri.it\/?page_id=316"},"modified":"2023-10-26T17:14:55","modified_gmt":"2023-10-26T15:14:55","slug":"studi","status":"publish","type":"page","link":"https:\/\/ambguatemala.esteri.it\/it\/italia-e-guatemala\/diplomazia-culturale\/studiare-in-italia\/studi\/","title":{"rendered":"Studi"},"content":{"rendered":"<p class=\"boxLevel03\" style=\"text-align: center;\"><span style=\"text-decoration: underline;\"><strong><span id=\"Testo_pag_int\">STUDI<\/span><\/strong><\/span><\/p>\n<p style=\"text-align: justify;\">L&#8217;Istituto Italiano di Cultura di Citta&#8217; del Guatemala\u00a0(<a href=\"https:\/\/iicguatemala.esteri.it\/iic_guatemala\/it\/\">www.iicguatemala.esteri.it<\/a> ) fornisce informazioni e consulenza per l&#8217;iscrizione a Scuole e Universit\u00e0 in Italia e rilascia le necessarie dichiarazioni di valore per i titoli conseguiti presso Scuole e Universit\u00e0 della circoscrizione consolare perch\u00e9 gli interessati possano ottenere l\u2019equipollenza dei titoli di studio primari e secondari con analoghi titoli italiani, l\u2019iscrizione a scuole ed Universit\u00e0 italiane, il riconoscimento in Italia degli studi universitari e l\u2019assegnazione di borse di studio.<\/p>\n<p>&nbsp;<\/p>\n","protected":false},"excerpt":{"rendered":"STUDI L&#8217;Istituto Italiano di Cultura di Citta&#8217; del Guatemala\u00a0(www.iicguatemala.esteri.it ) fornisce informazioni e consulenza per l&#8217;iscrizione a Scuole e Universit\u00e0 in Italia e rilascia le necessarie dichiarazioni di valore per i titoli conseguiti presso Scuole e Universit\u00e0 della circoscrizione consolare perch\u00e9 gli interessati possano ottenere l\u2019equipollenza dei titoli di studio primari e secondari con analoghi [&hellip;]","protected":false},"author":4,"featured_media":0,"parent":99,"menu_order":4,"comment_status":"closed","ping_status":"closed","template":"","meta":{"footnotes":""},"class_list":["post-316","page","type-page","status-publish","hentry"],"_links":{"self":[{"href":"https:\/\/ambguatemala.esteri.it\/it\/wp-json\/wp\/v2\/pages\/316","targetHints":{"allow":["GET"]}}],"collection":[{"href":"https:\/\/ambguatemala.esteri.it\/it\/wp-json\/wp\/v2\/pages"}],"about":[{"href":"https:\/\/ambguatemala.esteri.it\/it\/wp-json\/wp\/v2\/types\/page"}],"author":[{"embeddable":true,"href":"https:\/\/ambguatemala.esteri.it\/it\/wp-json\/wp\/v2\/users\/4"}],"replies":[{"embeddable":true,"href":"https:\/\/ambguatemala.esteri.it\/it\/wp-json\/wp\/v2\/comments?post=316"}],"version-history":[{"count":1,"href":"https:\/\/ambguatemala.esteri.it\/it\/wp-json\/wp\/v2\/pages\/316\/revisions"}],"predecessor-version":[{"id":317,"href":"https:\/\/ambguatemala.esteri.it\/it\/wp-json\/wp\/v2\/pages\/316\/revisions\/317"}],"up":[{"embeddable":true,"href":"https:\/\/ambguatemala.esteri.it\/it\/wp-json\/wp\/v2\/pages\/99"}],"wp:attachment":[{"href":"https:\/\/ambguatemala.esteri.it\/it\/wp-json\/wp\/v2\/media?parent=316"}],"curies":[{"name":"wp","href":"https:\/\/api.w.org\/{rel}","templated":true}]}}