{"id":336,"date":"2023-10-26T17:53:57","date_gmt":"2023-10-26T15:53:57","guid":{"rendered":"https:\/\/ambguatemala.esteri.it\/?page_id=336"},"modified":"2023-10-26T17:53:57","modified_gmt":"2023-10-26T15:53:57","slug":"link-utili","status":"publish","type":"page","link":"https:\/\/ambguatemala.esteri.it\/it\/servizi-consolari-e-visti\/servizi-per-il-cittadino-italiano\/stato-civile\/anagrafe\/link-utili\/","title":{"rendered":"Link Utili"},"content":{"rendered":"<h2>SVILUPPO ITALIA<\/h2>\n<p>Sviluppo Italia \u00e8 l&#8217;Agenzia nazionale per lo sviluppo d&#8217;impresa e l&#8217;attrazione d\u2019investimento con la missione di promuovere, accelerare e diffondere lo sviluppo produttivo e imprenditoriale nel Paese attraverso tre linee d&#8217;intervento:<\/p>\n<p>&#8211; attrazione d\u2019investimento<\/p>\n<p>&#8211; sviluppo e creazione d&#8217;impresa<\/p>\n<p>&#8211; supporto alla Pubblica Amministrazione.<\/p>\n<p>&nbsp;<\/p>\n<h4>UNIONCAMERE<\/h4>\n<h4>\nUnione italiana delle Camere di Commercio Industria e Artigianato<\/h4>\n<p>L&#8217;Unione cura e rappresenta gli interessi generali delle Camere di Commercio, punto di riferimento per i settori produttivi, sia a livello locale sia nazionale ed internazionale. Inoltre:<\/p>\n<p>\u2022\u00a0promuove, realizza e gestisce, direttamente o per il tramite di proprie aziende speciali, servizi e attivit\u00e0 d&#8217;interesse delle Camere di commercio e delle categorie economiche;<\/p>\n<p>\u2022\u00a0punta a consolidare e sviluppare la collaborazione con la rete delle CCIE;<\/p>\n<p>\u2022\u00a0facilita l&#8217;accesso, con tecnologie all&#8217;avanguardia, a iniziative e programmi comunitari, favorendo accordi internazionali per promuovere l&#8217;Italia nel mondo.<\/p>\n<p>&nbsp;<\/p>\n<h2>ICE<\/h2>\n<p>L&#8217;ICE, Istituto nazionale per il Commercio Estero, \u00e8 l&#8217;Ente pubblico che ha il compito di sviluppare, agevolare e promuovere i rapporti economici e commerciali italiani con l&#8217;estero, con particolare attenzione alle esigenze delle piccole e medie imprese, dei loro consorzi e raggruppamenti.<\/p>\n<p>La rete ICE nel mondo assicura la presenza dell\u2019Istituto in 80 paesi attraverso l\u2019attivit\u00e0 di 81 uffici e 23 punti di corrispondenza, avamposti operativi dislocati anche in aree remote ma di interesse strategico.<\/p>\n<p>Le attivit\u00e0 delle unit\u00e0 operative ICE all\u2019estero sono finalizzate a fornire servizi di assistenza\/consulenza, sviluppare azioni promozionali a favore delle singole imprese e del Sistema Italia, produrre informazioni sul <a href=\"https:\/\/ambguatemala.esteri.it\/paesi\/default.htm\" target=\"_top\" rel=\"noopener\">Paese<\/a>, sulle <a href=\"https:\/\/ambguatemala.esteri.it\/informazioni\/default_4.htm\" target=\"_top\" rel=\"noopener\">opportunit\u00e0 commerciali<\/a>, sulle <a href=\"https:\/\/ambguatemala.esteri.it\/informazioni\/gare.htm\" target=\"_top\" rel=\"noopener\">gare internazionali<\/a>, su investimenti da e per l\u2019Italia.<\/p>\n<p>&nbsp;<\/p>\n<h2>ASSOCAMERESTERO<\/h2>\n<p align=\"justify\">\nAssocamerestero \u00e8 l\u00b4associazione delle Camere di Commercio Italiane nel mondo, nata per valorizzare e sviluppare le attivit\u00e0 delle Camere, diffondendo interesse e conoscenza sulla rete e sulle sue peculiarit\u00e0 presso le istituzioni italiane ed internazionali e presso le organizzazioni imprenditoriali. L&#8217;Associazione:<\/p>\n<p>&#8211; rappresenta le esigenze e le potenzialit\u00e0 di servizio delle CCIE;<\/p>\n<p>&#8211; ricerca collaborazioni ed alleanze strategiche con soggetti ed enti pubblici e privati per favorire la conoscenza e l\u00b4utilizzo della rete delle CCIE;<\/p>\n<p>&#8211; sintetizza le esperienze e il know-how acquisito dai diversi \u201dnodi\u201d;<\/p>\n<p>&#8211; promuove e diffonde programmi e progetti in una logica di rete;<\/p>\n<p>&#8211; promuove e diffonde una aggiornata cultura informatica;<\/p>\n<p>&#8211; svolge azioni di comunicazione verso i media italiani, le istituzioni, le imprese;<\/p>\n<p>&#8211; promuove ed eroga formazione manageriale;<\/p>\n<p>&#8211; assiste i promotori di nuove Camere al\u00b4estero;<\/p>\n<p>&#8211; svolge attivit\u00e0 di networking con gli altri sistemi camerali bi-nazionali europei.<\/p>\n<p align=\"justify\">\n<h2>CONFINDUSTRIA<\/h2>\n<h4>Organizzazione rappresentativa delle imprese manifatturiere di servizi in Italia<\/h4>\n<p>Fondata nel 1910, Confindustria \u00e8 la principale organizzazione rappresentativa delle imprese manifatturiere e di servizi in Italia.<\/p>\n<p>Raggruppa, su base volontaria, pi\u00f9 di 115.000 imprese di tutte le dimensioni per un totale di circa 4.300.000 addetti.<\/p>\n<p>Confindustria, in base al suo statuto, si propone di contribuire, insieme alle istituzioni politiche e alle organizzazioni economiche, sociali e culturali, nazionali ed internazionali, alla crescita economica e al progresso sociale del paese.<\/p>\n<p>&nbsp;<\/p>\n<h1>Altre associazioni di categoria<\/h1>\n<div class=\"sr-only\"><\/div>\n<div>\n<p class=\"boxLevel03\"><img decoding=\"async\" src=\"http:\/\/www.ambpretoria.esteri.it\/Ambasciata_Guatemala\/img\/item01.gif\" alt=\"&gt;&gt;\" \/>\u00a0<a href=\"http:\/\/www.confapi.it\/\" target=\"_blank\" rel=\"noopener\"><strong>Sito web CONFAPI<\/strong><\/a><\/p>\n<p class=\"boxLevel03\"><img decoding=\"async\" src=\"http:\/\/www.ambpretoria.esteri.it\/Ambasciata_Guatemala\/img\/item01.gif\" alt=\"&gt;&gt;\" \/>\u00a0<a href=\"http:\/\/www.confapi.it\/\" target=\"_blank\" rel=\"noopener\"><strong>Sito web Informe<\/strong><\/a><strong>st<\/strong><\/p>\n<p class=\"boxLevel03\"><img decoding=\"async\" src=\"http:\/\/www.ambpretoria.esteri.it\/Ambasciata_Guatemala\/img\/item01.gif\" alt=\"&gt;&gt;\" \/>\u00a0<a href=\"http:\/\/www.formez.it\/\" target=\"_blank\" rel=\"noopener\"><strong>Sito web Formez<\/strong><\/a><\/p>\n<p class=\"boxLevel03\"><img decoding=\"async\" src=\"http:\/\/www.ambpretoria.esteri.it\/Ambasciata_Guatemala\/img\/item01.gif\" alt=\"&gt;&gt;\" \/>\u00a0<a href=\"http:\/\/www.sace.it\/\" target=\"_blank\" rel=\"noopener\"><strong>Sito web Sace<\/strong><\/a><\/p>\n<p class=\"boxLevel03\"><img decoding=\"async\" src=\"http:\/\/www.ambpretoria.esteri.it\/Ambasciata_Guatemala\/img\/item01.gif\" alt=\"&gt;&gt;\" \/>\u00a0<a href=\"http:\/\/www.simest.it\/\" target=\"_blank\" rel=\"noopener\"><strong>Sito web SIMEST<\/strong><\/a><\/p>\n<h4><\/h4>\n<h2>Alcune organizzazioni rappresentative<\/h2>\n<h4>CONFAPI<br \/>\nConfederazione Italiana della Piccola e Media Industria<\/h4>\n<p>La Confapi \u00e8 cresciuta accanto alla piccola impresa italiana ed \u00e8 oggi una realt\u00e0 consolidata che rappresenta\u00a0oltre 50mila aziende con circa un milione di addetti.<\/p>\n<p>Finalit\u00e0 istituzionali della Confapi sono la difesa degli interessi e la valorizzazione dell&#8217;industria italiana di piccola e media dimensione. Le iniziative e i programmi sono svolti con l&#8217;obiettivo di favorire lo sviluppo economico e civile del Paese, in collegamento con le organizzazioni ed istituzioni nazionali ed europee.<\/p>\n<p>La Confederazione svolge il proprio ruolo di rappresentanza e di proposta a favore della piccola e media industria, sostenendo una politica economica nazionale, che faciliti la crescita imprenditoriale.<\/p>\n<p>FORMEZ<br \/>\nCentro di Formazione e Studi<\/p>\n<p>INFORMEST<br \/>\nCentro di Servizi e Documentazione per la Cooperazione Economica Internazionale<\/p>\n<p>SACE<br \/>\nServizi Assicurativi del Commercio Estero<\/p>\n<p>SIMEST<br \/>\nFinanziaria di sviluppo e promozione delle imprese italiane all&#8217;estero<\/p>\n<\/div>\n<p>&nbsp;<\/p>\n<p>&nbsp;<\/p>\n","protected":false},"excerpt":{"rendered":"SVILUPPO ITALIA Sviluppo Italia \u00e8 l&#8217;Agenzia nazionale per lo sviluppo d&#8217;impresa e l&#8217;attrazione d\u2019investimento con la missione di promuovere, accelerare e diffondere lo sviluppo produttivo e imprenditoriale nel Paese attraverso tre linee d&#8217;intervento: &#8211; attrazione d\u2019investimento &#8211; sviluppo e creazione d&#8217;impresa &#8211; supporto alla Pubblica Amministrazione. &nbsp; UNIONCAMERE Unione italiana delle Camere di Commercio Industria [&hellip;]","protected":false},"author":4,"featured_media":0,"parent":285,"menu_order":4,"comment_status":"closed","ping_status":"closed","template":"","meta":{"footnotes":""},"class_list":["post-336","page","type-page","status-publish","hentry"],"_links":{"self":[{"href":"https:\/\/ambguatemala.esteri.it\/it\/wp-json\/wp\/v2\/pages\/336","targetHints":{"allow":["GET"]}}],"collection":[{"href":"https:\/\/ambguatemala.esteri.it\/it\/wp-json\/wp\/v2\/pages"}],"about":[{"href":"https:\/\/ambguatemala.esteri.it\/it\/wp-json\/wp\/v2\/types\/page"}],"author":[{"embeddable":true,"href":"https:\/\/ambguatemala.esteri.it\/it\/wp-json\/wp\/v2\/users\/4"}],"replies":[{"embeddable":true,"href":"https:\/\/ambguatemala.esteri.it\/it\/wp-json\/wp\/v2\/comments?post=336"}],"version-history":[{"count":1,"href":"https:\/\/ambguatemala.esteri.it\/it\/wp-json\/wp\/v2\/pages\/336\/revisions"}],"predecessor-version":[{"id":337,"href":"https:\/\/ambguatemala.esteri.it\/it\/wp-json\/wp\/v2\/pages\/336\/revisions\/337"}],"up":[{"embeddable":true,"href":"https:\/\/ambguatemala.esteri.it\/it\/wp-json\/wp\/v2\/pages\/285"}],"wp:attachment":[{"href":"https:\/\/ambguatemala.esteri.it\/it\/wp-json\/wp\/v2\/media?parent=336"}],"curies":[{"name":"wp","href":"https:\/\/api.w.org\/{rel}","templated":true}]}}