{"id":44,"date":"2023-04-11T18:10:45","date_gmt":"2023-04-11T16:10:45","guid":{"rendered":"https:\/\/ambasciatapraga.esteri.it\/?page_id=44"},"modified":"2023-10-26T19:27:06","modified_gmt":"2023-10-26T17:27:06","slug":"diplomazia-culturale","status":"publish","type":"page","link":"https:\/\/ambguatemala.esteri.it\/it\/italia-e-guatemala\/diplomazia-culturale\/","title":{"rendered":"Diplomazia culturale"},"content":{"rendered":"<p>L&#8217;Istituto Italiano di Cultura in Guatemala e&#8217;\u00a0un ideale luogo di incontro e di dialogo per intellettuali, artisti ed altri operatori culturali, ma anche per i semplici cittadini, sia italiani che guatemaltechi o di terzi Paesi, che vogliano instaurare o mantenere un rapporto con il nostro Paese. Non soltanto come vetrina dell&#8217;Italia e fonte di informazioni aggiornate sul &#8220;Sistema Paese&#8221;, ma anche come centro propulsore di iniziative ed attivit\u00e0 di cooperazione culturale, l&#8217;Istituto Italiano di Cultura diventa punto di riferimento essenziale per le collettivit\u00e0 italiane all&#8217;estero e per la crescente domanda di cultura italiana che si registra in tutto il mondo.<br \/>\nDi supporto all&#8217;attivit\u00e0 gi\u00e0 svolta dall&#8217;Ambasciata, l&#8217;Istituto Italiano di Cultura individua gli strumenti pi\u00f9 idonei per promuovere l&#8217;immagine dell&#8217;Italia quale centro di produzione, conservazione e diffusione culturale dall&#8217;epoca classica sino ai nostri giorni.<br \/>\nIn concreto, oltre all&#8217;organizzazione di eventi culturali in diversi settori (arte, musica, cinema, teatro, danza, moda, design, fotografia), l&#8217;Istituto Italiano di Cultura offre\u00a0l&#8217;opportunit\u00e0 di conoscere la lingua e la cultura italiana, attraverso l&#8217;organizzazione di corsi, la gestione di biblioteche e l&#8217;offerta di materiale didattico ed editoriale; crea\u00a0i contatti ed i presupposti per agevolare l&#8217;integrazione di operatori italiani nei processi di scambio e di produzione culturale a livello internazionale; fornisce\u00a0informazioni e supporto logistico ad operatori culturali pubblici e privati, sia italiani che guatemaltechi; sostiene\u00a0le iniziative che favoriscono il dialogo interculturale fondato sui principi di democrazia e solidariet\u00e0 internazionale.<br \/>\nGuatemala \u00e8 sede di Istituto Italiano di Cultura, ubicato nella 16 Calle 2-55, zona 10 della capitale. L\u2019Istituto ha la finalit\u00e0 di promuovere e diffondere la lingua e la cultura italiana in Guatemala, attraverso la realizzazione di eventi culturali.<br \/>\nL\u2019Istituto pertanto offre i seguenti servizi:<br \/>\n&#8211;\u00a0\u00a0\u00a0\u00a0corsi di lingua e civilt\u00e0 italiana, impartiti da qualificati docenti di madre lingua;<br \/>\n&#8211;\u00a0\u00a0\u00a0\u00a0una sessione annuale di esami per ottenere la certificazione CELI (conoscenza della lingua italiana come lingua straniera dell\u2019Universit\u00e0 per stranieri di Perugia);<br \/>\n&#8211;\u00a0\u00a0\u00a0\u00a0una Biblioteca a disposizione degli alunni e degli iscritti all\u2019Associazione \u201cAmici dell\u2019Istituto\u201d per la consultazione e prestito di libri;<br \/>\n&#8211;\u00a0\u00a0\u00a0\u00a0servizi di informazione e documentazione sull\u2019Italia nel settore culturale;<br \/>\n&#8211;\u00a0\u00a0\u00a0\u00a0assistenza nella ricerca di istituzioni, Universit\u00e0 e scuole per realizzare progetti di studio in Italia;<br \/>\n&#8211;\u00a0\u00a0\u00a0\u00a0assistenza alla preparazione della documentazione per l\u2019iscrizione di cittadini guatemaltechi nelle Universit\u00e0 italiane.<br \/>\nPer tutte le informazioni che concernono gli aspetti culturali dell\u2019Italia e per le iniziative che l\u2019Istituto Italiano di Cultura promuove e realizza in Guatemala, si pu\u00f2 consultare il sito web dell\u2019Istituto: <a href=\"http:\/\/www.iicguatemala.esteri.it\/\">www.iicguatemala.esteri.it<\/a>.<\/p>\n","protected":false},"excerpt":{"rendered":"L&#8217;Istituto Italiano di Cultura in Guatemala e&#8217;\u00a0un ideale luogo di incontro e di dialogo per intellettuali, artisti ed altri operatori culturali, ma anche per i semplici cittadini, sia italiani che guatemaltechi o di terzi Paesi, che vogliano instaurare o mantenere un rapporto con il nostro Paese. Non soltanto come vetrina dell&#8217;Italia e fonte di informazioni [&hellip;]","protected":false},"author":1,"featured_media":0,"parent":14,"menu_order":2,"comment_status":"closed","ping_status":"closed","template":"","meta":{"footnotes":""},"class_list":["post-44","page","type-page","status-publish","hentry"],"_links":{"self":[{"href":"https:\/\/ambguatemala.esteri.it\/it\/wp-json\/wp\/v2\/pages\/44","targetHints":{"allow":["GET"]}}],"collection":[{"href":"https:\/\/ambguatemala.esteri.it\/it\/wp-json\/wp\/v2\/pages"}],"about":[{"href":"https:\/\/ambguatemala.esteri.it\/it\/wp-json\/wp\/v2\/types\/page"}],"author":[{"embeddable":true,"href":"https:\/\/ambguatemala.esteri.it\/it\/wp-json\/wp\/v2\/users\/1"}],"replies":[{"embeddable":true,"href":"https:\/\/ambguatemala.esteri.it\/it\/wp-json\/wp\/v2\/comments?post=44"}],"version-history":[{"count":2,"href":"https:\/\/ambguatemala.esteri.it\/it\/wp-json\/wp\/v2\/pages\/44\/revisions"}],"predecessor-version":[{"id":354,"href":"https:\/\/ambguatemala.esteri.it\/it\/wp-json\/wp\/v2\/pages\/44\/revisions\/354"}],"up":[{"embeddable":true,"href":"https:\/\/ambguatemala.esteri.it\/it\/wp-json\/wp\/v2\/pages\/14"}],"wp:attachment":[{"href":"https:\/\/ambguatemala.esteri.it\/it\/wp-json\/wp\/v2\/media?parent=44"}],"curies":[{"name":"wp","href":"https:\/\/api.w.org\/{rel}","templated":true}]}}