{"id":49,"date":"2023-04-11T18:13:11","date_gmt":"2023-04-11T16:13:11","guid":{"rendered":"https:\/\/ambasciatapraga.esteri.it\/?page_id=49"},"modified":"2026-04-27T22:12:23","modified_gmt":"2026-04-27T20:12:23","slug":"passaporti-e-carte-didentita","status":"publish","type":"page","link":"https:\/\/ambguatemala.esteri.it\/it\/servizi-consolari-e-visti\/servizi-per-il-cittadino-italiano\/passaporti-e-carte-didentita\/","title":{"rendered":"Passaporti e Carte d\u2019identit\u00e0"},"content":{"rendered":"<p><strong><em>Informazioni generali<\/em><\/strong><\/p>\n<p>Il passaporto \u00e8 un documento di viaggio e di riconoscimento che pu\u00f2 essere rilasciato solo a chi \u00e8 gi\u00e0 cittadino italiano.<\/p>\n<p>In Italia il suo rilascio \u00e8 di competenza delle Questure. All&#8217;estero \u00e8 di competenza dell&#8217;Autorit\u00e0 Consolare.<\/p>\n<p>Per i connazionali residenti in Guatemala e Honduras l\u2019unico ufficio abilitato al rilascio dei passaporti \u00e8 la Cancelleria consolare dell\u2019Ambasciata d\u2019Italia in Guatemala.<\/p>\n<p>Il <strong>costo<\/strong> del passaporto \u00e8 di 116 Euro (da pagare in Quetzales secondo il cambio applicabile).<\/p>\n<p><strong>I cittadini residenti in<\/strong> <strong>Honduras<\/strong> dovranno contattare il Consolato Generale Onorario in Tegucigalpa o il Consolato Onorario in San Pedro Sula al seguente indirizzo email: <a href=\"mailto:sanpedrosula.onorario@esteri.it\">sanpedrosula.onorario@esteri.it<\/a><\/p>\n<p><strong>Per la rilevazione delle impronte digitali<\/strong> \u00e8 richiesta la presenza fisica dell\u2019interessato presso la Cancelleria Consolare dell\u2019Ambasciata d\u2019Italia a Citt\u00e0 del Guatemala o presso il Consolato Onorario in San Pedro Sula. Non \u00e8 pi\u00f9 prevista la possibilit\u00e0 di rinnovo del passaporto. In caso di scadenza, esaurimento delle pagine disponibili per l\u2019apposizione di visti e timbri, furto o smarrimento \u00e8 necessario richiedere l\u2019emissione di un nuovo passaporto.<\/p>\n<hr \/>\n<p>&nbsp;<\/p>\n<p><strong><em>Procedura per il rilascio del passaporto<\/em><\/strong><\/p>\n<p><strong>Per poter richiedere il rilascio del passaporto \u00e8 necessario essere regolarmente iscritti in AIRE, aver aggiornato il proprio indirizzo di residenza ed essere in regola con la trascrizione degli atti di stato civile (matrimoni, divorzi, morti, nascite di figli). \u00c8 possibile effettuare l\u2019aggiornamento tramite il portale <\/strong><a href=\"https:\/\/serviziconsolari.esteri.it\/home\"><strong>FAST-IT<\/strong><\/a><strong>.<\/strong><\/p>\n<p>Tutti gli appuntamenti per i <strong>PASSAPORTI<\/strong> presso la nostra sede consolare da parte dei cittadini italiani residenti in <strong>GUATEMALA<\/strong> saranno gestiti <strong>ESCLUSIVAMENTE<\/strong> mediante il portale <a href=\"https:\/\/prenotami.esteri.it\"><strong>Prenot@Mi<\/strong><\/a>.<\/p>\n<p>Gli appuntamenti per i <strong>PASSAPORTI<\/strong> degli italiani residenti in <strong>HONDURAS<\/strong> saranno gestiti <strong>ESCLUSIVAMENTE<\/strong> tramite il Consolato Onorario di San Pedro Sula all\u2019email <a href=\"mailto:sanpedrosula.onorario@esteri.it\">sanpedrosula.onorario@esteri.it<\/a><strong>.<\/strong><\/p>\n<p>Per le altre richieste (es. <strong>VISTI<\/strong> e <strong>CITTADINANZA<\/strong>), continua ad essere valida l\u2019email <a href=\"mailto:consolato.guatemala@esteri.it\">consolato.guatemala@esteri.it<\/a><strong>.<\/strong><\/p>\n<p><strong>Il giorno dell\u2019appuntamento \u00e8 necessario presentare allo sportello la seguente documentazione:<\/strong><\/p>\n<ul>\n<li>modulo compilato e firmato per <a href=\"https:\/\/ambguatemala.esteri.it\/wp-content\/uploads\/2025\/07\/RICHIESTA-DI-PASSAPORTO-PER-MAGGIORENNI.pdf\"><strong>MAGGIORENNI<\/strong><\/a> e\/o per<strong> <a href=\"https:\/\/ambguatemala.esteri.it\/wp-content\/uploads\/2025\/07\/RICHIESTA-DI-PASSAPORTO-PER-MINORI-1.pdf\">MINORENNI<\/a><\/strong><\/li>\n<li>1 fotografia formato passaporto (fondo bianco) se di et\u00e0 inferiore ai 7 anni (se di et\u00e0 superiore ai 7 anni abbiamo un apparecchio fotografico, non si deve portare la foto)<\/li>\n<li>passaporto guatemalteco valido per i minori<\/li>\n<li>dpi o un altro documento d\u2019identit\u00e0 valido per i maggiorenni<\/li>\n<li>ricevuta di pagamento originale o la copia fisica<\/li>\n<li>eventuale passaporto italiano precedente<\/li>\n<\/ul>\n<p><strong>si ricorda inoltre:<\/strong><\/p>\n<ul>\n<li>presenza obbligatoria di entrambi i genitori del minore con documento d&#8217;identit\u00e0 valido<\/li>\n<li>i minori devono essere presenti all&#8217;appuntamento<\/li>\n<li>non si accetteranno pagamenti in contanti<\/li>\n<li>in caso di furto o smarrimento del passaporto, presentare la denuncia sporta presso le locali autorit\u00e0\u00a0di polizia<\/li>\n<\/ul>\n<hr \/>\n<p>&nbsp;<\/p>\n<p><strong><em>Passaporto per minori<\/em><\/strong><\/p>\n<p>Tutti i minori devono essere in possesso di passaporto individuale e, ai fini del rilascio, \u00e8 necessario l\u2019assenso di entrambi genitori. La validit\u00e0 temporale del passaporto in questi casi \u00e8 differenziata in base all&#8217;et\u00e0:<\/p>\n<ul>\n<li>tre anni di validit\u00e0 per i minori da 0 a 3 anni<\/li>\n<li>cinque anni di validit\u00e0 per i minori da 3 a 18 anni<\/li>\n<\/ul>\n<p>Solo dal compimento dei 12 anni di et\u00e0 \u00e8 necessario acquisire le impronte e la firma digitalizzata del richiedente.<\/p>\n<p>N.B. Prima di intraprendere un viaggio, si suggerisce di contattare sempre le Rappresentanze Diplomatiche dei Paesi di destinazione, al fine di verificarne le formalit\u00e0 richieste per l\u2019ingresso.<\/p>\n<p>Per il rilascio di passaporti a minori di anni 18, \u00e8 sempre necessaria la presenza personale del minorenne per il quale si richiede il passaporto.<\/p>\n<hr \/>\n<p>&nbsp;<\/p>\n<p><strong><em>Dichiarazione di accompagnamento di minore<\/em><\/strong><\/p>\n<p>Fino al compimento dei 14 anni i minori italiani possono espatriare a condizione che viaggino accompagnati da almeno un genitore o da chi ne fa le veci, oppure che venga menzionato sul passaporto, o su una dichiarazione di accompagnamento (<a href=\"https:\/\/ambguatemala.esteri.it\/wp-content\/uploads\/2025\/07\/Attestazione-dichiarazione-accompagnamento-figli-minori.doc\">scarica modello dichiarazione di accompagnamento<\/a>) rilasciata da chi pu\u00f2 dare l\u2019assenso o l\u2019autorizzazione ai sensi dell\u2019articolo 3, lettera a) della legge 21 novembre 1967, n. 1185, &#8211; vistata da un\u2019Autorit\u00e0 competente al rilascio (Questura in Italia, Ufficio consolare all\u2019estero) &#8211; il nome della persona, dell\u2019ente o della compagnia di trasporto a cui i minori medesimi sono affidati.<\/p>\n<p>Considerare quanto segue:<\/p>\n<ul>\n<li>la dichiarazione di accompagnamento pu\u00f2 riguardare un solo viaggio (da intendersi come andata e\/o ritorno) dal Paese di residenza del minore con destinazione determinata e non pu\u00f2 eccedere, di norma, il termine massimo di sei mesi;<\/li>\n<li>gli esercenti la responsabilit\u00e0 genitoriale o tutoria possono indicare fino ad un massimo di due accompagnatori, che saranno tuttavia alternativi fra di loro;<\/li>\n<li>nel rendere la dichiarazione di accompagnamento, gli esercenti la responsabilit\u00e0 genitoriale o tutoria possono chiedere che i nominativi degli accompagnatori, la durata del viaggio e la destinazione siano stampati sul passaporto del minore o in alternativa che tali dati siano riportati in una separata attestazione, che verr\u00e0 stampata dall\u2019Ufficio competente;<\/li>\n<li>nel caso in cui il minore sia affidato ad un ente o ad una compagnia di trasporto, per garantire la completezza e la leggibilit\u00e0 dei dati relativi al viaggio, \u00e8 rilasciata unicamente l\u2019attestazione. Si suggerisce, prima di acquistare il biglietto della compagnia di trasporto di verificare che la stessa accetti che il minore sia ad essa affidato.<\/li>\n<\/ul>\n<hr \/>\n<p>&nbsp;<\/p>\n<p><strong><em>Procedure per il rilascio del passaporto di urgenza<\/em><\/strong><\/p>\n<p>Nei casi di comprovata urgenza, che sar\u00e0 comunque validata dal responsabile dell\u2019Ufficio, il cittadino italiano iscritto all\u2019AIRE nella circoscrizione Consolare di Guatemala pu\u00f2 richiedere il passaporto recandosi in Consolato\u00a0con appuntamento con i documenti necessari.<\/p>\n<p>Chi richiede un passaporto di emergenza dovr\u00e0 pagare, oltre al normale costo del passaporto, anche i diritti d&#8217;urgenza. Consultare le Tariffe Consolari per conoscere l\u2019importo aggiornato.<\/p>\n<p>L&#8217;urgenza deve essere giustificata da:<\/p>\n<ol>\n<li><strong>gravi motivi familiari<\/strong> o di <strong>salute<\/strong>, certificati da strutture o autorit\u00e0 competenti. Inoltre, il richiedente dovr\u00e0 presentare allo sportello la prenotazione del volo o altro titolo di viaggio;<\/li>\n<li><strong>improrogabili necessit\u00e0 di lavoro<\/strong>, comprovate da una richiesta motivata e firmata da chi ricopre incarichi dirigenziali (completa di nominativo, ruolo e numero di telefono di chi firma) e redatta su carta intestata del datore di lavoro. Inoltre il richiedente dovr\u00e0 presentare allo sportello la prenotazione del volo o altro titolo di viaggio.<\/li>\n<\/ol>\n<p>Si ricorda che i benefici della procedura d&#8217;urgenza per motivi di lavoro NON potranno in alcun modo essere estesi anche ai familiari del titolare.<\/p>\n<hr \/>\n<p>&nbsp;<\/p>\n<p><em><strong>Cittadini non residenti &#8211;\u00a0<\/strong><strong>EMERGENCY TRAVEL DOCUMENT (ETD)<\/strong><\/em><\/p>\n<p>In caso di furto o smarrimento del passaporto, al <strong>connazionale<\/strong>, <strong>residente in Italia o in altro Paese<\/strong>, in situazione di emergenza e per il quale non si faccia in tempo ad esperire la necessaria istruttoria per l\u2019emissione di un nuovo passaporto (richiesta di Nulla Osta e Delega all&#8217;Autorit\u00e0 di residenza del connazionale), potr\u00e0 essere rilasciato un documento di viaggio provvisorio (Emergency Travel Document) valido solamente per il viaggio di rientro in Italia, nel Paese di stabile residenza all\u2019estero o, in casi eccezionali, per una diversa destinazione.<\/p>\n<p><strong>N.B. L&#8217;ETD non \u00e8 valido per l&#8217;ingresso e\/o il transito negli USA.<\/strong><\/p>\n<p>L\u2019interessato, su appuntamento, dovr\u00e0 presentarsi al Consolato munito di:<\/p>\n<ul>\n<li>eventuale documento di riconoscimento (o copia)<\/li>\n<li>denuncia di furto o smarrimento del passaporto resa presso le locali Autorit\u00e0 di Polizia<\/li>\n<li>2 fotografie formato tessera (35&#215;45 mm) NON digitali, a colori, su fondo bianco, espressione neutra e la bocca chiusa<\/li>\n<li>fotocopia del titolo di viaggio per il rientro<\/li>\n<\/ul>\n","protected":false},"excerpt":{"rendered":"Informazioni generali Il passaporto \u00e8 un documento di viaggio e di riconoscimento che pu\u00f2 essere rilasciato solo a chi \u00e8 gi\u00e0 cittadino italiano. In Italia il suo rilascio \u00e8 di competenza delle Questure. All&#8217;estero \u00e8 di competenza dell&#8217;Autorit\u00e0 Consolare. Per i connazionali residenti in Guatemala e Honduras l\u2019unico ufficio abilitato al rilascio dei passaporti \u00e8 [&hellip;]","protected":false},"author":1,"featured_media":0,"parent":47,"menu_order":0,"comment_status":"closed","ping_status":"closed","template":"","meta":{"footnotes":""},"class_list":["post-49","page","type-page","status-publish","hentry"],"_links":{"self":[{"href":"https:\/\/ambguatemala.esteri.it\/it\/wp-json\/wp\/v2\/pages\/49","targetHints":{"allow":["GET"]}}],"collection":[{"href":"https:\/\/ambguatemala.esteri.it\/it\/wp-json\/wp\/v2\/pages"}],"about":[{"href":"https:\/\/ambguatemala.esteri.it\/it\/wp-json\/wp\/v2\/types\/page"}],"author":[{"embeddable":true,"href":"https:\/\/ambguatemala.esteri.it\/it\/wp-json\/wp\/v2\/users\/1"}],"replies":[{"embeddable":true,"href":"https:\/\/ambguatemala.esteri.it\/it\/wp-json\/wp\/v2\/comments?post=49"}],"version-history":[{"count":6,"href":"https:\/\/ambguatemala.esteri.it\/it\/wp-json\/wp\/v2\/pages\/49\/revisions"}],"predecessor-version":[{"id":2954,"href":"https:\/\/ambguatemala.esteri.it\/it\/wp-json\/wp\/v2\/pages\/49\/revisions\/2954"}],"up":[{"embeddable":true,"href":"https:\/\/ambguatemala.esteri.it\/it\/wp-json\/wp\/v2\/pages\/47"}],"wp:attachment":[{"href":"https:\/\/ambguatemala.esteri.it\/it\/wp-json\/wp\/v2\/media?parent=49"}],"curies":[{"name":"wp","href":"https:\/\/api.w.org\/{rel}","templated":true}]}}