{"id":90,"date":"2023-04-11T18:22:23","date_gmt":"2023-04-11T16:22:23","guid":{"rendered":"https:\/\/ambasciatapraga.esteri.it\/?page_id=90"},"modified":"2026-02-26T22:42:56","modified_gmt":"2026-02-26T21:42:56","slug":"cittadinanza","status":"publish","type":"page","link":"https:\/\/ambguatemala.esteri.it\/it\/servizi-consolari-e-visti\/servizi-per-il-cittadino-straniero\/cittadinanza\/","title":{"rendered":"Cittadinanza"},"content":{"rendered":"<h1 class=\"boxLevel03\" style=\"text-align: center;\"><span style=\"text-decoration: underline;\"><strong>CITTADINANZA<\/strong><\/span><\/h1>\n<p style=\"text-align: center;\"><span style=\"text-decoration: underline;\"><strong>CITTADINANZA PER DISCENDENZA (JURE SANGUINIS)<\/strong><\/span><\/p>\n<p>Il <strong>Decreto Legge n. 36\/2025<\/strong> del 28 marzo 2025, la cui conversione \u00e8 stata approvata dalla Camera dei Deputati il \u200b\u200b20 maggio 2025, ha introdotto <strong>modifiche significative<\/strong> ai requisiti per l&#8217;ottenimento della cittadinanza italiana per discendenza (<strong>jure sanguinis<\/strong>).<\/p>\n<p>Se sei nato all&#8217;estero, prima o dopo la data di entrata in vigore della legge, per essere riconosciuto come cittadino italiano devi soddisfare uno dei seguenti requisiti:<\/p>\n<ul>\n<li>Il <strong>padre<\/strong> o <strong>nonno<\/strong> che era cittadino italiano o che <strong>possedeva solo la cittadinanza italiana<\/strong> al momento del decesso.<\/li>\n<li>Un <strong>genitore<\/strong> o un <strong>genitore adottivo<\/strong> che ha <strong>risieduto in Italia<\/strong> per <strong>due anni consecutivi<\/strong> dopo l&#8217;acquisizione della cittadinanza italiana e prima della tua data di nascita o adozione.<\/li>\n<li>La <strong>domanda<\/strong> di cittadinanza \u00e8 stata presentata all&#8217;ufficio consolare competente, al comune italiano o a un tribunale, oppure il richiedente ha ricevuto la notifica di un appuntamento per presentare la domanda <strong>entro le 23:59 (ora di Roma) del 27 marzo 2025<\/strong>.<\/li>\n<\/ul>\n<h2 class=\"entry-title h3\" style=\"text-align: center;\"><a href=\"https:\/\/ambguatemala.esteri.it\/it\/servizi-consolari-e-visti\/servizi-per-il-cittadino-straniero\/cittadinanza\/modifica-dellarticolo-4-comma-1-bis-lettera-b-della-legge-n-91-1992\/\">Modifica dell\u2019articolo 4, comma 1-bis, lettera b), della Legge n. 91\/1992.<\/a><\/h2>\n<p>&nbsp;<\/p>\n<h3 style=\"text-align: left;\">Per maggiori informazioni, visitare <a href=\"https:\/\/www.esteri.it\/it\/servizi-consolari-e-visti\/italiani-all-estero\/cittadinanza\/\">questa pagina<\/a><\/h3>\n<p>&nbsp;<\/p>\n<p>\u00c8 necessario fissare un appuntamento inviando un&#8217;e-mail a <a href=\"mailto:consolato.guatemala@esteri.it\">consolato.guatemala@esteri.it<\/a><\/p>\n<p><strong>Requisiti:<\/strong><\/p>\n<ul>\n<li>Domanda di riconoscimento della cittadinanza italiana &#8220;jure sanguinis&#8221; (<a href=\"https:\/\/ambguatemala.esteri.it\/wp-content\/uploads\/2025\/10\/istanza_cittadinanza_jure_sanguinis-2.doc\">link al modulo<\/a>) (deve essere compilata e firmata personalmente da ciascun richiedente maggiorenne);<\/li>\n<li>Copia di un documento comprovante l&#8217;indirizzo di residenza (bolletta di un&#8217;utenza, bolletta telefonica, ecc.);<\/li>\n<li>Copia del documento di identit\u00e0 del richiedente e dell&#8217;eventuale coniuge.<\/li>\n<\/ul>\n<p>Inoltre, \u00e8 necessario presentare la seguente documentazione:<\/p>\n<ul>\n<li>Certificato di nascita originale recente dell&#8217;avo emigrato all&#8217;estero, rilasciato dal comune italiano di nascita, che indichi paternit\u00e0 e maternit\u00e0. Se il certificato di nascita pu\u00f2 essere ottenuto solo tramite la Chiesa, deve essere legalizzato dalla Curia Vescovile;<\/li>\n<li>Certificato di matrimonio, certificato di divorzio (se applicabile) e certificato di morte relativi all&#8217;avo di cui sopra (in originale, legalizzati\/apostillati e con la relativa traduzione);<\/li>\n<li>Certificato del Ministero degli Affari Esteri, attestante che l&#8217;avo italiano emigrato non ha acquisito la cittadinanza nel\/nei Paese\/i estero\/i di emigrazione.<\/li>\n<\/ul>\n<p>Il\/I certificato\/i di cui sopra devono contenere i dati dell&#8217;ascendente indicato nell&#8217;estratto di nascita e tutti gli eventuali nomi e cognomi diversi con cui la persona \u00e8 stata identificata in atti formati all&#8217;estero (relativi a matrimoni, nascita di figli, decesso);<\/p>\n<p>&nbsp;<\/p>\n<p><strong>DI OGNUNO DEI DISCENDENTI IN LINEA RETTA<\/strong>:<br \/>\n\u2022 &#8220;certificado literal&#8221; di nascita, matrimonio, eventuale divorzio e\u00a0atto di morte (legalizzati\/apostillati e relative traduzioni) relativi a tutti i discendenti sino al\/la richiedente;<br \/>\n\u2022 albero genealogico<br \/>\n\u2022 ascendente emigrato dall\u2019Italia: padre\/madre (<a href=\"https:\/\/ambguatemala.esteri.it\/wp-content\/uploads\/2025\/01\/Albero-Genealogico-Padre.pdf\">Link albero genealogico <\/a>);<br \/>\n\u2022 ascendente emigrato dall\u2019Italia: nonno\/a (<a href=\"https:\/\/ambguatemala.esteri.it\/wp-content\/uploads\/2025\/01\/Albero-Genealogico-Nonno.pdf\">Link albero genealogico <\/a>);<\/p>\n<p>&nbsp;<\/p>\n<h3 style=\"text-align: center;\"><span style=\"text-decoration: underline;\"><strong>CITTADINANZA PER MATRIMONIO<\/strong><\/span><\/h3>\n<p>Il coniuge straniero di un\/a cittadino\/a italiano\/a pu\u00f2 presentare istanza di acquisto di cittadinanza italiana, se risiede all\u2019estero, dopo tre anni dal matrimonio. \u00c8 indispensabile che il matrimonio sia gi\u00e0 trascritto presso il Comune italiano di residenza. Questo periodo si dimezza in presenza di figli minori (ai sensi degli art. 5 e 7 &#8211; Legge n. 91 del 5 febbraio 1992 e Legge n.94 del 15.7.2009).<\/p>\n<p><strong>Requisiti richiesti<\/strong>:<br \/>\n&#8211; Il coniuge italiano deve essere regolarmente iscritto all\u2019Aire;<br \/>\n&#8211; La coppia deve essere residente nella circoscrizione consolare del Guatemala o dell\u2019Honduras;<br \/>\n&#8211; Il matrimonio deve essere gi\u00e0 registrato presso il Comune italiano di riferimento;<br \/>\n&#8211; Il vincolo matrimoniale deve essere ancora sussistente (cio\u00e8 non deve essere intervenuta la morte di alcuno dei coniugi, n\u00e9 lo scioglimento, l\u2019annullamento o la cessazione degli effetti civili del matrimonio e non deve sussistere separazione personale tra i coniugi);<br \/>\n&#8211; Conoscenza della lingua italiana non inferiore al livello B1 del QCER.<\/p>\n<p>Occorre presentare la domanda di cittadinanza italiana per matrimonio <strong>ESCLUSIVAMENTE OnLine<\/strong>.<br \/>\n<strong>NB<\/strong>: si fa presente che il sito, curato dal Dipartimento per le Libert\u00e0 Civili e l\u2019Immigrazione del Ministero dell\u2019Interno, \u00e8 esclusivamente in italiano. Questa Ambasciata non potr\u00e0 fornire traduzioni n\u00e9 aiuto nella compilazione della domanda.<\/p>\n<p><strong>COSA DEVE FARE IL RICHIEDENTE:<\/strong><br \/>\nProdurre la seguente documentazione:<br \/>\n&#8211; Atto integrale di matrimonio in originale rilasciato dal Comune italiano di riferimento del coniuge;<br \/>\n&#8211; Atto di nascita in originale, rilasciato e legalizzato dal Renap, apostillato dal Ministerio de Relaciones Exteriores, con traduzione conforme in italiano. La firma del traduttore giurato dovr\u00e0 essere legalizzata\u00a0o dal Ministerio de Educaci\u00f3n e successivamente apostillata dal Ministerio de Relaciones Exteriores.<br \/>\n&#8211; Certificato penale in originale, rilasciato dall\u2019Autorit\u00e0 del Paese di origine e dalle Autorit\u00e0 di tutti i Paesi dove il richiedente ha vissuto dai 14 anni di et\u00e0. Tale certificato, che ha una validit\u00e0 di 6 mesi dalla data di emissione, deve essere munito di legalizzazione\/Apostille e traduzione conforme in italiano.<br \/>\nSe si \u00e8 risieduto in un altro Paese (o Paesi) si dovr\u00e0 presentare il documento corrispondente al certificato penale del Paese (o dei Paesi), in originale con Apostille e traduzione conforme in italiano (secondo le istruzioni del competente Consolato italiano);<br \/>\n&#8211; Titolo di studio rilasciato da un istituto di istruzione pubblico o paritario riconosciuto dal Ministero dell\u2019istruzione, dell\u2019universit\u00e0 e della ricerca e dal Ministero degli affari esteri e della cooperazione internazionale o dal Ministero dell\u2019istruzione, dell\u2019universit\u00e0 e della ricerca, ovvero apposita certificazione rilasciata da un ente certificatore riconosciuto dal Ministero dell\u2019istruzione, dell\u2019universit\u00e0 e della ricerca e dal Ministero degli affari esteri e della cooperazione internazionale o dal Ministero dell\u2019istruzione, dell\u2019universit\u00e0 e della ricerca.<br \/>\nEnti certificatori sono al momento:<br \/>\n\u2022 Universita&#8217; per Stranieri di Siena;<br \/>\n\u2022 Universita&#8217; per Stranieri di Perugia (in convenzione con l&#8217;Istituto Italiano di Cultura);<br \/>\n\u2022 Universita&#8217; \u201cRoma Tre\u201d;<br \/>\n\u2022 Societa&#8217; Dante Alighieri<br \/>\n&#8211; Ricevuta di versamento di 250 Euro sul conto corrente del Ministero dell\u2019Interno.<br \/>\nIl versamento deve essere effettuato mediante bonifico estero sul conto corrente postale intestato a:<br \/>\nMINISTERO DELL&#8217;INTERNO D.L.C.I. &#8211; CITTADINANZA<br \/>\nNome della banca: Poste Italiane<br \/>\ncodice IBAN: IT54D0760103200000000809020<br \/>\ncodice BIC\/SWIFT delle Poste Italiane per bonifico estero: BPPIITRRXXX<br \/>\ncodice BIC\/SWIFT per operazioni Eurogiro: PIBPITRA<br \/>\nN. conto: 809020<\/p>\n<p>Alcune Banche chiedono l\u2019indirizzo, in questo caso \u00e8 possibile indicare Roma.<br \/>\nIndicare la causale del bonifico bancario (nome e cognome completo dell\u2019istante &#8211; Richiesta cittadinanza per matrimonio);<br \/>\n&#8211; Documento di riconoscimento (passaporto e\/o documento di identit\u00e0 guatemalteco\/honduregno in corso di validit\u00e0;<br \/>\n&#8211; Ricevuta di un servizio (luce, telefono) che attesti l\u2019appartenenza alla circoscrizione consolare di Guatemala.<\/p>\n<p>Una volta completati i documenti:<br \/>\na) Accedere al sito del Ministero dell\u2019Interno <a href=\"https:\/\/portaleservizi.dlci.interno.it\/AliCittadinanza\/ali\/home.htm\">https:\/\/portaleservizi.dlci.interno.it\/AliCittadinanza\/ali\/home.htm<\/a> e registrarsi. LA REGISTRAZIONE E\u2019 GRATUITA;<br \/>\nb) Compilare tutti i campi previsti\u00a0(Nel modulo di registrazione vanno inseriti Cognome \u2013 Nome \u2013 Data di nascita presenti sull\u2019atto di nascita. Per le donne, non vanno inseriti i cognomi da sposata ma quelli da nubile);<br \/>\nc) seguire le istruzioni e finalizzare la domanda inserendo i documenti richiesti.<\/p>\n<p>La domanda potr\u00e0 essere:<br \/>\n1) Rifiutata<br \/>\n2) Accettata.<\/p>\n<p>Il richiedente verr\u00e0 quindi convocato, tramite mail, presso l\u2019ufficio consolare per presentare la domanda cartacea e i documenti in originale, che verranno trattenuti dall\u2019Ufficio.<br \/>\nSuccessivamente alla presentazione della documentazione in originale presso l\u2019Ufficio Cittadinanza la pratica sar\u00e0 di esclusiva competenza del Ministero dell\u2019Interno.<br \/>\nL\u2019interessato potr\u00e0 verificare personalmente lo stato della pratica inserendo nel sito del Ministero dell\u2019Interno il numero di pratica e le informazioni richieste dal sistema.<br \/>\nATTENZIONE: tutte le comunicazioni relative al procedimento verranno inviate tramite l\u2019indirizzo di posta elettronica utilizzato per la registrazione. Si raccomanda pertanto di non modificarlo e di controllarlo periodicamente.<\/p>\n","protected":false},"excerpt":{"rendered":"CITTADINANZA CITTADINANZA PER DISCENDENZA (JURE SANGUINIS) Il Decreto Legge n. 36\/2025 del 28 marzo 2025, la cui conversione \u00e8 stata approvata dalla Camera dei Deputati il \u200b\u200b20 maggio 2025, ha introdotto modifiche significative ai requisiti per l&#8217;ottenimento della cittadinanza italiana per discendenza (jure sanguinis). Se sei nato all&#8217;estero, prima o dopo la data di entrata [&hellip;]","protected":false},"author":1,"featured_media":0,"parent":48,"menu_order":2,"comment_status":"closed","ping_status":"closed","template":"","meta":{"footnotes":""},"class_list":["post-90","page","type-page","status-publish","hentry"],"_links":{"self":[{"href":"https:\/\/ambguatemala.esteri.it\/it\/wp-json\/wp\/v2\/pages\/90","targetHints":{"allow":["GET"]}}],"collection":[{"href":"https:\/\/ambguatemala.esteri.it\/it\/wp-json\/wp\/v2\/pages"}],"about":[{"href":"https:\/\/ambguatemala.esteri.it\/it\/wp-json\/wp\/v2\/types\/page"}],"author":[{"embeddable":true,"href":"https:\/\/ambguatemala.esteri.it\/it\/wp-json\/wp\/v2\/users\/1"}],"replies":[{"embeddable":true,"href":"https:\/\/ambguatemala.esteri.it\/it\/wp-json\/wp\/v2\/comments?post=90"}],"version-history":[{"count":6,"href":"https:\/\/ambguatemala.esteri.it\/it\/wp-json\/wp\/v2\/pages\/90\/revisions"}],"predecessor-version":[{"id":2877,"href":"https:\/\/ambguatemala.esteri.it\/it\/wp-json\/wp\/v2\/pages\/90\/revisions\/2877"}],"up":[{"embeddable":true,"href":"https:\/\/ambguatemala.esteri.it\/it\/wp-json\/wp\/v2\/pages\/48"}],"wp:attachment":[{"href":"https:\/\/ambguatemala.esteri.it\/it\/wp-json\/wp\/v2\/media?parent=90"}],"curies":[{"name":"wp","href":"https:\/\/api.w.org\/{rel}","templated":true}]}}